
{"id":944,"date":"2023-03-30T13:18:32","date_gmt":"2023-03-30T13:18:32","guid":{"rendered":"https:\/\/dev.iibanks.com\/westafrica\/?page_id=944"},"modified":"2025-01-28T11:03:43","modified_gmt":"2025-01-28T11:03:43","slug":"garantias-e-avales","status":"publish","type":"page","link":"https:\/\/dev.iibanks.com\/westafrica\/pt\/empresas\/garantias-e-avales\/","title":{"rendered":"Garantias e Avales"},"content":{"rendered":"<div class=\"wpb-content-wrapper\"><p>[vc_section full_width=&#8221;stretch_row_content&#8221; el_class=&#8221;image-banner-with-text bottom-203-banner-text&#8221; css=&#8221;.vc_custom_1665060976256{padding-top: 0px !important;padding-bottom: 0px !important;}&#8221;][vc_row tm_bgimagefixed=&#8221;&#8221; full_width=&#8221;stretch_row_content_no_spaces&#8221;][vc_column][vc_row_inner][vc_column_inner css=&#8221;.vc_custom_1659424244579{padding-left: 0px !important;}&#8221;][vc_single_image image=&#8221;878&#8243; img_size=&#8221;full&#8221; alignment=&#8221;center&#8221; css=&#8221;.vc_custom_1680159239800{margin-bottom: 0px !important;}&#8221;][vc_column_text el_class=&#8221;white-text banner-heading banner-text-box banner-caption-btn-135px&#8221; css=&#8221;.vc_custom_1680511875239{margin-bottom: 0px !important;padding-top: 15px !important;padding-bottom: 15px !important;background-color: rgba(10,10,10,0.35) !important;*background-color: rgb(10,10,10) !important;}&#8221;]<\/p>\n<p style=\"text-align: right;\">garantias e avales<\/p>\n<p>[\/vc_column_text][\/vc_column_inner][\/vc_row_inner][\/vc_column][\/vc_row][\/vc_section][vc_section css=&#8221;.vc_custom_1737037982657{padding-top: 65px !important;padding-bottom: 65px !important;}&#8221; el_class=&#8221;our-purpose-text-box ouroW&#8221;][vc_row tm_bgimagefixed=&#8221;&#8221; css=&#8221;.vc_custom_1667365774121{margin-bottom: 0px !important;}&#8221;][vc_column css=&#8221;.vc_custom_1667365779824{margin-bottom: 0px !important;}&#8221;][vc_column_text el_class=&#8221;font-34px&#8221; css=&#8221;.vc_custom_1738062212035{margin-bottom: 0px !important;}&#8221;]O cr\u00e9dito sob a forma de garantias e\/ou avales, destina-se a garantir a terceiros o cumprimento das obriga\u00e7\u00f5es por parte da sua empresa.[\/vc_column_text][\/vc_column][\/vc_row][\/vc_section][vc_section el_class=&#8221;font-size-36 custom-section-policy-box blugreY usdroWolD&#8221;][vc_row tm_bgimagefixed=&#8221;&#8221; break_in_responsive=&#8221;1200&#8243; tm_zindex=&#8221;&#8221; equal_height=&#8221;yes&#8221; el_class=&#8221;fontFamily_table guarantee1stroW&#8221;][vc_column width=&#8221;1\/4&#8243; css=&#8221;.vc_custom_1667372152445{padding-right: 5px !important;padding-left: 0px !important;}&#8221;][vc_custom_heading text=&#8221;Condi\u00e7\u00f5es contratuais para garantia de obriga\u00e7\u00f5es perante terceiros&#8221; font_container=&#8221;tag:h2|font_size:24px|text_align:right|color:%23ffffff&#8221; use_theme_fonts=&#8221;yes&#8221; css=&#8221;.vc_custom_1680511904313{margin-bottom: 0px !important;padding-top: 3px !important;padding-right: 15px !important;padding-bottom: 3px !important;padding-left: 15px !important;background-color: #1a2159 !important;}&#8221;][\/vc_column][vc_column width=&#8221;3\/4&#8243; css=&#8221;.vc_custom_1667372159612{padding-right: 0px !important;padding-left: 5px !important;}&#8221;][vc_custom_heading text=&#8221;Contratos ou contratos de fornecimento celebrados com o Estado, Autarquias e outras Entidades P\u00fablicas\/Privadas, tais como a execu\u00e7\u00e3o e conclus\u00e3o de infra-estruturas, servi\u00e7os, etc.&#8221; font_container=&#8221;tag:h2|font_size:22px|text_align:left|color:%23575757&#8243; use_theme_fonts=&#8221;yes&#8221; css=&#8221;.vc_custom_1680511917507{margin-bottom: 10px !important;padding-top: 3px !important;padding-right: 15px !important;padding-bottom: 3px !important;padding-left: 15px !important;background-color: #e5e5e5 !important;}&#8221;][\/vc_column][\/vc_row][vc_row tm_bgimagefixed=&#8221;&#8221; break_in_responsive=&#8221;1200&#8243; tm_zindex=&#8221;&#8221; el_class=&#8221;fontFamily_table none3roW&#8221;][vc_column width=&#8221;1\/4&#8243; css=&#8221;.vc_custom_1667372152445{padding-right: 5px !important;padding-left: 0px !important;}&#8221;][\/vc_column][vc_column width=&#8221;3\/4&#8243; css=&#8221;.vc_custom_1667372159612{padding-right: 0px !important;padding-left: 5px !important;}&#8221;][vc_custom_heading text=&#8221;Imposi\u00e7\u00f5es legais, administrativas ou judiciais&#8221; font_container=&#8221;tag:h2|font_size:22px|text_align:left|color:%23575757&#8243; use_theme_fonts=&#8221;yes&#8221; css=&#8221;.vc_custom_1680511930323{margin-bottom: 10px !important;padding-top: 3px !important;padding-right: 15px !important;padding-bottom: 3px !important;padding-left: 15px !important;background-color: #e5e5e5 !important;}&#8221;][vc_custom_heading text=&#8221;Quaisquer outras obriga\u00e7\u00f5es para com terceiros&#8221; font_container=&#8221;tag:h2|font_size:22px|text_align:left|color:%23575757&#8243; use_theme_fonts=&#8221;yes&#8221; css=&#8221;.vc_custom_1680511936202{margin-bottom: 10px !important;padding-top: 3px !important;padding-right: 15px !important;padding-bottom: 3px !important;padding-left: 15px !important;background-color: #e5e5e5 !important;}&#8221;][\/vc_column][\/vc_row][\/vc_section][vc_section el_class=&#8221;font-size-36 custom-section-policy-box blugreY usdroWolD&#8221;][vc_row tm_bgimagefixed=&#8221;&#8221; break_in_responsive=&#8221;1200&#8243; tm_zindex=&#8221;&#8221; el_class=&#8221;fontFamily_table&#8221;][vc_column width=&#8221;1\/4&#8243; css=&#8221;.vc_custom_1667372152445{padding-right: 5px !important;padding-left: 0px !important;}&#8221;][vc_custom_heading text=&#8221;Garantias&#8221; font_container=&#8221;tag:h2|font_size:24px|text_align:right|color:%23ffffff&#8221; use_theme_fonts=&#8221;yes&#8221; css=&#8221;.vc_custom_1680511949715{margin-bottom: 0px !important;padding-top: 3px !important;padding-right: 15px !important;padding-bottom: 3px !important;padding-left: 15px !important;background-color: #1a2159 !important;}&#8221;][\/vc_column][vc_column width=&#8221;3\/4&#8243; css=&#8221;.vc_custom_1667372159612{padding-right: 0px !important;padding-left: 5px !important;}&#8221;][vc_custom_heading text=&#8221;Promiss\u00f3ria garantida, contrato de empr\u00e9stimo, hipotecas, garantia de dep\u00f3sito a prazo, ou outras garantias aceites pelo iib&#8221; font_container=&#8221;tag:h2|font_size:22px|text_align:left|color:%23575757&#8243; use_theme_fonts=&#8221;yes&#8221; css=&#8221;.vc_custom_1680511959519{margin-bottom: 10px !important;padding-top: 3px !important;padding-right: 15px !important;padding-bottom: 3px !important;padding-left: 15px !important;background-color: #e5e5e5 !important;}&#8221;][\/vc_column][\/vc_row][\/vc_section][vc_section el_class=&#8221;font-size-36 custom-section-policy-box blugreY usdroWolD&#8221; css=&#8221;.vc_custom_1738060758014{padding-bottom: 65px !important;}&#8221;][vc_row tm_bgimagefixed=&#8221;&#8221; break_in_responsive=&#8221;1200&#8243; tm_zindex=&#8221;&#8221; el_class=&#8221;fontFamily_table&#8221;][vc_column width=&#8221;1\/4&#8243; css=&#8221;.vc_custom_1667372152445{padding-right: 5px !important;padding-left: 0px !important;}&#8221;][vc_custom_heading text=&#8221;Benef\u00edcios&#8221; font_container=&#8221;tag:h2|font_size:24px|text_align:right|color:%23ffffff&#8221; use_theme_fonts=&#8221;yes&#8221; css=&#8221;.vc_custom_1680511975136{margin-bottom: 0px !important;padding-top: 3px !important;padding-right: 15px !important;padding-bottom: 3px !important;padding-left: 15px !important;background-color: #1a2159 !important;}&#8221;][\/vc_column][vc_column width=&#8221;3\/4&#8243; css=&#8221;.vc_custom_1667372159612{padding-right: 0px !important;padding-left: 5px !important;}&#8221;][vc_custom_heading text=&#8221;Rapidez na execu\u00e7\u00e3o da opera\u00e7\u00e3o&#8221; font_container=&#8221;tag:h2|font_size:22px|text_align:left|color:%23575757&#8243; use_theme_fonts=&#8221;yes&#8221; css=&#8221;.vc_custom_1680511990235{margin-bottom: 10px !important;padding-top: 3px !important;padding-right: 15px !important;padding-bottom: 3px !important;padding-left: 15px !important;background-color: #e5e5e5 !important;}&#8221;][vc_custom_heading text=&#8221;Garantia de cumprimento das obriga\u00e7\u00f5es da sua empresa para com terceiros&#8221; font_container=&#8221;tag:h2|font_size:22px|text_align:left|color:%23575757&#8243; use_theme_fonts=&#8221;yes&#8221; css=&#8221;.vc_custom_1680512000550{margin-bottom: 10px !important;padding-top: 3px !important;padding-right: 15px !important;padding-bottom: 3px !important;padding-left: 15px !important;background-color: #e5e5e5 !important;}&#8221;][vc_custom_heading text=&#8221;Redu\u00e7\u00e3o de custos&#8221; font_container=&#8221;tag:h2|font_size:22px|text_align:left|color:%23575757&#8243; use_theme_fonts=&#8221;yes&#8221; css=&#8221;.vc_custom_1680512005114{margin-bottom: 10px !important;padding-top: 3px !important;padding-right: 15px !important;padding-bottom: 3px !important;padding-left: 15px !important;background-color: #e5e5e5 !important;}&#8221;][\/vc_column][\/vc_row][\/vc_section][vc_section el_class=&#8221;button-style-box custom-news-box custom-container-1299-width greyroW&#8221; css=&#8221;.vc_custom_1738060776301{padding-top: 30px !important;padding-bottom: 30px !important;background-color: #1a2159 !important;}&#8221;][vc_row][vc_column][vc_custom_heading text=&#8221;Your Bank, Your Future&#8221; font_container=&#8221;tag:h2|font_size:48px|text_align:center|color:%23ffffff&#8221; use_theme_fonts=&#8221;yes&#8221; el_class=&#8221;yourbank-font-bold&#8221; css=&#8221;.vc_custom_1667545067071{margin-bottom: 0px !important;}&#8221;][vc_separator color=&#8221;white&#8221; el_width=&#8221;30&#8243; el_class=&#8221;your-bank-border-width&#8221;][vc_custom_heading text=&#8221;O seu Banco, O seu Futuro&#8221; font_container=&#8221;tag:h2|font_size:48px|text_align:center|color:%23ffffff&#8221; use_theme_fonts=&#8221;yes&#8221; el_class=&#8221;yourbank-font-bold&#8221; css=&#8221;.vc_custom_1672816844722{margin-bottom: 0px !important;}&#8221;][\/vc_column][\/vc_row][\/vc_section][vc_section el_class=&#8221;post-content-box button-style-box custom-container-1299-width boX2&#8243; css=&#8221;.vc_custom_1738060794706{padding-top: 65px !important;}&#8221;][vc_row tm_bgimagefixed=&#8221;&#8221; break_in_responsive=&#8221;1200&#8243; el_class=&#8221;grey-content-box who-we-are-content-box&#8221;][vc_column width=&#8221;1\/2&#8243;][vc_row_inner css=&#8221;.vc_custom_1665387546485{padding-right: 17.5px !important;padding-left: 17.5px !important;}&#8221; tm_responsive_css=&#8221;45908895|colbreak_no||||||0||0|colbreak_no|||||||||colbreak_no||||||||||colbreak_no|||||||||&#8221;][vc_column_inner][vc_single_image image=&#8221;219&#8243; img_size=&#8221;full&#8221; alignment=&#8221;center&#8221; css=&#8221;.vc_custom_1678958905767{margin-bottom: 0px !important;}&#8221;][vc_column_text el_class=&#8221;custom-white-text-box&#8221; css=&#8221;.vc_custom_1680778879503{background-color: #efefef !important;}&#8221;]<\/p>\n<h4 class=\"tm-custom-heading \">Cr\u00e9dito investimento<\/h4>\n<p>Um cr\u00e9dito de m\u00e9dio a longo prazo que apoia os projectos de investimento da sua empresa.<\/p>\n<div class=\"custom-theme-button\"><a title=\"\" href=\"\/\/westafrica\/pt\/empresas\/credito-investimento\/\">Ler +<\/a><\/div>\n<p>[\/vc_column_text][\/vc_column_inner][\/vc_row_inner][\/vc_column][vc_column width=&#8221;1\/2&#8243;][vc_row_inner css=&#8221;.vc_custom_1665387560516{padding-right: 17.5px !important;padding-left: 17.5px !important;}&#8221; tm_responsive_css=&#8221;16675962|colbreak_no||||||0||0|colbreak_no|||||||||colbreak_no||||||||||colbreak_no|||||||||&#8221;][vc_column_inner][vc_single_image image=&#8221;880&#8243; img_size=&#8221;full&#8221; alignment=&#8221;center&#8221; css=&#8221;.vc_custom_1680159300344{margin-bottom: 0px !important;}&#8221;][vc_column_text el_class=&#8221;custom-white-text-box&#8221; css=&#8221;.vc_custom_1680778893073{background-color: #efefef !important;}&#8221;]<\/p>\n<h4>Linha de Cr\u00e9dito<\/h4>\n<p>\u00c9 concedida uma linha de cr\u00e9dito contra uma conta de dep\u00f3sito \u00e0 ordem que pode ser utilizada para financiar as necessidades de liquidez da sua empresa.<\/p>\n<div class=\"custom-theme-button\"><a title=\"\" href=\"\/westafrica\/pt\/empresas\/linha-de-credito\/\">Ler +<\/a><\/div>\n<p>[\/vc_column_text][\/vc_column_inner][\/vc_row_inner][\/vc_column][\/vc_row][\/vc_section][vc_section css=&#8221;.vc_custom_1738060812645{padding-top: 0px !important;}&#8221; el_class=&#8221;plscntcT vertcenteR&#8221;][vc_row tm_bgimagefixed=&#8221;&#8221; el_id=&#8221;pic-with-text-box-right&#8221;][vc_column css=&#8221;.vc_custom_1667376019123{padding-right: 0px !important;padding-left: 0px !important;}&#8221;][vc_row_inner tm_zindex=&#8221;&#8221; content_placement=&#8221;middle&#8221; css=&#8221;.vc_custom_1738060871601{margin-bottom: 0px !important;padding-right: 0px !important;padding-left: 0px !important;background-color: #e6e6e6 !important;}&#8221;][vc_column_inner tm_zindex=&#8221;&#8221; width=&#8221;2\/3&#8243; css=&#8221;.vc_custom_1680159309726{margin-bottom: 0px !important;padding-top: 0px !important;padding-right: 0px !important;padding-left: 0px !important;}&#8221;][vc_single_image image=&#8221;222&#8243; img_size=&#8221;full&#8221; css=&#8221;.vc_custom_1678958926678{margin-bottom: 0px !important;}&#8221;][\/vc_column_inner][vc_column_inner width=&#8221;1\/3&#8243; css=&#8221;.vc_custom_1667376869127{padding-left: 20px !important;}&#8221;][vc_custom_heading text=&#8221;Contacte-nos para qualquer quest\u00e3o&#8221; font_container=&#8221;tag:h2|font_size:36px|text_align:left|color:%23575757&#8243; use_theme_fonts=&#8221;yes&#8221; css=&#8221;.vc_custom_1680512076485{margin-bottom: 50px !important;}&#8221;]<div id=\"ultimate-heading-328969e07257d63e6\" class=\"uvc-heading ult-adjust-bottom-margin ultimate-heading-328969e07257d63e6 uvc-9565 +238 260 2626\" data-hspacer=\"no_spacer\"  data-halign=\"left\" style=\"text-align:left\"><div class=\"uvc-heading-spacer no_spacer\" style=\"top\"><\/div><div class=\"uvc-main-heading ult-responsive\"  data-ultimate-target='.uvc-heading.ultimate-heading-328969e07257d63e6 h2'  data-responsive-json-new='{\"font-size\":\"\",\"line-height\":\"\"}' ><h2 style=\"font-weight:normal;\">+238 260 2626<\/h2><\/div><\/div>[\/vc_column_inner][\/vc_row_inner][\/vc_column][\/vc_row][\/vc_section]<\/p>\n<\/div>","protected":false},"excerpt":{"rendered":"<p>[vc_section full_width=&#8221;stretch_row_content&#8221; el_class=&#8221;image-banner-with-text bottom-203-banner-text&#8221; css=&#8221;.vc_custom_1665060976256{padding-top: 0px !important;padding-bottom: 0px !important;}&#8221;][vc_row tm_bgimagefixed=&#8221;&#8221; full_width=&#8221;stretch_row_content_no_spaces&#8221;][vc_column][vc_row_inner][vc_column_inner css=&#8221;.vc_custom_1659424244579{padding-left: 0px !important;}&#8221;][vc_single_image image=&#8221;878&#8243; img_size=&#8221;full&#8221; alignment=&#8221;center&#8221; css=&#8221;.vc_custom_1680159239800{margin-bottom: 0px !important;}&#8221;][vc_column_text el_class=&#8221;white-text banner-heading banner-text-box banner-caption-btn-135px&#8221; css=&#8221;.vc_custom_1680511875239{margin-bottom: 0px !important;padding-top: 15px !important;padding-bottom: 15px !important;background-color: rgba(10,10,10,0.35) !important;*background-color: rgb(10,10,10) !important;}&#8221;] garantias e avales [\/vc_column_text][\/vc_column_inner][\/vc_row_inner][\/vc_column][\/vc_row][\/vc_section][vc_section css=&#8221;.vc_custom_1737037982657{padding-top: 65px !important;padding-bottom: 65px !important;}&#8221; el_class=&#8221;our-purpose-text-box ouroW&#8221;][vc_row tm_bgimagefixed=&#8221;&#8221; css=&#8221;.vc_custom_1667365774121{margin-bottom: 0px !important;}&#8221;][vc_column css=&#8221;.vc_custom_1667365779824{margin-bottom: 0px !important;}&#8221;][vc_column_text el_class=&#8221;font-34px&#8221; css=&#8221;.vc_custom_1738062212035{margin-bottom: [&hellip;]<\/p>\n","protected":false},"author":1,"featured_media":0,"parent":659,"menu_order":0,"comment_status":"closed","ping_status":"closed","template":"","meta":{"_acf_changed":false,"footnotes":""},"class_list":["post-944","page","type-page","status-publish","hentry"],"acf":[],"_links":{"self":[{"href":"https:\/\/dev.iibanks.com\/westafrica\/wp-json\/wp\/v2\/pages\/944","targetHints":{"allow":["GET"]}}],"collection":[{"href":"https:\/\/dev.iibanks.com\/westafrica\/wp-json\/wp\/v2\/pages"}],"about":[{"href":"https:\/\/dev.iibanks.com\/westafrica\/wp-json\/wp\/v2\/types\/page"}],"author":[{"embeddable":true,"href":"https:\/\/dev.iibanks.com\/westafrica\/wp-json\/wp\/v2\/users\/1"}],"replies":[{"embeddable":true,"href":"https:\/\/dev.iibanks.com\/westafrica\/wp-json\/wp\/v2\/comments?post=944"}],"version-history":[{"count":8,"href":"https:\/\/dev.iibanks.com\/westafrica\/wp-json\/wp\/v2\/pages\/944\/revisions"}],"predecessor-version":[{"id":11997,"href":"https:\/\/dev.iibanks.com\/westafrica\/wp-json\/wp\/v2\/pages\/944\/revisions\/11997"}],"up":[{"embeddable":true,"href":"https:\/\/dev.iibanks.com\/westafrica\/wp-json\/wp\/v2\/pages\/659"}],"wp:attachment":[{"href":"https:\/\/dev.iibanks.com\/westafrica\/wp-json\/wp\/v2\/media?parent=944"}],"curies":[{"name":"wp","href":"https:\/\/api.w.org\/{rel}","templated":true}]}}