
{"id":937,"date":"2023-03-30T13:14:45","date_gmt":"2023-03-30T13:14:45","guid":{"rendered":"https:\/\/dev.iibanks.com\/westafrica\/?page_id=937"},"modified":"2025-01-28T08:40:45","modified_gmt":"2025-01-28T08:40:45","slug":"conta-corrente","status":"publish","type":"page","link":"https:\/\/dev.iibanks.com\/westafrica\/pt\/empresas\/conta-corrente\/","title":{"rendered":"Conta Corrente"},"content":{"rendered":"<div class=\"wpb-content-wrapper\"><p>[vc_section full_width=&#8221;stretch_row_content&#8221; el_class=&#8221;image-banner-with-text bottom-203-banner-text&#8221; css=&#8221;.vc_custom_1665060976256{padding-top: 0px !important;padding-bottom: 0px !important;}&#8221;][vc_row tm_bgimagefixed=&#8221;&#8221; full_width=&#8221;stretch_row_content_no_spaces&#8221;][vc_column][vc_row_inner][vc_column_inner css=&#8221;.vc_custom_1659424244579{padding-left: 0px !important;}&#8221;][vc_single_image image=&#8221;203&#8243; img_size=&#8221;full&#8221; alignment=&#8221;center&#8221; css=&#8221;.vc_custom_1678958397611{margin-bottom: 0px !important;}&#8221;][vc_column_text el_class=&#8221;white-text banner-heading banner-text-box banner-caption-btn-135px&#8221; css=&#8221;.vc_custom_1680508617652{margin-bottom: 0px !important;padding-top: 15px !important;padding-bottom: 15px !important;background-color: rgba(10,10,10,0.35) !important;*background-color: rgb(10,10,10) !important;}&#8221;]<\/p>\n<p style=\"text-align: right;\">conta de dep\u00f3sito \u00e0 ordem<\/p>\n<p>[\/vc_column_text][\/vc_column_inner][\/vc_row_inner][\/vc_column][\/vc_row][\/vc_section][vc_section css=&#8221;.vc_custom_1738048051393{padding-top: 65px !important;padding-bottom: 0px !important;}&#8221; el_class=&#8221;our-purpose-text-box toproW&#8221;][vc_row tm_bgimagefixed=&#8221;&#8221; css=&#8221;.vc_custom_1667365774121{margin-bottom: 0px !important;}&#8221;][vc_column css=&#8221;.vc_custom_1667365779824{margin-bottom: 0px !important;}&#8221;][vc_column_text el_class=&#8221;font-34px special-spacing&#8221; css=&#8221;.vc_custom_1738052271732{margin-bottom: 0px !important;}&#8221;]A conta do dep\u00f3sito \u00e0 ordem iib \u00e9 simples e f\u00e1cil de usar para as suas necessidades di\u00e1rias e de neg\u00f3cios. Efectue as suas opera\u00e7\u00f5es banc\u00e1rias, incluindo dep\u00f3sitos e levantamentos, sem complica\u00e7\u00f5es.[\/vc_column_text][\/vc_column][\/vc_row][\/vc_section][vc_section css=&#8221;.vc_custom_1738048069113{padding-top: 65px !important;padding-bottom: 0px !important;}&#8221; el_class=&#8221;our-purpose-text-box applyroW absltE bgnoneaplyroW bgnonE&#8221;][vc_row tm_bgimagefixed=&#8221;&#8221; break_in_responsive=&#8221;1200&#8243; tm_zindex=&#8221;&#8221; equal_height=&#8221;yes&#8221; el_class=&#8221;font-size-24&#8243;][vc_column tm_col_bg_expand=&#8221;left&#8221; width=&#8221;1\/2&#8243; css=&#8221;.vc_custom_1667370558252{padding-right: 17.5px !important;background-color: #eeeeee !important;}&#8221; el_id=&#8221;requirement-box-bg-right&#8221;][vc_row_inner break_in_responsive=&#8221;1200&#8243; css=&#8221;.vc_custom_1667366560047{padding-right: 17.5px !important;}&#8221; tm_responsive_css=&#8221;33209346|colbreak_no||||||0|||colbreak_no|||||||||colbreak_no||||||||||colbreak_no|||||||||&#8221;][vc_column_inner el_class=&#8221;Who-Can-Apply-iib&#8221;][vc_custom_heading text=&#8221;Quem pode solicitar?&#8221; font_container=&#8221;tag:h2|font_size:34px|text_align:left&#8221; use_theme_fonts=&#8221;yes&#8221; css=&#8221;.vc_custom_1680508650713{margin-bottom: 15px !important;}&#8221;][vc_column_text el_class=&#8221;who-can-apply-border requirements-iib&#8221;]Sociedades ou empresas privadas<\/p>\n<p>Empresas p\u00fablicas<\/p>\n<p>Cooperativas e associa\u00e7\u00f5es[\/vc_column_text][\/vc_column_inner][\/vc_row_inner][\/vc_column][vc_column tm_col_bg_expand=&#8221;right&#8221; width=&#8221;1\/2&#8243; el_id=&#8221;requirement-box-bg-left&#8221; css=&#8221;.vc_custom_1667370600202{background-color: #eeeeee !important;}&#8221;][vc_row_inner break_in_responsive=&#8221;1200&#8243; css=&#8221;.vc_custom_1667369534893{padding-left: 17.5px !important;}&#8221; tm_responsive_css=&#8221;33209346|colbreak_no||||||0|||colbreak_no|||||||||colbreak_no||||||||||colbreak_no|||||||||&#8221;][vc_column_inner el_class=&#8221;Who-Can-Apply-iib&#8221; css=&#8221;.vc_custom_1667371214992{padding-left: 65px !important;}&#8221;][vc_custom_heading text=&#8221;Documentos necess\u00e1rios &#8211; intervenientes&#8221; font_container=&#8221;tag:h2|font_size:34px|text_align:left&#8221; use_theme_fonts=&#8221;yes&#8221; css=&#8221;.vc_custom_1680508677024{margin-bottom: 15px !important;}&#8221;][vc_column_text el_class=&#8221;who-can-apply-border requirements-iib&#8221;]Cart\u00e3o de identifica\u00e7\u00e3o (residentes)<\/p>\n<p>Passaporte (n\u00e3o-residentes)<\/p>\n<p>Declara\u00e7\u00e3o de NIF[\/vc_column_text][\/vc_column_inner][\/vc_row_inner][\/vc_column][\/vc_row][\/vc_section][vc_section css=&#8221;.vc_custom_1738048095847{padding-top: 65px !important;padding-bottom: 0px !important;}&#8221; el_class=&#8221;font-size-36 custom-section-policy-box fontFamily_table blugreY usdroWolD&#8221;][vc_row tm_bgimagefixed=&#8221;&#8221; break_in_responsive=&#8221;1200&#8243;][vc_column width=&#8221;1\/4&#8243; css=&#8221;.vc_custom_1667372152445{padding-right: 5px !important;padding-left: 0px !important;}&#8221;][vc_custom_heading text=&#8221;Caracter\u00edsticas&#8221; font_container=&#8221;tag:h2|font_size:24px|text_align:right|color:%23ffffff&#8221; use_theme_fonts=&#8221;yes&#8221; css=&#8221;.vc_custom_1711530388820{margin-bottom: 0px !important;padding-top: 3px !important;padding-right: 15px !important;padding-bottom: 3px !important;padding-left: 15px !important;background-color: #1a2159 !important;}&#8221;][\/vc_column][vc_column width=&#8221;3\/4&#8243; css=&#8221;.vc_custom_1667372159612{padding-right: 0px !important;padding-left: 5px !important;}&#8221;][vc_custom_heading text=&#8221;Montante m\u00ednimo 150.000 CVE&#8221; font_container=&#8221;tag:h2|font_size:22px|text_align:left|color:%23575757&#8243; use_theme_fonts=&#8221;yes&#8221; css=&#8221;.vc_custom_1711530397820{margin-bottom: 10px !important;padding-top: 3px !important;padding-right: 15px !important;padding-bottom: 3px !important;padding-left: 15px !important;background-color: #e5e5e5 !important;}&#8221;][\/vc_column][\/vc_row][vc_row tm_bgimagefixed=&#8221;&#8221; break_in_responsive=&#8221;1200&#8243; tm_zindex=&#8221;&#8221; el_class=&#8221;none3roW&#8221;][vc_column width=&#8221;1\/4&#8243; css=&#8221;.vc_custom_1667372152445{padding-right: 5px !important;padding-left: 0px !important;}&#8221;][\/vc_column][vc_column width=&#8221;3\/4&#8243; css=&#8221;.vc_custom_1667372159612{padding-right: 0px !important;padding-left: 5px !important;}&#8221;][vc_custom_heading text=&#8221;Movimenta\u00e7\u00e3o atrav\u00e9s de Cheques, d\u00e9bito directo, ordens de transfer\u00eancia, iibCVnet&#8221; font_container=&#8221;tag:h2|font_size:22px|text_align:left|color:%23575757&#8243; use_theme_fonts=&#8221;yes&#8221; css=&#8221;.vc_custom_1711530408948{margin-bottom: 10px !important;padding-top: 3px !important;padding-right: 15px !important;padding-bottom: 3px !important;padding-left: 15px !important;background-color: #e5e5e5 !important;}&#8221;][\/vc_column][\/vc_row][\/vc_section][vc_section el_class=&#8221;chairman-cfo-box padding-23-21 custom-container-1301-width-three three_into_two&#8221; css=&#8221;.vc_custom_1738048114705{margin-bottom: 0px !important;}&#8221;][vc_row tm_bgimagefixed=&#8221;&#8221; break_in_responsive=&#8221;1200&#8243;][vc_column][vc_custom_heading text=&#8221;Documentos Necess\u00e1rios &#8211; Empresa&#8221; font_container=&#8221;tag:h2|font_size:36px|text_align:center|line_height:1&#8243; use_theme_fonts=&#8221;yes&#8221; css=&#8221;.vc_custom_1681366507120{margin-bottom: 30px !important;}&#8221;][\/vc_column][\/vc_row][vc_row tm_bgimagefixed=&#8221;&#8221; break_in_responsive=&#8221;1200&#8243; tm_zindex=&#8221;&#8221; el_class=&#8221;rqrdcumntS ulmarboT&#8221; tm_responsive_css=&#8221;&#8221;][vc_column width=&#8221;1\/3&#8243;][vc_row_inner css=&#8221;.vc_custom_1663569566597{padding-right: 17.5px !important;padding-left: 17.5px !important;}&#8221; tm_responsive_css=&#8221;58137381|colbreak_no||||||0||0|colbreak_no|||||||||colbreak_no||||||||||colbreak_no|||||||||&#8221;][vc_column_inner][vc_column_text el_class=&#8221;custom-text-box&#8221; css=&#8221;.vc_custom_1680508729871{margin-bottom: 0px !important;background-color: #1a2159 !important;}&#8221;]<\/p>\n<h4 class=\"tm-custom-heading\">Empresa Privada<\/h4>\n<p>[\/vc_column_text][vc_column_text el_class=&#8221;three-column-white-text-box required-document-listing-box&#8221; css=&#8221;.vc_custom_1711530983964{margin-bottom: 65px !important;background-color: #e6e6e6 !important;}&#8221;]<\/p>\n<ul>\n<li>Fotoc\u00f3pia da certid\u00e3o da Conservat\u00f3ria do Registo Comercial e indica\u00e7\u00e3o de quem s\u00e3o os gerentes e como a sociedade se encontra vinculada<\/li>\n<li>C\u00f3pia autenticada da acta da Assembleia Geral que conste a designa\u00e7\u00e3o dos actuais Administradores, a dura\u00e7\u00e3o do mandato e como a sociedade se obriga (se necess\u00e1rio)<\/li>\n<li>Fotoc\u00f3pia do Boletim Oficial (BO) que publica o conv\u00e9nio da Empresa e as altera\u00e7\u00f5es iniciais e eventuais altera\u00e7\u00f5es, se as houver<\/li>\n<li>Estatuto da Empresa<\/li>\n<\/ul>\n<div class=\"required-document-pdf-btn-box bio-pages-download-box\">Formul\u00e1rio de Abertura de Conta<br \/>\n<a href=\"\/westafrica\/wp-content\/uploads\/sites\/4\/2024\/03\/002.01_PAC-EMPRESA-PT.pdf\" download=\"\">Descarregar pdf<\/a><\/div>\n<p>[\/vc_column_text][\/vc_column_inner][\/vc_row_inner][\/vc_column][vc_column width=&#8221;1\/3&#8243;][vc_row_inner css=&#8221;.vc_custom_1663569578098{padding-right: 17.5px !important;padding-left: 17.5px !important;}&#8221; tm_responsive_css=&#8221;42892269|colbreak_no||||||0||0|colbreak_no|||||||||colbreak_no||||||||||colbreak_no|||||||||&#8221;][vc_column_inner][vc_column_text el_class=&#8221;custom-text-box&#8221; css=&#8221;.vc_custom_1672752022791{margin-bottom: 0px !important;background-color: #1a2159 !important;}&#8221;]<\/p>\n<h4 class=\"tm-custom-heading\">Public Company<\/h4>\n<p>[\/vc_column_text][vc_column_text el_class=&#8221;three-column-white-text-box required-document-listing-box&#8221; css=&#8221;.vc_custom_1711530993140{margin-bottom: 65px !important;background-color: #e6e6e6 !important;}&#8221;]<\/p>\n<ul>\n<li>Boletim Oficial, com a publica\u00e7\u00e3o dos estatutos<\/li>\n<li>Boletim Oficial, com a nomea\u00e7\u00e3o dos seus representantes<\/li>\n<li>Fotoc\u00f3pia do certificado de registo comercial<\/li>\n<li>C\u00f3pia da acta da Assembleia Geral que delibera sobre a nomea\u00e7\u00e3o dos actuais Administradores, a dura\u00e7\u00e3o do mandato e a forma como a empresa est\u00e1 vinculada;<\/li>\n<li>C\u00f3pia dos documentos de identifica\u00e7\u00e3o dos representantes da empresa na conta banc\u00e1ria.<\/li>\n<\/ul>\n<div class=\"required-document-pdf-btn-box bio-pages-download-box\">Formul\u00e1rio de Abertura de Conta<br \/>\n<a href=\"\/westafrica\/wp-content\/uploads\/sites\/4\/2024\/03\/002.01_PAC-EMPRESA-PT.pdf\" download=\"\">Descarregar pdf<\/a><\/div>\n<p>[\/vc_column_text][\/vc_column_inner][\/vc_row_inner][\/vc_column][vc_column width=&#8221;1\/3&#8243;][vc_row_inner css=&#8221;.vc_custom_1663569591032{padding-right: 17.5px !important;padding-left: 17.5px !important;}&#8221; tm_responsive_css=&#8221;50112867|colbreak_no||||||0||0|colbreak_no|||||||||colbreak_no||||||||||colbreak_no|||||||||&#8221;][vc_column_inner][vc_column_text el_class=&#8221;custom-text-box&#8221; css=&#8221;.vc_custom_1672751921993{margin-bottom: 0px !important;background-color: #1a2159 !important;}&#8221;]<\/p>\n<h4 class=\"tm-custom-heading\">Cooperatives and Associations<\/h4>\n<p>[\/vc_column_text][vc_column_text el_class=&#8221;three-column-white-text-box required-document-listing-box&#8221; css=&#8221;.vc_custom_1711530971181{margin-bottom: 65px !important;background-color: #e6e6e6 !important;}&#8221;]<\/p>\n<ul>\n<li>Fotoc\u00f3pia do Boletim O\ufb03cial no qual os estatutos foram publicados<\/li>\n<li>Acta da Assembleia Geral que elegeu a Conselho de Administra\u00e7\u00e3o para o actual mandato<\/li>\n<li>Carta assinada por todos os membros do Conselho de Administra\u00e7\u00e3o que declara as condi\u00e7\u00f5es de movimenta\u00e7\u00e3o da conta<\/li>\n<\/ul>\n<div class=\"required-document-pdf-btn-box bio-pages-download-box\">Formul\u00e1rio de Abertura de Conta<br \/>\n<a href=\"\/westafrica\/wp-content\/uploads\/sites\/4\/2024\/03\/002.01_PAC-EMPRESA-PT.pdf\" download=\"\">Descarregar pdf<\/a><\/div>\n<p>[\/vc_column_text][\/vc_column_inner][\/vc_row_inner][\/vc_column][\/vc_row][\/vc_section][vc_section css=&#8221;.vc_custom_1738048156503{padding-bottom: 0px !important;}&#8221; el_class=&#8221;blugreY usdroWolD&#8221;][vc_row tm_bgimagefixed=&#8221;&#8221; break_in_responsive=&#8221;1200&#8243; tm_zindex=&#8221;&#8221; equal_height=&#8221;yes&#8221; el_class=&#8221;fontFamily_table guarantee1stroW&#8221;][vc_column width=&#8221;1\/4&#8243; css=&#8221;.vc_custom_1667372152445{padding-right: 5px !important;padding-left: 0px !important;}&#8221;][vc_custom_heading text=&#8221;Benef\u00edcios para Empresa Privada&#8221; font_container=&#8221;tag:h2|font_size:24px|text_align:right|color:%23ffffff&#8221; use_theme_fonts=&#8221;yes&#8221; css=&#8221;.vc_custom_1681137653890{margin-bottom: 0px !important;padding-top: 3px !important;padding-right: 15px !important;padding-bottom: 3px !important;padding-left: 15px !important;background-color: #1a2159 !important;}&#8221;][\/vc_column][vc_column width=&#8221;3\/4&#8243; css=&#8221;.vc_custom_1667372159612{padding-right: 0px !important;padding-left: 5px !important;}&#8221;][vc_custom_heading text=&#8221;Permite rendimentos familiares, pagamentos&#8221; font_container=&#8221;tag:h2|font_size:22px|text_align:left|color:%23575757&#8243; use_theme_fonts=&#8221;yes&#8221; css=&#8221;.vc_custom_1681137661830{margin-bottom: 10px !important;padding-top: 3px !important;padding-right: 15px !important;padding-bottom: 3px !important;padding-left: 15px !important;background-color: #e5e5e5 !important;}&#8221;][\/vc_column][\/vc_row][vc_row tm_bgimagefixed=&#8221;&#8221; break_in_responsive=&#8221;1200&#8243; tm_zindex=&#8221;&#8221; el_class=&#8221;fontFamily_table none3roW&#8221;][vc_column width=&#8221;1\/4&#8243; css=&#8221;.vc_custom_1667372152445{padding-right: 5px !important;padding-left: 0px !important;}&#8221;][\/vc_column][vc_column width=&#8221;3\/4&#8243; css=&#8221;.vc_custom_1667372159612{padding-right: 0px !important;padding-left: 5px !important;}&#8221;][vc_custom_heading text=&#8221;Permite a obten\u00e7\u00e3o de financiamento (mediante aprova\u00e7\u00e3o do CE do banco)&#8221; font_container=&#8221;tag:h2|font_size:22px|text_align:left|color:%23575757&#8243; use_theme_fonts=&#8221;yes&#8221; css=&#8221;.vc_custom_1681137669750{margin-bottom: 10px !important;padding-top: 3px !important;padding-right: 15px !important;padding-bottom: 3px !important;padding-left: 15px !important;background-color: #e5e5e5 !important;}&#8221;][vc_custom_heading text=&#8221;Gerir e poupar os seus rendimentos&#8221; font_container=&#8221;tag:h2|font_size:22px|text_align:left|color:%23575757&#8243; use_theme_fonts=&#8221;yes&#8221; css=&#8221;.vc_custom_1681137676845{margin-bottom: 10px !important;padding-top: 3px !important;padding-right: 15px !important;padding-bottom: 3px !important;padding-left: 15px !important;background-color: #e5e5e5 !important;}&#8221;][\/vc_column][\/vc_row][\/vc_section][vc_section css=&#8221;.vc_custom_1672748336419{margin-top: 65px !important;}&#8221;][vc_row tm_bgimagefixed=&#8221;&#8221; tm_zindex=&#8221;&#8221; el_id=&#8221;pic-with-text-box-right&#8221; el_class=&#8221;plscntcT vertcenteR&#8221;][vc_column css=&#8221;.vc_custom_1667376019123{padding-right: 0px !important;padding-left: 0px !important;}&#8221;][vc_row_inner tm_zindex=&#8221;&#8221; content_placement=&#8221;middle&#8221; css=&#8221;.vc_custom_1738048025164{margin-bottom: 0px !important;padding-right: 0px !important;padding-left: 0px !important;background-color: #e6e6e6 !important;}&#8221;][vc_column_inner tm_zindex=&#8221;&#8221; width=&#8221;2\/3&#8243; css=&#8221;.vc_custom_1680091910311{margin-bottom: 0px !important;padding-top: 0px !important;padding-right: 0px !important;padding-left: 0px !important;}&#8221;][vc_single_image image=&#8221;204&#8243; img_size=&#8221;full&#8221; css=&#8221;.vc_custom_1678958409742{margin-bottom: 0px !important;}&#8221;][\/vc_column_inner][vc_column_inner width=&#8221;1\/3&#8243; css=&#8221;.vc_custom_1667376869127{padding-left: 20px !important;}&#8221;][vc_custom_heading text=&#8221;Contacte-nos para qualquer quest\u00e3o&#8221; font_container=&#8221;tag:h2|font_size:36px|text_align:left|color:%23575757&#8243; use_theme_fonts=&#8221;yes&#8221; css=&#8221;.vc_custom_1681137696842{margin-bottom: 50px !important;}&#8221;]<div id=\"ultimate-heading-64769e05ba2917a9\" class=\"uvc-heading ult-adjust-bottom-margin ultimate-heading-64769e05ba2917a9 uvc-6521 \" data-hspacer=\"no_spacer\"  data-halign=\"left\" style=\"text-align:left\"><div class=\"uvc-heading-spacer no_spacer\" style=\"top\"><\/div><div class=\"uvc-main-heading ult-responsive\"  data-ultimate-target='.uvc-heading.ultimate-heading-64769e05ba2917a9 h2'  data-responsive-json-new='{\"font-size\":\"\",\"line-height\":\"\"}' ><h2 style=\"font-weight:normal;margin-bottom:0px;\">+238 260 2626<\/h2><\/div><\/div>[\/vc_column_inner][\/vc_row_inner][\/vc_column][\/vc_row][\/vc_section][vc_section css=&#8221;.vc_custom_1738048200445{margin-bottom: 65px !important;}&#8221; el_class=&#8221;toproW&#8221;][vc_row][vc_column][vc_row_inner][vc_column_inner][vc_column_text css=&#8221;.vc_custom_1681137714892{margin-bottom: 0px !important;}&#8221;]Restri\u00e7\u00e3o \u00e0 movimenta\u00e7\u00e3o da conta.<\/p>\n<p>Se faltar algum documento, ou se a documenta\u00e7\u00e3o necess\u00e1ria estiver incompleta, n\u00e3o ser\u00e1 poss\u00edvel movimentar a conta. Toda a documenta\u00e7\u00e3o necess\u00e1ria deve estar completa no prazo de 30 dias a partir da data de abertura da conta.[\/vc_column_text][\/vc_column_inner][\/vc_row_inner][\/vc_column][\/vc_row][\/vc_section]<\/p>\n<\/div>","protected":false},"excerpt":{"rendered":"<p>[vc_section full_width=&#8221;stretch_row_content&#8221; el_class=&#8221;image-banner-with-text bottom-203-banner-text&#8221; css=&#8221;.vc_custom_1665060976256{padding-top: 0px !important;padding-bottom: 0px !important;}&#8221;][vc_row tm_bgimagefixed=&#8221;&#8221; full_width=&#8221;stretch_row_content_no_spaces&#8221;][vc_column][vc_row_inner][vc_column_inner css=&#8221;.vc_custom_1659424244579{padding-left: 0px !important;}&#8221;][vc_single_image image=&#8221;203&#8243; img_size=&#8221;full&#8221; alignment=&#8221;center&#8221; css=&#8221;.vc_custom_1678958397611{margin-bottom: 0px !important;}&#8221;][vc_column_text el_class=&#8221;white-text banner-heading banner-text-box banner-caption-btn-135px&#8221; css=&#8221;.vc_custom_1680508617652{margin-bottom: 0px !important;padding-top: 15px !important;padding-bottom: 15px !important;background-color: rgba(10,10,10,0.35) !important;*background-color: rgb(10,10,10) !important;}&#8221;] conta de dep\u00f3sito \u00e0 ordem [\/vc_column_text][\/vc_column_inner][\/vc_row_inner][\/vc_column][\/vc_row][\/vc_section][vc_section css=&#8221;.vc_custom_1738048051393{padding-top: 65px !important;padding-bottom: 0px !important;}&#8221; el_class=&#8221;our-purpose-text-box toproW&#8221;][vc_row tm_bgimagefixed=&#8221;&#8221; css=&#8221;.vc_custom_1667365774121{margin-bottom: 0px !important;}&#8221;][vc_column css=&#8221;.vc_custom_1667365779824{margin-bottom: 0px !important;}&#8221;][vc_column_text [&hellip;]<\/p>\n","protected":false},"author":1,"featured_media":0,"parent":659,"menu_order":0,"comment_status":"closed","ping_status":"closed","template":"","meta":{"_acf_changed":false,"footnotes":""},"class_list":["post-937","page","type-page","status-publish","hentry"],"acf":[],"_links":{"self":[{"href":"https:\/\/dev.iibanks.com\/westafrica\/wp-json\/wp\/v2\/pages\/937","targetHints":{"allow":["GET"]}}],"collection":[{"href":"https:\/\/dev.iibanks.com\/westafrica\/wp-json\/wp\/v2\/pages"}],"about":[{"href":"https:\/\/dev.iibanks.com\/westafrica\/wp-json\/wp\/v2\/types\/page"}],"author":[{"embeddable":true,"href":"https:\/\/dev.iibanks.com\/westafrica\/wp-json\/wp\/v2\/users\/1"}],"replies":[{"embeddable":true,"href":"https:\/\/dev.iibanks.com\/westafrica\/wp-json\/wp\/v2\/comments?post=937"}],"version-history":[{"count":18,"href":"https:\/\/dev.iibanks.com\/westafrica\/wp-json\/wp\/v2\/pages\/937\/revisions"}],"predecessor-version":[{"id":11987,"href":"https:\/\/dev.iibanks.com\/westafrica\/wp-json\/wp\/v2\/pages\/937\/revisions\/11987"}],"up":[{"embeddable":true,"href":"https:\/\/dev.iibanks.com\/westafrica\/wp-json\/wp\/v2\/pages\/659"}],"wp:attachment":[{"href":"https:\/\/dev.iibanks.com\/westafrica\/wp-json\/wp\/v2\/media?parent=937"}],"curies":[{"name":"wp","href":"https:\/\/api.w.org\/{rel}","templated":true}]}}