
{"id":924,"date":"2023-03-30T13:05:05","date_gmt":"2023-03-30T13:05:05","guid":{"rendered":"https:\/\/dev.iibanks.com\/westafrica\/?page_id=924"},"modified":"2025-02-25T12:00:54","modified_gmt":"2025-02-25T12:00:54","slug":"visa-gold","status":"publish","type":"page","link":"https:\/\/dev.iibanks.com\/westafrica\/pt\/particular\/cartoes\/visa-gold\/","title":{"rendered":"Visa Gold"},"content":{"rendered":"<div class=\"wpb-content-wrapper\"><p>[vc_section full_width=&#8221;stretch_row_content&#8221; el_class=&#8221;image-banner-with-text bottom-203-banner-text&#8221; css=&#8221;.vc_custom_1665060976256{padding-top: 0px !important;padding-bottom: 0px !important;}&#8221;][vc_row tm_bgimagefixed=&#8221;&#8221; full_width=&#8221;stretch_row_content_no_spaces&#8221;][vc_column][vc_row_inner][vc_column_inner css=&#8221;.vc_custom_1659424244579{padding-left: 0px !important;}&#8221;][vc_single_image image=&#8221;12046&#8243; img_size=&#8221;full&#8221; alignment=&#8221;center&#8221; css=&#8221;.vc_custom_1740484836195{margin-bottom: 0px !important;}&#8221;][vc_column_text el_class=&#8221;white-text banner-heading banner-text-box&#8221; css=&#8221;.vc_custom_1680256802812{margin-bottom: 0px !important;padding-top: 15px !important;padding-bottom: 15px !important;background-color: rgba(10,10,10,0.35) !important;*background-color: rgb(10,10,10) !important;}&#8221;]<\/p>\n<p style=\"text-align: right;\">cart\u00e3o de cr\u00e9dito iib<\/p>\n<p>[\/vc_column_text][\/vc_column_inner][\/vc_row_inner][\/vc_column][\/vc_row][\/vc_section][vc_section css=&#8221;.vc_custom_1737986591576{padding-top: 65px !important;padding-bottom: 0px !important;}&#8221; el_class=&#8221;our-purpose-text-box ouroW&#8221;][vc_row tm_bgimagefixed=&#8221;&#8221; css=&#8221;.vc_custom_1667365774121{margin-bottom: 0px !important;}&#8221;][vc_column css=&#8221;.vc_custom_1667365779824{margin-bottom: 0px !important;}&#8221;][vc_column_text el_class=&#8221;font-34px&#8221; css=&#8221;.vc_custom_1737986542173{margin-bottom: 0px !important;}&#8221;]O cart\u00e3o de cr\u00e9dito iib \u00e9 aceite em qualquer estabelecimento comercial VISA a n\u00edvel mundial. Gira o seu fluxo de caixa e fa\u00e7a compras que pode saldar mais tarde. Tamb\u00e9m pode obter um adiantamento em dinheiro nas nossas ag\u00eancias ou caixas autom\u00e1ticas.[\/vc_column_text][\/vc_column][\/vc_row][\/vc_section][vc_section css=&#8221;.vc_custom_1737986616785{padding-top: 65px !important;padding-bottom: 0px !important;}&#8221; el_class=&#8221;our-purpose-text-box applyroW absltE bgnonE&#8221;][vc_row tm_bgimagefixed=&#8221;&#8221; break_in_responsive=&#8221;1200&#8243; equal_height=&#8221;yes&#8221; el_class=&#8221;font-size-24&#8243;][vc_column tm_col_bg_expand=&#8221;left&#8221; width=&#8221;1\/2&#8243; css=&#8221;.vc_custom_1667370558252{padding-right: 17.5px !important;background-color: #eeeeee !important;}&#8221; el_id=&#8221;requirement-box-bg-right&#8221;][vc_row_inner break_in_responsive=&#8221;1200&#8243; css=&#8221;.vc_custom_1667366560047{padding-right: 17.5px !important;}&#8221; tm_responsive_css=&#8221;33209346|colbreak_no||||||0|||colbreak_no|||||||||colbreak_no||||||||||colbreak_no|||||||||&#8221;][vc_column_inner el_class=&#8221;Who-Can-Apply-iib&#8221;][vc_custom_heading text=&#8221;Quem pode solicitar?&#8221; font_container=&#8221;tag:h4|font_size:34px|text_align:left&#8221; use_theme_fonts=&#8221;yes&#8221; css=&#8221;.vc_custom_1680256903523{margin-bottom: 15px !important;}&#8221;][vc_column_text el_class=&#8221;who-can-apply-border requirements-iib linhght30&#8243;]A partir dos 18 anos de idade<\/p>\n<p>Residentes ou n\u00e3o residentes em CV<\/p>\n<p>Titulares de contas de dep\u00f3sito \u00e0 ordem e de poupan\u00e7a[\/vc_column_text][\/vc_column_inner][\/vc_row_inner][\/vc_column][vc_column tm_col_bg_expand=&#8221;right&#8221; width=&#8221;1\/2&#8243; el_id=&#8221;requirement-box-bg-left&#8221; css=&#8221;.vc_custom_1667370600202{background-color: #eeeeee !important;}&#8221;][vc_row_inner break_in_responsive=&#8221;1200&#8243; css=&#8221;.vc_custom_1667369534893{padding-left: 17.5px !important;}&#8221; tm_responsive_css=&#8221;33209346|colbreak_no||||||0|||colbreak_no|||||||||colbreak_no||||||||||colbreak_no|||||||||&#8221;][vc_column_inner el_class=&#8221;Who-Can-Apply-iib&#8221; css=&#8221;.vc_custom_1667371214992{padding-left: 65px !important;}&#8221;][vc_custom_heading text=&#8221;Solicite o cart\u00e3o de cr\u00e9dito iib&#8221; font_container=&#8221;tag:h4|font_size:34px|text_align:center&#8221; use_theme_fonts=&#8221;yes&#8221; css=&#8221;.vc_custom_1680256915464{margin-bottom: 15px !important;}&#8221;][vc_column_text el_class=&#8221;requirements-iib&#8221; css=&#8221;.vc_custom_1680256925487{margin-bottom: 20px !important;}&#8221;]<\/p>\n<p style=\"text-align: center;\">\u00c9 r\u00e1pido e f\u00e1cil de solicitar<\/p>\n<p>[\/vc_column_text][vc_custom_heading text=&#8221;Formul\u00e1rio de subscri\u00e7\u00e3o&#8221; font_container=&#8221;tag:h2|font_size:18px|text_align:center|color:%23575757|line_height:30px&#8221; use_theme_fonts=&#8221;yes&#8221; css=&#8221;.vc_custom_1680256934420{margin-bottom: 15px !important;}&#8221;][vc_column_text el_class=&#8221;download-default-button&#8221;]<\/p>\n<ul>\n<li><a href=\"\/westafrica\/wp-content\/uploads\/sites\/4\/2024\/03\/006.00_FICHA-ADESAO-CARTAO-VISA-GOLD.pdf\" download=\"\">Descarregar pdf<\/a><\/li>\n<\/ul>\n<p>[\/vc_column_text][\/vc_column_inner][\/vc_row_inner][\/vc_column][\/vc_row][\/vc_section][vc_section el_class=&#8221;plscntcT vertcenteR&#8221;][vc_row tm_bgimagefixed=&#8221;&#8221; el_id=&#8221;pic-with-text-box-right&#8221; css=&#8221;.vc_custom_1667392974926{margin-top: 65px !important;margin-bottom: 0px !important;}&#8221;][vc_column css=&#8221;.vc_custom_1667376019123{padding-right: 0px !important;padding-left: 0px !important;}&#8221;][vc_row_inner break_in_responsive=&#8221;1200&#8243; tm_zindex=&#8221;&#8221; content_placement=&#8221;middle&#8221; css=&#8221;.vc_custom_1737986651323{margin-bottom: 0px !important;padding-right: 0px !important;padding-left: 0px !important;background-color: #e6e6e6 !important;}&#8221;][vc_column_inner tm_zindex=&#8221;&#8221; width=&#8221;2\/3&#8243; css=&#8221;.vc_custom_1680070643792{margin-bottom: 0px !important;padding-top: 0px !important;padding-right: 0px !important;padding-left: 0px !important;}&#8221;][vc_single_image image=&#8221;333&#8243; img_size=&#8221;full&#8221; css=&#8221;.vc_custom_1678962044863{margin-bottom: 0px !important;}&#8221;][\/vc_column_inner][vc_column_inner width=&#8221;1\/3&#8243; css=&#8221;.vc_custom_1672647161222{padding-left: 20px !important;}&#8221; tm_responsive_css=&#8221;46939998|colbreak_no|||||30||||colbreak_no|||||||||colbreak_no||||||||||colbreak_no|||||||||&#8221;][vc_custom_heading text=&#8221;Seguro e c\u00f3modo&#8221; font_container=&#8221;tag:h2|font_size:36px|text_align:left|color:%23575757&#8243; use_theme_fonts=&#8221;yes&#8221; css=&#8221;.vc_custom_1680256961671{margin-bottom: 0px !important;}&#8221;][vc_raw_html el_class=&#8221;convenient&#8221;]JTNDdWwlMjBzdHlsZSUzRCUyMm1hcmdpbi1ib3R0b20lM0EwJTIwJTIxaW1wb3J0bmF0JTNCJTIyJTNFJTBBJTNDbGklM0VEaXNwb24lQzMlQUR2ZWwlMjBhJTIwcXVhbHF1ZXIlMjBob3JhJTIwZSUyMGVtJTIwcXVhbHF1ZXIlMjBsdWdhciUzQyUyRmxpJTNFJTBBJTNDbGklM0VFZmVjdHVlJTIwcGFnYW1lbnRvcyUyMGUlMjBmYSVDMyVBN2ElMjBjb21wcmFzJTIwb25kZSUyMG8lMjBWSVNBJTIwZXN0aXZlciUzQyUyRmxpJTNFJTBBJTNDJTJGdWwlM0U=[\/vc_raw_html][\/vc_column_inner][\/vc_row_inner][\/vc_column][\/vc_row][\/vc_section][vc_section css=&#8221;.vc_custom_1672646861947{margin-top: 65px !important;padding-top: 65px !important;padding-right: 30px !important;padding-bottom: 65px !important;padding-left: 30px !important;background-color: #e6e6e6 !important;}&#8221; el_class=&#8221;font-size-36&#8243;][vc_row tm_bgimagefixed=&#8221;&#8221; el_class=&#8221;Debit-Card-Box-Custom&#8221;][vc_column css=&#8221;.vc_custom_1667394811400{padding-right: 0px !important;padding-left: 0px !important;}&#8221;][vc_row_inner][vc_column_inner][vc_custom_heading text=&#8221;Outras informa\u00e7\u00f5es&#8221; font_container=&#8221;tag:h2|font_size:36px|text_align:left&#8221; use_theme_fonts=&#8221;yes&#8221; el_class=&#8221;font-size-36&#8243;][\/vc_column_inner][\/vc_row_inner][vc_raw_html el_class=&#8221;otherInformation&#8221;]JTNDdWwlM0UlMEElM0NsaSUzRU8lMjBsaW1pdGUlMjBkZSUyMHV0aWxpemElQzMlQTclQzMlQTNvJTIwZG8lMjBjYXJ0JUMzJUEzbyUyMCVDMyVBOSUyMDIwLjAwMCUyMENWRSUyRmRpYSUyMGVtJTIwcXVhbHF1ZXIlMjB0ZXJtaW5hbCUyMGRlJTIwcGFnYW1lbnRvJTIwYXV0b20lQzMlQTF0aWNvJTIwJTI4UE9TJTI5JTIwb3UlMjBsZXZhbnRhbWVudG8lMjBudW1hJTIwY2FpeGElMjBhdXRvbSVDMyVBMXRpY2ElMjAlMjhBVE0lMjklM0MlMkZsaSUzRSUwQSUzQ2xpJTNFQSUyMGF0cmlidWklQzMlQTclQzMlQTNvJTIwZGUlMjBjYXJ0JUMzJUI1ZXMlMjBlc3QlQzMlQTElMjBzdWplaXRhJTIwJUMzJUEwJTIwYXByb3ZhJUMzJUE3JUMzJUEzbyUyMGRvJTIwYmFuY28uJTIwJTNDJTJGbGklM0UlMEElM0NsaSUzRVF1YWxxdWVyJTIwY2FydCVDMyVBM28lMjBjb20lMjBzYWxkbyUyMG5lZ2F0aXZvJTIwbiVDMyVBM28lMjBwb2RlJTIwc2VyJTIwcmVub3ZhZG8uJTIwJTNDJTJGbGklM0UlMEElM0NsaSUzRUFzJTIwY29udGFzJTIwY29uanVudGFzJTIwZSUyMG1pc3RhcyUyMG4lQzMlQTNvJTIwcG9kZW0lMjBlc3RhciUyMGFzc29jaWFkYXMlMjBhJTIwdW0lMjBjYXJ0JUMzJUEzbyUyMGRlJTIwY3IlQzMlQTlkaXRvLiUzQyUyRmxpJTNFJTBBJTNDJTJGdWwlM0U=[\/vc_raw_html][\/vc_column][\/vc_row][\/vc_section][vc_section css=&#8221;.vc_custom_1737986689713{margin-top: 65px !important;margin-bottom: 0px !important;padding-top: 30px !important;padding-right: 15px !important;padding-bottom: 30px !important;padding-left: 15px !important;background-color: #1a2159 !important;}&#8221; el_class=&#8221;font-size-36 greyroW lostcardroW&#8221;][vc_row][vc_column][vc_column_text el_class=&#8221;stolen-card&#8221; css=&#8221;.vc_custom_1680257118816{margin-bottom: 0px !important;}&#8221;]Cart\u00e3o Perdido\/Roubado<\/p>\n<p>Para o bloqueio imediato do cart\u00e3o de cr\u00e9dito iib, os clientes devem contactar:<\/p>\n<p>SISP: + 238 262 63 10 \/ 800 24 24 | helpdesk@sisp.cv<\/p>\n<p>iibCV: +238 260 26 26 | infocv@iibanks.com[\/vc_column_text][\/vc_column][\/vc_row][\/vc_section][vc_section el_class=&#8221;button-style-box custom-news-box custom-container-1299-width boX2&#8243; css=&#8221;.vc_custom_1737986707477{padding-top: 65px !important;}&#8221;][vc_row tm_bgimagefixed=&#8221;&#8221; break_in_responsive=&#8221;1200&#8243; tm_responsive_css=&#8221;94009460|colbreak_no|||||||||colbreak_no|||||||||colbreak_no||||||||||colbreak_no|||||||||&#8221;][vc_column width=&#8221;1\/2&#8243;][vc_row_inner css=&#8221;.vc_custom_1665399177732{padding-right: 17.5px !important;padding-left: 17.5px !important;}&#8221; tm_responsive_css=&#8221;51053834|colbreak_no||||||0||0|colbreak_no|||||||||colbreak_no||||||||||colbreak_no|||||||||&#8221;][vc_column_inner][vc_single_image image=&#8221;331&#8243; img_size=&#8221;full&#8221; alignment=&#8221;center&#8221; css=&#8221;.vc_custom_1678962056889{margin-bottom: 0px !important;}&#8221;][vc_column_text el_class=&#8221;custom-white-text-box&#8221; css=&#8221;.vc_custom_1680774479036{background-color: #efefef !important;}&#8221;]<\/p>\n<h4 class=\"tm-custom-heading \">Conta de dep\u00f3sito \u00e0 ordem iib<\/h4>\n<p>Fa\u00e7a de forma f\u00e1cil a gest\u00e3o das suas finan\u00e7as di\u00e1rias onde quer que esteja. A conta de dep\u00f3sito \u00e0 ordem iib simplifica a verifica\u00e7\u00e3o do seu saldo, o pagamento das suas contas e o envio de dinheiro a amigos e familiares.<\/p>\n<div class=\"custom-theme-button mt-45\"><a title=\"\" href=\"\/westafrica\/pt\/particular\/contas\/conta-corrente\/\">Ler +<\/a><\/div>\n<p>[\/vc_column_text][\/vc_column_inner][\/vc_row_inner][\/vc_column][vc_column width=&#8221;1\/2&#8243;][vc_row_inner css=&#8221;.vc_custom_1665399193555{padding-right: 17.5px !important;padding-left: 17.5px !important;}&#8221; tm_responsive_css=&#8221;58412134|colbreak_no||||||0||0|colbreak_no|||||||||colbreak_no||||||||||colbreak_no|||||||||&#8221;][vc_column_inner][vc_single_image image=&#8221;11576&#8243; img_size=&#8221;full&#8221; alignment=&#8221;center&#8221; css=&#8221;.vc_custom_1732186204549{margin-bottom: 0px !important;}&#8221;][vc_column_text el_class=&#8221;custom-white-text-box&#8221; css=&#8221;.vc_custom_1680774499037{background-color: #efefef !important;}&#8221;]<\/p>\n<h4>Conta Jovem iib<\/h4>\n<p>Comece a desenvolver bons h\u00e1bitos financeiros desde tenra idade. Abra uma conta para o seu filho e ensine-o a poupar.<\/p>\n<div class=\"custom-theme-button mt-45\"><a title=\"\" href=\"\/westafrica\/pt\/particular\/contas\/conta-junior\/\">Ler +<\/a><\/div>\n<p>[\/vc_column_text][\/vc_column_inner][\/vc_row_inner][\/vc_column][\/vc_row][\/vc_section]<\/p>\n<\/div>","protected":false},"excerpt":{"rendered":"<p>[vc_section full_width=&#8221;stretch_row_content&#8221; el_class=&#8221;image-banner-with-text bottom-203-banner-text&#8221; css=&#8221;.vc_custom_1665060976256{padding-top: 0px !important;padding-bottom: 0px !important;}&#8221;][vc_row tm_bgimagefixed=&#8221;&#8221; full_width=&#8221;stretch_row_content_no_spaces&#8221;][vc_column][vc_row_inner][vc_column_inner css=&#8221;.vc_custom_1659424244579{padding-left: 0px !important;}&#8221;][vc_single_image image=&#8221;12046&#8243; img_size=&#8221;full&#8221; alignment=&#8221;center&#8221; css=&#8221;.vc_custom_1740484836195{margin-bottom: 0px !important;}&#8221;][vc_column_text el_class=&#8221;white-text banner-heading banner-text-box&#8221; css=&#8221;.vc_custom_1680256802812{margin-bottom: 0px !important;padding-top: 15px !important;padding-bottom: 15px !important;background-color: rgba(10,10,10,0.35) !important;*background-color: rgb(10,10,10) !important;}&#8221;] cart\u00e3o de cr\u00e9dito iib [\/vc_column_text][\/vc_column_inner][\/vc_row_inner][\/vc_column][\/vc_row][\/vc_section][vc_section css=&#8221;.vc_custom_1737986591576{padding-top: 65px !important;padding-bottom: 0px !important;}&#8221; el_class=&#8221;our-purpose-text-box ouroW&#8221;][vc_row tm_bgimagefixed=&#8221;&#8221; css=&#8221;.vc_custom_1667365774121{margin-bottom: 0px !important;}&#8221;][vc_column css=&#8221;.vc_custom_1667365779824{margin-bottom: 0px !important;}&#8221;][vc_column_text el_class=&#8221;font-34px&#8221; css=&#8221;.vc_custom_1737986542173{margin-bottom: [&hellip;]<\/p>\n","protected":false},"author":1,"featured_media":0,"parent":653,"menu_order":0,"comment_status":"closed","ping_status":"closed","template":"","meta":{"_acf_changed":false,"footnotes":""},"class_list":["post-924","page","type-page","status-publish","hentry"],"acf":[],"_links":{"self":[{"href":"https:\/\/dev.iibanks.com\/westafrica\/wp-json\/wp\/v2\/pages\/924","targetHints":{"allow":["GET"]}}],"collection":[{"href":"https:\/\/dev.iibanks.com\/westafrica\/wp-json\/wp\/v2\/pages"}],"about":[{"href":"https:\/\/dev.iibanks.com\/westafrica\/wp-json\/wp\/v2\/types\/page"}],"author":[{"embeddable":true,"href":"https:\/\/dev.iibanks.com\/westafrica\/wp-json\/wp\/v2\/users\/1"}],"replies":[{"embeddable":true,"href":"https:\/\/dev.iibanks.com\/westafrica\/wp-json\/wp\/v2\/comments?post=924"}],"version-history":[{"count":10,"href":"https:\/\/dev.iibanks.com\/westafrica\/wp-json\/wp\/v2\/pages\/924\/revisions"}],"predecessor-version":[{"id":12052,"href":"https:\/\/dev.iibanks.com\/westafrica\/wp-json\/wp\/v2\/pages\/924\/revisions\/12052"}],"up":[{"embeddable":true,"href":"https:\/\/dev.iibanks.com\/westafrica\/wp-json\/wp\/v2\/pages\/653"}],"wp:attachment":[{"href":"https:\/\/dev.iibanks.com\/westafrica\/wp-json\/wp\/v2\/media?parent=924"}],"curies":[{"name":"wp","href":"https:\/\/api.w.org\/{rel}","templated":true}]}}