
{"id":922,"date":"2023-03-30T13:04:53","date_gmt":"2023-03-30T13:04:53","guid":{"rendered":"https:\/\/dev.iibanks.com\/westafrica\/?page_id=922"},"modified":"2025-02-25T12:00:18","modified_gmt":"2025-02-25T12:00:18","slug":"credito-iib","status":"publish","type":"page","link":"https:\/\/dev.iibanks.com\/westafrica\/pt\/particular\/cartoes\/credito-iib\/","title":{"rendered":"Cr\u00e9dito iib"},"content":{"rendered":"<div class=\"wpb-content-wrapper\"><p>[vc_section full_width=&#8221;stretch_row_content&#8221; el_class=&#8221;image-banner-with-text bottom-203-banner-text&#8221; css=&#8221;.vc_custom_1665060976256{padding-top: 0px !important;padding-bottom: 0px !important;}&#8221;][vc_row tm_bgimagefixed=&#8221;&#8221; full_width=&#8221;stretch_row_content_no_spaces&#8221;][vc_column][vc_row_inner][vc_column_inner css=&#8221;.vc_custom_1659424244579{padding-left: 0px !important;}&#8221;][vc_single_image image=&#8221;12047&#8243; img_size=&#8221;full&#8221; alignment=&#8221;center&#8221; css=&#8221;.vc_custom_1740484797939{margin-bottom: 0px !important;}&#8221;][vc_column_text el_class=&#8221;white-text banner-heading banner-text-box&#8221; css=&#8221;.vc_custom_1680255800851{margin-bottom: 0px !important;padding-top: 15px !important;padding-bottom: 15px !important;background-color: rgba(10,10,10,0.35) !important;*background-color: rgb(10,10,10) !important;}&#8221;]<\/p>\n<p style=\"text-align: right;\">cart\u00e3o de d\u00e9bito iib<\/p>\n<p>[\/vc_column_text][\/vc_column_inner][\/vc_row_inner][\/vc_column][\/vc_row][\/vc_section][vc_section css=&#8221;.vc_custom_1737551389129{padding-top: 65px !important;padding-bottom: 0px !important;}&#8221; el_class=&#8221;our-purpose-text-box ouroW&#8221;][vc_row tm_bgimagefixed=&#8221;&#8221; css=&#8221;.vc_custom_1667365774121{margin-bottom: 0px !important;}&#8221;][vc_column css=&#8221;.vc_custom_1667365779824{margin-bottom: 0px !important;}&#8221;][vc_column_text el_class=&#8221;font-34px&#8221; css=&#8221;.vc_custom_1737555485920{margin-bottom: 0px !important;}&#8221;]<\/p>\n<p>Desfrute da comodidade de aceder \u00e0 sua conta iib onde quer que esteja. Com o cart\u00e3o de d\u00e9bito vinti4 iib, pode efectuar pagamentos e levantar dinheiro em qualquer estabelecimento acreditado em CV. Se tiver uma conta connosco, solicite hoje um cart\u00e3o de d\u00e9bito iib e despe\u00e7a-se do numer\u00e1rio.<\/p>\n<p>[\/vc_column_text][\/vc_column][\/vc_row][\/vc_section][vc_section css=&#8221;.vc_custom_1737553682805{padding-top: 65px !important;padding-bottom: 0px !important;}&#8221; el_class=&#8221;our-purpose-text-box applyroW absltE bgnonE&#8221;][vc_row tm_bgimagefixed=&#8221;&#8221; break_in_responsive=&#8221;1200&#8243; equal_height=&#8221;yes&#8221; el_class=&#8221;font-size-24&#8243;][vc_column tm_col_bg_expand=&#8221;left&#8221; width=&#8221;1\/2&#8243; css=&#8221;.vc_custom_1667370558252{padding-right: 17.5px !important;background-color: #eeeeee !important;}&#8221; el_id=&#8221;requirement-box-bg-right&#8221;][vc_row_inner break_in_responsive=&#8221;1200&#8243; css=&#8221;.vc_custom_1667366560047{padding-right: 17.5px !important;}&#8221; tm_responsive_css=&#8221;33209346|colbreak_no||||||0|||colbreak_no|||||||||colbreak_no||||||||||colbreak_no|||||||||&#8221;][vc_column_inner el_class=&#8221;Who-Can-Apply-iib&#8221;][vc_custom_heading text=&#8221;Quem pode solicitar?&#8221; font_container=&#8221;tag:h2|font_size:34px|text_align:left&#8221; use_theme_fonts=&#8221;yes&#8221; css=&#8221;.vc_custom_1680255827730{margin-bottom: 15px !important;}&#8221;][vc_column_text el_class=&#8221;who-can-apply-border requirements-iib&#8221;]A partir dos 18 anos de idade<\/p>\n<p>Residentes ou n\u00e3o residentes em CV<\/p>\n<p>Titulares de contas de dep\u00f3sito \u00e0 ordem iib[\/vc_column_text][\/vc_column_inner][\/vc_row_inner][\/vc_column][vc_column tm_col_bg_expand=&#8221;right&#8221; width=&#8221;1\/2&#8243; el_id=&#8221;requirement-box-bg-left&#8221; css=&#8221;.vc_custom_1667370600202{background-color: #eeeeee !important;}&#8221;][vc_row_inner break_in_responsive=&#8221;1200&#8243; css=&#8221;.vc_custom_1667369534893{padding-left: 17.5px !important;}&#8221; tm_responsive_css=&#8221;33209346|colbreak_no||||||0|||colbreak_no|||||||||colbreak_no||||||||||colbreak_no|||||||||&#8221;][vc_column_inner el_class=&#8221;Who-Can-Apply-iib&#8221; css=&#8221;.vc_custom_1667371214992{padding-left: 65px !important;}&#8221;][vc_custom_heading text=&#8221;Solicite o cart\u00e3o de d\u00e9bito iib&#8221; font_container=&#8221;tag:h2|font_size:34px|text_align:center&#8221; use_theme_fonts=&#8221;yes&#8221; css=&#8221;.vc_custom_1680255861087{margin-bottom: 15px !important;}&#8221;][vc_column_text el_class=&#8221;requirements-iib&#8221; css=&#8221;.vc_custom_1680255879108{margin-bottom: 20px !important;}&#8221;]<\/p>\n<p style=\"text-align: center;\">\u00c9 r\u00e1pido e f\u00e1cil de solicitar<\/p>\n<p>[\/vc_column_text][vc_custom_heading text=&#8221;Formul\u00e1rio de subscri\u00e7\u00e3o&#8221; font_container=&#8221;tag:h2|font_size:18px|text_align:center|color:%23575757|line_height:30px&#8221; use_theme_fonts=&#8221;yes&#8221; css=&#8221;.vc_custom_1680255893520{margin-bottom: 0px !important;}&#8221;][vc_column_text el_class=&#8221;download-default-button&#8221;]<\/p>\n<ul>\n<li><a href=\"\/westafrica\/wp-content\/uploads\/sites\/4\/2024\/03\/003.01_FICHA-DE-ADESAO-CARTAO-VINTI4.pdf\" download=\"\">Descarregar pdf<\/a><\/li>\n<\/ul>\n<p>[\/vc_column_text][\/vc_column_inner][\/vc_row_inner][\/vc_column][\/vc_row][\/vc_section][vc_section el_class=&#8221;plscntcT vertcenteR&#8221;][vc_row tm_bgimagefixed=&#8221;&#8221; el_id=&#8221;pic-with-text-box-right&#8221; css=&#8221;.vc_custom_1667392974926{margin-top: 65px !important;margin-bottom: 0px !important;}&#8221;][vc_column css=&#8221;.vc_custom_1667376019123{padding-right: 0px !important;padding-left: 0px !important;}&#8221;][vc_row_inner break_in_responsive=&#8221;1200&#8243; tm_zindex=&#8221;&#8221; content_placement=&#8221;middle&#8221; css=&#8221;.vc_custom_1737553443904{margin-bottom: 0px !important;padding-right: 0px !important;padding-left: 0px !important;background-color: #e6e6e6 !important;}&#8221;][vc_column_inner tm_zindex=&#8221;&#8221; width=&#8221;2\/3&#8243; css=&#8221;.vc_custom_1680002244248{margin-bottom: 0px !important;padding-top: 0px !important;padding-right: 0px !important;padding-left: 0px !important;}&#8221;][vc_single_image image=&#8221;326&#8243; img_size=&#8221;full&#8221; css=&#8221;.vc_custom_1678961865293{margin-bottom: 0px !important;}&#8221;][\/vc_column_inner][vc_column_inner width=&#8221;1\/3&#8243; css=&#8221;.vc_custom_1672646479232{padding-left: 20px !important;}&#8221; tm_responsive_css=&#8221;58827352|colbreak_no|||||30||||colbreak_no|||||||||colbreak_no||||||||||colbreak_no|||||||||&#8221;][vc_custom_heading text=&#8221;Seguro e c\u00f3modo&#8221; font_container=&#8221;tag:h2|font_size:36px|text_align:left|color:%23575757&#8243; use_theme_fonts=&#8221;yes&#8221; css=&#8221;.vc_custom_1680255929343{margin-bottom: 0px !important;}&#8221;][vc_raw_html el_class=&#8221;convenient&#8221;]JTNDdWwlM0UlMEElM0NsaSUzRURpc3BvbiVDMyVBRHZlbCUyMGElMjBxdWFscXVlciUyMGhvcmElMjBlJTIwZW0lMjBxdWFscXVlciUyMGx1Z2FyJTIwJTNDJTJGbGklM0UlMEElM0NsaSUzRUVmZWN0dWUlMjBwYWdhbWVudG9zJTIwZSUyMHRyYW5zZmVyJUMzJUFBbmNpYXMlMjAlM0MlMkZsaSUzRSUwQSUzQ2xpJTNFRmElQzMlQTdhJTIwbGV2YW50YW1lbnRvcyUyMGVtJTIwcXVhbHF1ZXIlMjBBVE0lM0MlMkZsaSUzRSUwQSUzQyUyRnVsJTNF[\/vc_raw_html][\/vc_column_inner][\/vc_row_inner][\/vc_column][\/vc_row][\/vc_section][vc_section css=&#8221;.vc_custom_1672645671254{margin-top: 65px !important;padding-top: 65px !important;padding-right: 30px !important;padding-bottom: 65px !important;padding-left: 30px !important;background-color: #e6e6e6 !important;}&#8221; el_class=&#8221;font-size-36&#8243;][vc_row tm_bgimagefixed=&#8221;&#8221; el_class=&#8221;Debit-Card-Box-Custom&#8221;][vc_column css=&#8221;.vc_custom_1667394811400{padding-right: 0px !important;padding-left: 0px !important;}&#8221;][vc_row_inner][vc_column_inner][vc_custom_heading text=&#8221;Outras informa\u00e7\u00f5es&#8221; font_container=&#8221;tag:h2|font_size:36|text_align:left|line_height:1&#8243; use_theme_fonts=&#8221;yes&#8221; el_class=&#8221;font-size-36&#8243; css=&#8221;.vc_custom_1680255978146{margin-bottom: 15px !important;}&#8221;][\/vc_column_inner][\/vc_row_inner][vc_row_inner][vc_column_inner width=&#8221;2\/3&#8243;][vc_raw_html el_class=&#8221;otherInformation&#8221;]JTNDdWwlM0UlMEElM0NsaSUzRU9zJTIwY2FydCVDMyVCNWVzJTIwbiVDMyVBM28lMjBwb2RlbSUyMHNlciUyMGF0cmlidSVDMyVBRGRvcyUyMCVDMyVBMHF1ZWxlcyUyMHF1ZSUyMG4lQzMlQTNvJTIwc3Vic2NyZXZlbSUyMGElMjBwcm9wb3N0YSUyMGRlJTIwYXNzaW5hdHVyYSUyMGRvJTIwc2VydmklQzMlQTdvJTIwJTNDJTJGbGklM0UlMEElM0NsaSUzRUFzJTIwY29udGFzJTIwY29uanVudGFzJTIwZSUyMG1pc3RhcyUyMG4lQzMlQTNvJTIwcG9kZW0lMjBlc3RhciUyMGFzc29jaWFkYXMlMjBhbyUyMGNhcnQlQzMlQTNvJTIwZGUlMjBkJUMzJUE5Yml0byUyMCUzQyUyRmxpJTNFJTBBJTNDbGklM0VPcyUyMGNhcnQlQzMlQjVlcyUyMG4lQzMlQTNvJTIwcG9kZW0lMjBzZXIlMjBhdHJpYnUlQzMlQURkb3MlMjBhJTIwY29udGFzJTIwY29tJTIwdW0lMjBzYWxkbyUyMG5lZ2F0aXZvJTIwJTNDJTJGbGklM0UlMEElM0NsaSUzRURlc3Blc2FzJTIwY29tJTIwYW51aWRhZGVzJTJDJTIwc3Vic3RpdHVpJUMzJUE3JUMzJUEzbyUyQyUyMGNvbWlzcyVDMyVCNWVzJTJDJTIwaW1wb3N0byUyMGRlJTIwc2VsbyUyQyUyMGV0Yy4lMkMlMjBkZSUyMGFjb3JkbyUyMGNvbSUyMG8lMjBwcmUlQzMlQTclQzMlQTFyaW8lM0MlMkZsaSUzRSUwQSUzQyUyRnVsJTNF[\/vc_raw_html][\/vc_column_inner][vc_column_inner width=&#8221;1\/3&#8243;][\/vc_column_inner][\/vc_row_inner][vc_row_inner][vc_column_inner width=&#8221;2\/3&#8243;][vc_raw_html el_class=&#8221;otherInformation&#8221;]JTNDdWwlM0UlMEElM0NsaSUzRUFubnVpdHklMjBleHBlbnNlcyUyQyUyMHJlcGxhY2VtZW50JTJDJTIwY29tbWlzc2lvbnMlMkMlMjBzdGFtcCUyMHRheCUyMGV0Yy4lMjBhY2NvcmRpbmclMjB0byUyMHRoZSUyMGN1cnJlbnQlMjBwcmljaW5nJTNDJTJGbGklM0UlMEElM0MlMkZ1bCUzRQ==[\/vc_raw_html][\/vc_column_inner][vc_column_inner width=&#8221;1\/3&#8243;][vc_custom_heading text=&#8221;Pre\u00e7\u00e1rio do iib&#8221; font_container=&#8221;tag:h2|font_size:18px|text_align:center|color:%23575757|line_height:30px&#8221; use_theme_fonts=&#8221;yes&#8221;][vc_btn title=&#8221;Download pdf&#8221; style=&#8221;custom&#8221; custom_background=&#8221;#312b6b&#8221; custom_text=&#8221;#ffffff&#8221; align=&#8221;center&#8221; el_class=&#8221;pricelist-pdf-btn&#8221; css=&#8221;.vc_custom_1684152261050{margin-bottom: 0px !important;}&#8221; link=&#8221;url:%2Fwestafrica%2Fwp-content%2Fuploads%2Fsites%2F4%2F2023%2F05%2FPrecario-2023.pdf|target:_blank&#8221;][\/vc_column_inner][\/vc_row_inner][\/vc_column][\/vc_row][\/vc_section][vc_section css=&#8221;.vc_custom_1737551473648{padding-top: 65px !important;padding-right: 15px !important;padding-bottom: 0px !important;padding-left: 15px !important;}&#8221; el_class=&#8221;font-size-36 cardli&#8221;][vc_row tm_bgimagefixed=&#8221;&#8221; el_class=&#8221;Debit-Card-Box-Custom&#8221;][vc_column css=&#8221;.vc_custom_1667394811400{padding-right: 0px !important;padding-left: 0px !important;}&#8221;][vc_single_image image=&#8221;323&#8243; img_size=&#8221;full&#8221; el_class=&#8221;debit-card-image&#8221; css=&#8221;.vc_custom_1678961890592{margin-bottom: 0px !important;}&#8221;][vc_column_text el_class=&#8221;Debit-Card-text&#8221; css=&#8221;.vc_custom_1737555401696{padding-left: 45px !important;}&#8221;]Para activar o seu cart\u00e3o de d\u00e9bito iib:<\/p>\n<ul class=\"activecard-steps\">\n<li>Solicite o PIN via SMS ou email<\/li>\n<li>Visite qualquer caixa autom\u00e1tica (ATM)<\/li>\n<li>Insira o seu cart\u00e3o de d\u00e9bito<\/li>\n<li>Altere o PIN recebido<\/li>\n<\/ul>\n<p>[\/vc_column_text][\/vc_column][\/vc_row][\/vc_section][vc_section css=&#8221;.vc_custom_1737551491199{margin-top: 65px !important;margin-bottom: 0px !important;padding-top: 30px !important;padding-right: 15px !important;padding-bottom: 30px !important;padding-left: 15px !important;background-color: #1a2159 !important;}&#8221; el_class=&#8221;font-size-36 greyroW lostcardroW&#8221;][vc_row][vc_column][vc_column_text el_class=&#8221;stolen-card&#8221; css=&#8221;.vc_custom_1680256202724{margin-bottom: 0px !important;}&#8221;]Cart\u00e3o Perdido\/Roubado<\/p>\n<p>Para o bloqueio imediato do cart\u00e3o de d\u00e9bito iib, os clientes devem contactar:<\/p>\n<p>SISP: + 238 262 63 10 \/ 800 24 24 | helpdesk@sisp.cv<\/p>\n<p>iibCV: +238 260 26 26 | infocv@iibanks.com[\/vc_column_text][\/vc_column][\/vc_row][\/vc_section][vc_section el_class=&#8221;button-style-box custom-news-box custom-container-1299-width boX2&#8243; css=&#8221;.vc_custom_1737551509222{padding-top: 65px !important;}&#8221;][vc_row tm_bgimagefixed=&#8221;&#8221; break_in_responsive=&#8221;1200&#8243;][vc_column width=&#8221;1\/2&#8243;][vc_row_inner css=&#8221;.vc_custom_1665399177732{padding-right: 17.5px !important;padding-left: 17.5px !important;}&#8221; tm_responsive_css=&#8221;51053834|colbreak_no||||||0||0|colbreak_no|||||||||colbreak_no||||||||||colbreak_no|||||||||&#8221;][vc_column_inner][vc_single_image image=&#8221;324&#8243; img_size=&#8221;full&#8221; alignment=&#8221;center&#8221; css=&#8221;.vc_custom_1678961900620{margin-bottom: 0px !important;}&#8221;][vc_column_text el_class=&#8221;custom-white-text-box&#8221; css=&#8221;.vc_custom_1680774236126{background-color: #efefef !important;}&#8221;]<\/p>\n<h4 class=\"tm-custom-heading \">Conta de dep\u00f3sito \u00e0 ordem iib<\/h4>\n<p>Fa\u00e7a de forma f\u00e1cil a gest\u00e3o das suas finan\u00e7as di\u00e1rias onde quer que esteja. A conta de dep\u00f3sito \u00e0 ordem iib simplifica a verifica\u00e7\u00e3o do seu saldo, o pagamento das suas contas e o envio de dinheiro a amigos e familiares.<\/p>\n<div class=\"custom-theme-button mt-45\"><a title=\"\" href=\"\/westafrica\/pt\/particular\/contas\/conta-corrente\/\">Ler +<\/a><\/div>\n<p>[\/vc_column_text][\/vc_column_inner][\/vc_row_inner][\/vc_column][vc_column width=&#8221;1\/2&#8243;][vc_row_inner css=&#8221;.vc_custom_1665399193555{padding-right: 17.5px !important;padding-left: 17.5px !important;}&#8221; tm_responsive_css=&#8221;58412134|colbreak_no||||||0||0|colbreak_no|||||||||colbreak_no||||||||||colbreak_no|||||||||&#8221;][vc_column_inner][vc_single_image image=&#8221;11576&#8243; img_size=&#8221;full&#8221; alignment=&#8221;center&#8221; css=&#8221;.vc_custom_1732186481818{margin-bottom: 0px !important;}&#8221;][vc_column_text el_class=&#8221;custom-white-text-box&#8221; css=&#8221;.vc_custom_1680774249930{background-color: #efefef !important;}&#8221;]<\/p>\n<h4>Conta Jovem iib<\/h4>\n<p>Comece a desenvolver bons h\u00e1bitos financeiros desde tenra idade. Abra uma conta para o seu filho e ensine-o a poupar.<\/p>\n<div class=\"custom-theme-button mt-45\"><a title=\"\" href=\"\/westafrica\/pt\/particular\/contas\/conta-junior\/\">Ler +<\/a><\/div>\n<p>[\/vc_column_text][\/vc_column_inner][\/vc_row_inner][\/vc_column][\/vc_row][\/vc_section]<\/p>\n<\/div>","protected":false},"excerpt":{"rendered":"<p>[vc_section full_width=&#8221;stretch_row_content&#8221; el_class=&#8221;image-banner-with-text bottom-203-banner-text&#8221; css=&#8221;.vc_custom_1665060976256{padding-top: 0px !important;padding-bottom: 0px !important;}&#8221;][vc_row tm_bgimagefixed=&#8221;&#8221; full_width=&#8221;stretch_row_content_no_spaces&#8221;][vc_column][vc_row_inner][vc_column_inner css=&#8221;.vc_custom_1659424244579{padding-left: 0px !important;}&#8221;][vc_single_image image=&#8221;12047&#8243; img_size=&#8221;full&#8221; alignment=&#8221;center&#8221; css=&#8221;.vc_custom_1740484797939{margin-bottom: 0px !important;}&#8221;][vc_column_text el_class=&#8221;white-text banner-heading banner-text-box&#8221; css=&#8221;.vc_custom_1680255800851{margin-bottom: 0px !important;padding-top: 15px !important;padding-bottom: 15px !important;background-color: rgba(10,10,10,0.35) !important;*background-color: rgb(10,10,10) !important;}&#8221;] cart\u00e3o de d\u00e9bito iib [\/vc_column_text][\/vc_column_inner][\/vc_row_inner][\/vc_column][\/vc_row][\/vc_section][vc_section css=&#8221;.vc_custom_1737551389129{padding-top: 65px !important;padding-bottom: 0px !important;}&#8221; el_class=&#8221;our-purpose-text-box ouroW&#8221;][vc_row tm_bgimagefixed=&#8221;&#8221; css=&#8221;.vc_custom_1667365774121{margin-bottom: 0px !important;}&#8221;][vc_column css=&#8221;.vc_custom_1667365779824{margin-bottom: 0px !important;}&#8221;][vc_column_text el_class=&#8221;font-34px&#8221; css=&#8221;.vc_custom_1737555485920{margin-bottom: [&hellip;]<\/p>\n","protected":false},"author":1,"featured_media":0,"parent":653,"menu_order":0,"comment_status":"closed","ping_status":"closed","template":"","meta":{"_acf_changed":false,"footnotes":""},"class_list":["post-922","page","type-page","status-publish","hentry"],"acf":[],"_links":{"self":[{"href":"https:\/\/dev.iibanks.com\/westafrica\/wp-json\/wp\/v2\/pages\/922","targetHints":{"allow":["GET"]}}],"collection":[{"href":"https:\/\/dev.iibanks.com\/westafrica\/wp-json\/wp\/v2\/pages"}],"about":[{"href":"https:\/\/dev.iibanks.com\/westafrica\/wp-json\/wp\/v2\/types\/page"}],"author":[{"embeddable":true,"href":"https:\/\/dev.iibanks.com\/westafrica\/wp-json\/wp\/v2\/users\/1"}],"replies":[{"embeddable":true,"href":"https:\/\/dev.iibanks.com\/westafrica\/wp-json\/wp\/v2\/comments?post=922"}],"version-history":[{"count":13,"href":"https:\/\/dev.iibanks.com\/westafrica\/wp-json\/wp\/v2\/pages\/922\/revisions"}],"predecessor-version":[{"id":12051,"href":"https:\/\/dev.iibanks.com\/westafrica\/wp-json\/wp\/v2\/pages\/922\/revisions\/12051"}],"up":[{"embeddable":true,"href":"https:\/\/dev.iibanks.com\/westafrica\/wp-json\/wp\/v2\/pages\/653"}],"wp:attachment":[{"href":"https:\/\/dev.iibanks.com\/westafrica\/wp-json\/wp\/v2\/media?parent=922"}],"curies":[{"name":"wp","href":"https:\/\/api.w.org\/{rel}","templated":true}]}}