
{"id":914,"date":"2023-03-30T13:02:20","date_gmt":"2023-03-30T13:02:20","guid":{"rendered":"https:\/\/dev.iibanks.com\/westafrica\/?page_id=914"},"modified":"2025-01-24T09:44:01","modified_gmt":"2025-01-24T09:44:01","slug":"dep-a-prazo-standard","status":"publish","type":"page","link":"https:\/\/dev.iibanks.com\/westafrica\/pt\/particular\/contas\/dep-a-prazo-standard\/","title":{"rendered":"Dep. a Prazo Standard"},"content":{"rendered":"<div class=\"wpb-content-wrapper\"><p>[vc_section full_width=&#8221;stretch_row_content&#8221; el_class=&#8221;image-banner-with-text bottom-203-banner-text&#8221; css=&#8221;.vc_custom_1665060976256{padding-top: 0px !important;padding-bottom: 0px !important;}&#8221;][vc_row tm_bgimagefixed=&#8221;&#8221; full_width=&#8221;stretch_row_content_no_spaces&#8221;][vc_column][vc_row_inner][vc_column_inner css=&#8221;.vc_custom_1659424244579{padding-left: 0px !important;}&#8221;][vc_single_image image=&#8221;11548&#8243; img_size=&#8221;full&#8221; alignment=&#8221;center&#8221; css=&#8221;.vc_custom_1732182862555{margin-bottom: 0px !important;}&#8221;][vc_column_text el_class=&#8221;white-text banner-heading banner-text-box banner-caption-btn-135px&#8221; css=&#8221;.vc_custom_1680253732221{margin-bottom: 0px !important;padding-top: 15px !important;padding-bottom: 15px !important;background-color: rgba(10,10,10,0.35) !important;*background-color: rgb(10,10,10) !important;}&#8221;]<\/p>\n<p style=\"text-align: right;\">dep\u00f3sito a prazo iib<\/p>\n<p class=\"iib-sub-caption\" style=\"text-align: right;\">planos de poupan\u00e7a flex\u00edveis<\/p>\n<p>[\/vc_column_text][\/vc_column_inner][\/vc_row_inner][\/vc_column][\/vc_row][\/vc_section][vc_section css=&#8221;.vc_custom_1737710435954{padding-top: 65px !important;padding-bottom: 0px !important;}&#8221; el_class=&#8221;our-purpose-text-box ouroW&#8221;][vc_row tm_bgimagefixed=&#8221;&#8221; css=&#8221;.vc_custom_1667365774121{margin-bottom: 0px !important;}&#8221;][vc_column css=&#8221;.vc_custom_1667365779824{margin-bottom: 0px !important;}&#8221;][vc_column_text el_class=&#8221;font-34px&#8221; css=&#8221;.vc_custom_1737711644938{margin-bottom: 0px !important;}&#8221;]Beneficie de uma taxa de juro elevada com o dep\u00f3sito a prazo iib. Aproveite as nossas taxas de juro competitivas e desfrute de um retorno seguro e regular. Oferecemos uma variedade de prazos para o ajudar no planeamento do seu futuro.[\/vc_column_text][\/vc_column][\/vc_row][\/vc_section][vc_section css=&#8221;.vc_custom_1737711831392{padding-top: 65px !important;padding-bottom: 0px !important;}&#8221; el_class=&#8221;our-purpose-text-box applyroW absltE bgnonE&#8221;][vc_row tm_bgimagefixed=&#8221;&#8221; break_in_responsive=&#8221;991&#8243; el_class=&#8221;font-size-24&#8243;][vc_column tm_col_bg_expand=&#8221;left&#8221; width=&#8221;1\/2&#8243; css=&#8221;.vc_custom_1667370558252{padding-right: 17.5px !important;background-color: #eeeeee !important;}&#8221; el_id=&#8221;requirement-box-bg-right&#8221;][vc_row_inner break_in_responsive=&#8221;1200&#8243; css=&#8221;.vc_custom_1667366560047{padding-right: 17.5px !important;}&#8221; tm_responsive_css=&#8221;33209346|colbreak_no||||||0|||colbreak_no|||||||||colbreak_no||||||||||colbreak_no|||||||||&#8221;][vc_column_inner el_class=&#8221;Who-Can-Apply-iib&#8221;][vc_custom_heading text=&#8221;Quem pode solicitar?&#8221; font_container=&#8221;tag:h4|font_size:34px|text_align:left&#8221; use_theme_fonts=&#8221;yes&#8221; el_class=&#8221;fontFamily&#8221; css=&#8221;.vc_custom_1680253754291{margin-bottom: 15px !important;}&#8221;][vc_column_text el_class=&#8221;who-can-apply-border requirements-iib&#8221;]A partir dos 18 anos de idade<\/p>\n<p>Residentes ou n\u00e3o residentes em CV<\/p>\n<p>M\u00ednimo 100.000 CVE[\/vc_column_text][\/vc_column_inner][\/vc_row_inner][\/vc_column][vc_column tm_col_bg_expand=&#8221;right&#8221; width=&#8221;1\/2&#8243; el_id=&#8221;requirement-box-bg-left&#8221; css=&#8221;.vc_custom_1667370600202{background-color: #eeeeee !important;}&#8221;][vc_row_inner break_in_responsive=&#8221;1200&#8243; css=&#8221;.vc_custom_1667369534893{padding-left: 17.5px !important;}&#8221; tm_responsive_css=&#8221;33209346|colbreak_no||||||0|||colbreak_no|||||||||colbreak_no||||||||||colbreak_no|||||||||&#8221;][vc_column_inner el_class=&#8221;Who-Can-Apply-iib Who-Can-Apply-iib-special&#8221; css=&#8221;.vc_custom_1675083162512{padding-left: 65px !important;}&#8221;][vc_custom_heading text=&#8221;Prazos flex\u00edveis e taxas de juros<br \/>\ncompetitivas&#8221; font_container=&#8221;tag:h4|font_size:34px|text_align:center&#8221; use_theme_fonts=&#8221;yes&#8221; el_class=&#8221;fontFamily&#8221; css=&#8221;.vc_custom_1680253787407{margin-bottom: 10px !important;}&#8221;][\/vc_column_inner][\/vc_row_inner][vc_row_inner css=&#8221;.vc_custom_1675083286496{padding-bottom: 25px !important;padding-left: 65px !important;}&#8221;][vc_column_inner][vc_column_text el_class=&#8221;download-default-button&#8221; css=&#8221;.vc_custom_1682580534587{margin-bottom: 0px !important;}&#8221;]<\/p>\n<ul>\n<li>Formul\u00e1rio Subscri\u00e7\u00e3o <a href=\"\/westafrica\/wp-content\/uploads\/sites\/4\/2023\/04\/007-_-DEPOSITO-A-PRAZO-CONSTITUICAO.pdf\" download=\"\">Descarregar pdf<\/a><\/li>\n<\/ul>\n<p>[\/vc_column_text][\/vc_column_inner][\/vc_row_inner][\/vc_column][\/vc_row][\/vc_section][vc_section el_class=&#8221;custom-container-1299-width rateroW&#8221;][vc_row tm_bgimagefixed=&#8221;&#8221; css=&#8221;.vc_custom_1667386415140{margin-top: 65px !important;}&#8221;][vc_column css=&#8221;.vc_custom_1667386477753{margin-bottom: 35px !important;}&#8221;][vc_custom_heading text=&#8221;Prazos Flex\u00edveis&#8221; font_container=&#8221;tag:h2|font_size:36px|text_align:center|color:%23575757&#8243; use_theme_fonts=&#8221;yes&#8221; css=&#8221;.vc_custom_1682504813028{margin-bottom: 0px !important;padding-right: 0px !important;padding-bottom: 0px !important;padding-left: 0px !important;}&#8221; el_class=&#8221;fontFamily&#8221;][\/vc_column][\/vc_row][vc_row tm_bgimagefixed=&#8221;&#8221; break_in_responsive=&#8221;1200&#8243;][vc_column width=&#8221;1\/5&#8243;][vc_row_inner css=&#8221;.vc_custom_1667389040785{padding-right: 17.5px !important;padding-left: 17.5px !important;}&#8221;][vc_column_inner][vc_custom_heading text=&#8221;30 Dias&#8221; font_container=&#8221;tag:h2|font_size:36px|text_align:center|color:%23ffffff|line_height:25px&#8221; use_theme_fonts=&#8221;yes&#8221; css=&#8221;.vc_custom_1680253863839{padding-top: 30px !important;padding-bottom: 30px !important;background-color: #1a2159 !important;}&#8221;][\/vc_column_inner][\/vc_row_inner][\/vc_column][vc_column width=&#8221;1\/5&#8243;][vc_row_inner css=&#8221;.vc_custom_1667389070456{padding-right: 17.5px !important;padding-left: 17.5px !important;}&#8221;][vc_column_inner][vc_custom_heading text=&#8221;91 Dias&#8221; font_container=&#8221;tag:h2|font_size:36px|text_align:center|color:%23ffffff|line_height:25px&#8221; use_theme_fonts=&#8221;yes&#8221; css=&#8221;.vc_custom_1680253869430{padding-top: 30px !important;padding-bottom: 30px !important;background-color: #1a2159 !important;}&#8221;][\/vc_column_inner][\/vc_row_inner][\/vc_column][vc_column width=&#8221;1\/5&#8243;][vc_row_inner css=&#8221;.vc_custom_1667389143127{padding-right: 17.5px !important;padding-left: 17.5px !important;}&#8221;][vc_column_inner][vc_custom_heading text=&#8221;181 Dias&#8221; font_container=&#8221;tag:h2|font_size:36px|text_align:center|color:%23ffffff|line_height:25px&#8221; use_theme_fonts=&#8221;yes&#8221; css=&#8221;.vc_custom_1680253875708{padding-top: 30px !important;padding-bottom: 30px !important;background-color: #1a2159 !important;}&#8221;][\/vc_column_inner][\/vc_row_inner][\/vc_column][vc_column width=&#8221;1\/5&#8243;][vc_row_inner css=&#8221;.vc_custom_1667389329361{padding-right: 17.5px !important;padding-left: 17.5px !important;}&#8221;][vc_column_inner css=&#8221;.vc_custom_1667389165271{padding-right: 17.5px !important;padding-left: 17.5px !important;}&#8221;][vc_custom_heading text=&#8221;365 Dias&#8221; font_container=&#8221;tag:h2|font_size:36px|text_align:center|color:%23ffffff|line_height:25px&#8221; use_theme_fonts=&#8221;yes&#8221; css=&#8221;.vc_custom_1680253881255{padding-top: 30px !important;padding-bottom: 30px !important;background-color: #1a2159 !important;}&#8221;][\/vc_column_inner][\/vc_row_inner][\/vc_column][vc_column width=&#8221;1\/5&#8243;][vc_row_inner css=&#8221;.vc_custom_1667389143127{padding-right: 17.5px !important;padding-left: 17.5px !important;}&#8221;][vc_column_inner][vc_custom_heading text=&#8221;730 Dias&#8221; font_container=&#8221;tag:h2|font_size:36px|text_align:center|color:%23ffffff|line_height:25px&#8221; use_theme_fonts=&#8221;yes&#8221; css=&#8221;.vc_custom_1680253887488{padding-top: 30px !important;padding-bottom: 30px !important;background-color: #1a2159 !important;}&#8221;][\/vc_column_inner][\/vc_row_inner][\/vc_column][\/vc_row][\/vc_section][vc_section css=&#8221;.vc_custom_1737710652156{padding-top: 65px !important;padding-bottom: 0px !important;}&#8221; el_class=&#8221;font-size-36 custom-section-policy-box blugreY usdroWolD&#8221;][vc_row tm_bgimagefixed=&#8221;&#8221; break_in_responsive=&#8221;1200&#8243; tm_zindex=&#8221;&#8221; el_class=&#8221;fontFamily_table&#8221;][vc_column width=&#8221;1\/4&#8243; css=&#8221;.vc_custom_1667372152445{padding-right: 5px !important;padding-left: 0px !important;}&#8221;][vc_custom_heading text=&#8221;Benef\u00edcios&#8221; font_container=&#8221;tag:h2|font_size:24px|text_align:right|color:%23ffffff&#8221; use_theme_fonts=&#8221;yes&#8221; css=&#8221;.vc_custom_1680253905065{margin-bottom: 0px !important;padding-top: 3px !important;padding-right: 15px !important;padding-bottom: 3px !important;padding-left: 15px !important;background-color: #1a2159 !important;}&#8221;][\/vc_column][vc_column width=&#8221;3\/4&#8243; css=&#8221;.vc_custom_1667372159612{padding-right: 0px !important;padding-left: 5px !important;}&#8221;][vc_custom_heading text=&#8221;Facilidade de levantamentos para viagens, ordens de pagamento etc.&#8221; font_container=&#8221;tag:h2|font_size:22px|text_align:left|color:%23575757&#8243; use_theme_fonts=&#8221;yes&#8221; css=&#8221;.vc_custom_1680253913157{margin-bottom: 10px !important;padding-top: 3px !important;padding-right: 15px !important;padding-bottom: 3px !important;padding-left: 15px !important;background-color: #e5e5e5 !important;}&#8221;][vc_custom_heading text=&#8221;Taxa de juros atractiva a pagar no vencimento na sua conta de dep\u00f3sito \u00e0 ordem ou de poupan\u00e7a iib&#8221; font_container=&#8221;tag:h2|font_size:22px|text_align:left|color:%23575757&#8243; use_theme_fonts=&#8221;yes&#8221; css=&#8221;.vc_custom_1680253921189{margin-bottom: 10px !important;padding-top: 3px !important;padding-right: 15px !important;padding-bottom: 3px !important;padding-left: 15px !important;background-color: #e5e5e5 !important;}&#8221;][vc_custom_heading text=&#8221;O dep\u00f3sito pode ser utilizado como garantia para financiamento banc\u00e1rio&#8221; font_container=&#8221;tag:h2|font_size:22px|text_align:left|color:%23575757&#8243; use_theme_fonts=&#8221;yes&#8221; css=&#8221;.vc_custom_1680253928735{margin-bottom: 10px !important;padding-top: 3px !important;padding-right: 15px !important;padding-bottom: 3px !important;padding-left: 15px !important;background-color: #e5e5e5 !important;}&#8221;][vc_custom_heading text=&#8221;Possibilidade de reembolso antecipado (ser\u00e3o aplicados ajuste nas taxas, e mediante penaliza\u00e7\u00f5es dos juros a receber&#8221; font_container=&#8221;tag:h2|font_size:22px|text_align:left|color:%23575757&#8243; use_theme_fonts=&#8221;yes&#8221; css=&#8221;.vc_custom_1680253936981{margin-bottom: 10px !important;padding-top: 3px !important;padding-right: 15px !important;padding-bottom: 3px !important;padding-left: 15px !important;background-color: #e5e5e5 !important;}&#8221;][vc_custom_heading text=&#8221;Renova\u00e7\u00e3o autom\u00e1tica com o mesmo prazo e \u00e0 taxa aplic\u00e1vel no momento do vencimento&#8221; font_container=&#8221;tag:h2|font_size:22px|text_align:left|color:%23575757&#8243; use_theme_fonts=&#8221;yes&#8221; css=&#8221;.vc_custom_1680253944875{margin-bottom: 10px !important;padding-top: 3px !important;padding-right: 15px !important;padding-bottom: 3px !important;padding-left: 15px !important;background-color: #e5e5e5 !important;}&#8221;][\/vc_column][\/vc_row][\/vc_section][vc_section el_class=&#8221;button-style-box custom-news-box custom-container-1299-width boX2&#8243; css=&#8221;.vc_custom_1737710669603{padding-top: 65px !important;}&#8221;][vc_row tm_bgimagefixed=&#8221;&#8221; break_in_responsive=&#8221;1200&#8243;][vc_column width=&#8221;1\/2&#8243;][vc_row_inner css=&#8221;.vc_custom_1665399177732{padding-right: 17.5px !important;padding-left: 17.5px !important;}&#8221; tm_responsive_css=&#8221;51053834|colbreak_no||||||0||0|colbreak_no|||||||||colbreak_no||||||||||colbreak_no|||||||||&#8221;][vc_column_inner][vc_single_image image=&#8221;299&#8243; img_size=&#8221;full&#8221; alignment=&#8221;center&#8221; css=&#8221;.vc_custom_1678961051675{margin-bottom: 0px !important;}&#8221;][vc_column_text el_class=&#8221;custom-white-text-box&#8221; css=&#8221;.vc_custom_1680773029757{background-color: #efefef !important;}&#8221;]<\/p>\n<h4 class=\"tm-custom-heading \">Conta de dep\u00f3sito \u00e0 ordem iib<\/h4>\n<p>Fa\u00e7a de forma f\u00e1cil a gest\u00e3o das suas finan\u00e7as di\u00e1rias onde quer que esteja. A conta de dep\u00f3sito \u00e0 ordem iib simplifica a verifica\u00e7\u00e3o do seu saldo, o pagamento das suas contas e o envio de dinheiro a amigos e familiares.<\/p>\n<div class=\"custom-theme-button mt-45\"><a title=\"\" href=\"\/westafrica\/pt\/particular\/contas\/conta-corrente\/\">Ler +<\/a><\/div>\n<p>[\/vc_column_text][\/vc_column_inner][\/vc_row_inner][\/vc_column][vc_column width=&#8221;1\/2&#8243;][vc_row_inner css=&#8221;.vc_custom_1665399193555{padding-right: 17.5px !important;padding-left: 17.5px !important;}&#8221; tm_responsive_css=&#8221;58412134|colbreak_no||||||0||0|colbreak_no|||||||||colbreak_no||||||||||colbreak_no|||||||||&#8221;][vc_column_inner][vc_single_image image=&#8221;11565&#8243; img_size=&#8221;full&#8221; alignment=&#8221;center&#8221; css=&#8221;.vc_custom_1732185145786{margin-bottom: 0px !important;}&#8221;][vc_column_text el_class=&#8221;custom-white-text-box&#8221; css=&#8221;.vc_custom_1680773052042{background-color: #efefef !important;}&#8221;]<\/p>\n<h4>Dep\u00f3sito a prazo taxa crescente iib<\/h4>\n<p>Com o dep\u00f3sito a prazo taxa crescente iib, pode beneficiar de uma taxa de juro crescente durante 1 ano. Disfrute de um rendimento seguro e regular para ajudar a fazer face \u00e0s suas despesas.<\/p>\n<div class=\"custom-theme-button mt-45\"><a title=\"\" href=\"\/westafrica\/pt\/particular\/contas\/dep-taxa-crescente\/\">Ler +<\/a><\/div>\n<p>[\/vc_column_text][\/vc_column_inner][\/vc_row_inner][\/vc_column][\/vc_row][\/vc_section][vc_section el_class=&#8221;plscntcT vertcenteR&#8221;][vc_row tm_bgimagefixed=&#8221;&#8221; el_id=&#8221;pic-with-text-box-right&#8221;][vc_column css=&#8221;.vc_custom_1667376019123{padding-right: 0px !important;padding-left: 0px !important;}&#8221;][vc_row_inner break_in_responsive=&#8221;1200&#8243; tm_zindex=&#8221;&#8221; content_placement=&#8221;middle&#8221; css=&#8221;.vc_custom_1737711093654{margin-bottom: 0px !important;padding-right: 0px !important;padding-left: 0px !important;background-color: #e6e6e6 !important;}&#8221;][vc_column_inner tm_zindex=&#8221;&#8221; width=&#8221;2\/3&#8243; css=&#8221;.vc_custom_1679998730627{margin-bottom: 0px !important;padding-top: 0px !important;padding-right: 0px !important;padding-left: 0px !important;}&#8221;][vc_single_image image=&#8221;301&#8243; img_size=&#8221;full&#8221; css=&#8221;.vc_custom_1678961081557{margin-bottom: 0px !important;}&#8221;][\/vc_column_inner][vc_column_inner width=&#8221;1\/3&#8243; css=&#8221;.vc_custom_1672228527381{padding-left: 20px !important;}&#8221; tm_responsive_css=&#8221;54307665|colbreak_no|||||65||65||colbreak_no|||||||||colbreak_no||||||||||colbreak_no|||||||||&#8221;][vc_custom_heading text=&#8221;Contacte-nos para qualquer quest\u00e3o&#8221; font_container=&#8221;tag:h2|font_size:36px|text_align:left|color:%23575757&#8243; use_theme_fonts=&#8221;yes&#8221; css=&#8221;.vc_custom_1680254046223{margin-bottom: 50px !important;}&#8221; el_class=&#8221;fontFamily&#8221;]<div id=\"ultimate-heading-757769e05be8e41a9\" class=\"uvc-heading ult-adjust-bottom-margin ultimate-heading-757769e05be8e41a9 uvc-2691 \" data-hspacer=\"no_spacer\"  data-halign=\"center\" style=\"text-align:center\"><div class=\"uvc-heading-spacer no_spacer\" style=\"top\"><\/div><div class=\"uvc-main-heading ult-responsive\"  data-ultimate-target='.uvc-heading.ultimate-heading-757769e05be8e41a9 h2'  data-responsive-json-new='{\"font-size\":\"desktop:36px;\",\"line-height\":\"desktop:40px;\"}' ><h2 style=\"font-weight:normal;margin-bottom:0px;\">+238 260 2626<\/h2><\/div><\/div>[\/vc_column_inner][\/vc_row_inner][\/vc_column][\/vc_row][\/vc_section]<\/p>\n<\/div>","protected":false},"excerpt":{"rendered":"<p>[vc_section full_width=&#8221;stretch_row_content&#8221; el_class=&#8221;image-banner-with-text bottom-203-banner-text&#8221; css=&#8221;.vc_custom_1665060976256{padding-top: 0px !important;padding-bottom: 0px !important;}&#8221;][vc_row tm_bgimagefixed=&#8221;&#8221; full_width=&#8221;stretch_row_content_no_spaces&#8221;][vc_column][vc_row_inner][vc_column_inner css=&#8221;.vc_custom_1659424244579{padding-left: 0px !important;}&#8221;][vc_single_image image=&#8221;11548&#8243; img_size=&#8221;full&#8221; alignment=&#8221;center&#8221; css=&#8221;.vc_custom_1732182862555{margin-bottom: 0px !important;}&#8221;][vc_column_text el_class=&#8221;white-text banner-heading banner-text-box banner-caption-btn-135px&#8221; css=&#8221;.vc_custom_1680253732221{margin-bottom: 0px !important;padding-top: 15px !important;padding-bottom: 15px !important;background-color: rgba(10,10,10,0.35) !important;*background-color: rgb(10,10,10) !important;}&#8221;] dep\u00f3sito a prazo iib planos de poupan\u00e7a flex\u00edveis [\/vc_column_text][\/vc_column_inner][\/vc_row_inner][\/vc_column][\/vc_row][\/vc_section][vc_section css=&#8221;.vc_custom_1737710435954{padding-top: 65px !important;padding-bottom: 0px !important;}&#8221; el_class=&#8221;our-purpose-text-box ouroW&#8221;][vc_row tm_bgimagefixed=&#8221;&#8221; css=&#8221;.vc_custom_1667365774121{margin-bottom: 0px !important;}&#8221;][vc_column [&hellip;]<\/p>\n","protected":false},"author":1,"featured_media":0,"parent":651,"menu_order":0,"comment_status":"closed","ping_status":"closed","template":"","meta":{"_acf_changed":false,"footnotes":""},"class_list":["post-914","page","type-page","status-publish","hentry"],"acf":[],"_links":{"self":[{"href":"https:\/\/dev.iibanks.com\/westafrica\/wp-json\/wp\/v2\/pages\/914","targetHints":{"allow":["GET"]}}],"collection":[{"href":"https:\/\/dev.iibanks.com\/westafrica\/wp-json\/wp\/v2\/pages"}],"about":[{"href":"https:\/\/dev.iibanks.com\/westafrica\/wp-json\/wp\/v2\/types\/page"}],"author":[{"embeddable":true,"href":"https:\/\/dev.iibanks.com\/westafrica\/wp-json\/wp\/v2\/users\/1"}],"replies":[{"embeddable":true,"href":"https:\/\/dev.iibanks.com\/westafrica\/wp-json\/wp\/v2\/comments?post=914"}],"version-history":[{"count":7,"href":"https:\/\/dev.iibanks.com\/westafrica\/wp-json\/wp\/v2\/pages\/914\/revisions"}],"predecessor-version":[{"id":11924,"href":"https:\/\/dev.iibanks.com\/westafrica\/wp-json\/wp\/v2\/pages\/914\/revisions\/11924"}],"up":[{"embeddable":true,"href":"https:\/\/dev.iibanks.com\/westafrica\/wp-json\/wp\/v2\/pages\/651"}],"wp:attachment":[{"href":"https:\/\/dev.iibanks.com\/westafrica\/wp-json\/wp\/v2\/media?parent=914"}],"curies":[{"name":"wp","href":"https:\/\/api.w.org\/{rel}","templated":true}]}}