
{"id":757,"date":"2023-03-28T10:28:02","date_gmt":"2023-03-28T10:28:02","guid":{"rendered":"https:\/\/dev.iibanks.com\/westafrica\/?page_id=757"},"modified":"2025-01-22T11:42:34","modified_gmt":"2025-01-22T11:42:34","slug":"noticias","status":"publish","type":"page","link":"https:\/\/dev.iibanks.com\/westafrica\/pt\/comunicacao\/noticias\/","title":{"rendered":"Not\u00edcias"},"content":{"rendered":"<div class=\"wpb-content-wrapper\"><p>[vc_section full_width=&#8221;stretch_row_content&#8221; el_class=&#8221;image-banner-with-text&#8221; css=&#8221;.vc_custom_1661774187895{padding-top: 0px !important;padding-bottom: 0px !important;}&#8221;][vc_row tm_bgimagefixed=&#8221;&#8221; full_width=&#8221;stretch_row_content_no_spaces&#8221;][vc_column][vc_row_inner][vc_column_inner css=&#8221;.vc_custom_1659424244579{padding-left: 0px !important;}&#8221;][vc_single_image image=&#8221;361&#8243; img_size=&#8221;full&#8221; alignment=&#8221;center&#8221; css=&#8221;.vc_custom_1678963043524{margin-bottom: 0px !important;}&#8221;][vc_column_text css=&#8221;.vc_custom_1680512296161{margin-bottom: 0px !important;padding-top: 15px !important;padding-bottom: 15px !important;background-color: rgba(10,10,10,0.35) !important;*background-color: rgb(10,10,10) !important;}&#8221; el_class=&#8221;white-text banner-heading banner-text-box&#8221;]Not\u00edcias[\/vc_column_text][\/vc_column_inner][\/vc_row_inner][\/vc_column][\/vc_row][\/vc_section][vc_section css=&#8221;.vc_custom_1737545978336{padding-top: 50px !important;padding-right: 15px !important;padding-bottom: 50px !important;padding-left: 15px !important;background-color: #1a2159 !important;}&#8221; el_class=&#8221;our-purpose-text-box greyroW bluetoproW&#8221;][vc_row tm_bgimagefixed=&#8221;&#8221;][vc_column][vc_row_inner][vc_column_inner][vc_column_text el_class=&#8221;white-text&#8221; css=&#8221;.vc_custom_1737546144577{margin-bottom: 0px !important;}&#8221;]<\/p>\n<p style=\"text-align: left;\">Todas as \u00faltimas informa\u00e7\u00f5es actualizadas dos nossos Bancos e outras entidades, incluindo os nossos esfor\u00e7os de Sustentabilidade para ajudar a construir<\/p>\n<p>[\/vc_column_text][\/vc_column_inner][\/vc_row_inner][\/vc_column][\/vc_row][\/vc_section][vc_row tm_bgimagefixed=&#8221;&#8221; tm_zindex=&#8221;&#8221; el_class=&#8221;paddingTop65 newsroWs&#8221;][vc_column][vc_column_text el_class=&#8221;container margin&#8221;]<div id=\"news\"><div class=\"row\"><div class=\"col-6\">\n                        <img decoding=\"async\" src=\"https:\/\/dev.iibanks.com\/westafrica\/wp-content\/uploads\/sites\/4\/2025\/05\/iib-WA-585x585-1.png\" alt=\"O iibGroup financia bolsas de estudo no Reino Unido para estudantes de Cabo Verde e Djibuti\" \/>\n                        <div class=\"custom-white-text-box\">\n                            <h4 class=\"tm-custom-heading \">O iibGroup financia bolsas de estudo no Reino Unido para estudantes de Cabo Verde e Djibuti<\/h4>\n                            <p><\/p>\n                            <div class=\"custom-theme-button\">\n                                <a href=\"https:\/\/dev.iibanks.com\/westafrica\/pt\/iibank-news\/o-iibgroup-financia-bolsas-de-estudo-no-reino-unido-para-estudantes-de-cabo-verde-e-djibuti\/\">Read More<\/a>\n                            <\/div>\n                        <\/div>\n                    <\/div><div class=\"col-6\">\n                        <img decoding=\"async\" src=\"https:\/\/dev.iibanks.com\/westafrica\/wp-content\/uploads\/sites\/4\/2025\/05\/iib-WA-585x585-1.png\" alt=\"iibGroup funds UK scholarships for students from Cape Verde and Djibouti\" \/>\n                        <div class=\"custom-white-text-box\">\n                            <h4 class=\"tm-custom-heading \">iibGroup funds UK scholarships for students from Cape Verde and Djibouti<\/h4>\n                            <p><\/p>\n                            <div class=\"custom-theme-button\">\n                                <a href=\"https:\/\/dev.iibanks.com\/westafrica\/en\/iibank-news\/iibgroup-funds-uk-scholarships-for-students-from-cape-verde-and-djibouti\/\">Read More<\/a>\n                            <\/div>\n                        <\/div>\n                    <\/div><div class=\"col-6\">\n                        <img decoding=\"async\" src=\"https:\/\/dev.iibanks.com\/westafrica\/wp-content\/uploads\/sites\/4\/2025\/04\/News-585x585-1.png\" alt=\"iib West Africa recebe o pr\u00eamio Top Financial Innovations 2025 da Global Finance\" \/>\n                        <div class=\"custom-white-text-box\">\n                            <h4 class=\"tm-custom-heading \">iib West Africa recebe o pr\u00eamio Top Financial Innovations 2025 da Global Finance<\/h4>\n                            <p><\/p>\n                            <div class=\"custom-theme-button\">\n                                <a href=\"https:\/\/dev.iibanks.com\/westafrica\/pt\/iibank-news\/iib-west-africa-recebe-o-premio-top-financial-innovations-2025-da-global-finance\/\">Read More<\/a>\n                            <\/div>\n                        <\/div>\n                    <\/div><div class=\"col-6\">\n                        <img decoding=\"async\" src=\"https:\/\/dev.iibanks.com\/westafrica\/wp-content\/uploads\/sites\/4\/2025\/04\/News-585x585-1.png\" alt=\"iib West Africa awarded Top Financial Innovations 2025 Award by Global Finance\" \/>\n                        <div class=\"custom-white-text-box\">\n                            <h4 class=\"tm-custom-heading \">iib West Africa awarded Top Financial Innovations 2025 Award by Global Finance<\/h4>\n                            <p><\/p>\n                            <div class=\"custom-theme-button\">\n                                <a href=\"https:\/\/dev.iibanks.com\/westafrica\/en\/iibank-news\/iib-west-africa-awarded-top-financial-innovations-2025-award-by-global-finance\/\">Read More<\/a>\n                            <\/div>\n                        <\/div>\n                    <\/div><div class=\"col-6\">\n                        <img decoding=\"async\" src=\"https:\/\/dev.iibanks.com\/westafrica\/wp-content\/uploads\/sites\/4\/2025\/04\/2-PT-585x585-1.jpg\" alt=\"O Expresso das Ilhas entrevista Joseph Carasso, CEO da iib West Africa\" \/>\n                        <div class=\"custom-white-text-box\">\n                            <h4 class=\"tm-custom-heading \">O Expresso das Ilhas entrevista Joseph Carasso, CEO da iib West Africa<\/h4>\n                            <p><\/p>\n                            <div class=\"custom-theme-button\">\n                                <a href=\"https:\/\/dev.iibanks.com\/westafrica\/pt\/iibank-news\/o-expresso-das-ilhas-entrevista-joseph-carasso-ceo-da-iib-west-africa\/\">Read More<\/a>\n                            <\/div>\n                        <\/div>\n                    <\/div><div class=\"col-6\">\n                        <img decoding=\"async\" src=\"https:\/\/dev.iibanks.com\/westafrica\/wp-content\/uploads\/sites\/4\/2025\/04\/2-EN-585x585-1.jpg\" alt=\"Expresso das Ilhas interviews Joseph Carasso, CEO iib West Africa\" \/>\n                        <div class=\"custom-white-text-box\">\n                            <h4 class=\"tm-custom-heading \">Expresso das Ilhas interviews Joseph Carasso, CEO iib West Africa<\/h4>\n                            <p><\/p>\n                            <div class=\"custom-theme-button\">\n                                <a href=\"https:\/\/dev.iibanks.com\/westafrica\/en\/iibank-news\/expresso-das-ilhas-interviews-joseph-carasso-ceo-iib-west-africa\/\">Read More<\/a>\n                            <\/div>\n                        <\/div>\n                    <\/div><div class=\"col-6\">\n                        <img decoding=\"async\" src=\"https:\/\/dev.iibanks.com\/westafrica\/wp-content\/uploads\/sites\/4\/2024\/12\/GPTW-CV-News-585-x-585-1.jpg\" alt=\"iib West Africa Certificado como um Great Place To Work\u00ae\" \/>\n                        <div class=\"custom-white-text-box\">\n                            <h4 class=\"tm-custom-heading \">iib West Africa Certificado como um Great Place To Work\u00ae<\/h4>\n                            <p><\/p>\n                            <div class=\"custom-theme-button\">\n                                <a href=\"https:\/\/dev.iibanks.com\/westafrica\/pt\/iibank-news\/iib-west-africa-certificado-como-um-great-place-to-work\/\">Read More<\/a>\n                            <\/div>\n                        <\/div>\n                    <\/div><div class=\"col-6\">\n                        <img decoding=\"async\" src=\"https:\/\/dev.iibanks.com\/westafrica\/wp-content\/uploads\/sites\/4\/2024\/12\/1-GPTW-CV-News-585-x-585.jpg\" alt=\"iib West Africa Certified as a Great Place To Work\u00ae\" \/>\n                        <div class=\"custom-white-text-box\">\n                            <h4 class=\"tm-custom-heading \">iib West Africa Certified as a Great Place To Work\u00ae<\/h4>\n                            <p><\/p>\n                            <div class=\"custom-theme-button\">\n                                <a href=\"https:\/\/dev.iibanks.com\/westafrica\/en\/iibank-news\/iib-west-africa-certified-as-a-great-place-to-work\/\">Read More<\/a>\n                            <\/div>\n                        <\/div>\n                    <\/div><div class=\"col-6\">\n                        <img decoding=\"async\" src=\"https:\/\/dev.iibanks.com\/westafrica\/wp-content\/uploads\/sites\/4\/2024\/10\/News-585-x-585-1.jpg\" alt=\"iibCV &#8211; Um catalisador para a transforma\u00e7\u00e3o econ\u00f3mica em Cabo Verde\" \/>\n                        <div class=\"custom-white-text-box\">\n                            <h4 class=\"tm-custom-heading \">iibCV &#8211; Um catalisador para a transforma\u00e7\u00e3o econ\u00f3mica em Cabo Verde<\/h4>\n                            <p><\/p>\n                            <div class=\"custom-theme-button\">\n                                <a href=\"https:\/\/dev.iibanks.com\/westafrica\/pt\/iibank-news\/iibcv-um-catalisador-para-a-transformacao-economica-em-cabo-verde-2\/\">Read More<\/a>\n                            <\/div>\n                        <\/div>\n                    <\/div><div class=\"col-6\">\n                        <img decoding=\"async\" src=\"https:\/\/dev.iibanks.com\/westafrica\/wp-content\/uploads\/sites\/4\/2024\/10\/News-585-x-585-1.jpg\" alt=\"iibCV &#8211; A Catalyst for Economic Transformation in Cabo Verde\" \/>\n                        <div class=\"custom-white-text-box\">\n                            <h4 class=\"tm-custom-heading \">iibCV &#8211; A Catalyst for Economic Transformation in Cabo Verde<\/h4>\n                            <p><\/p>\n                            <div class=\"custom-theme-button\">\n                                <a href=\"https:\/\/dev.iibanks.com\/westafrica\/en\/iibank-news\/iibcv-a-catalyst-for-economic-transformation-in-cabo-verde\/\">Read More<\/a>\n                            <\/div>\n                        <\/div>\n                    <\/div><div class=\"col-6\">\n                        <img decoding=\"async\" src=\"https:\/\/dev.iibanks.com\/westafrica\/wp-content\/uploads\/sites\/4\/2024\/10\/1.News-585-x-585.jpg\" alt=\"Investir no Futuro, Capacitar Hoje!\" \/>\n                        <div class=\"custom-white-text-box\">\n                            <h4 class=\"tm-custom-heading \">Investir no Futuro, Capacitar Hoje!<\/h4>\n                            <p><\/p>\n                            <div class=\"custom-theme-button\">\n                                <a href=\"https:\/\/dev.iibanks.com\/westafrica\/pt\/iibank-news\/investir-no-futuro-capacitar-hoje\/\">Read More<\/a>\n                            <\/div>\n                        <\/div>\n                    <\/div><div class=\"col-6\">\n                        <img decoding=\"async\" src=\"https:\/\/dev.iibanks.com\/westafrica\/wp-content\/uploads\/sites\/4\/2024\/10\/1.News-585-x-585.jpg\" alt=\"Invest in the Future, Empower Today!\" \/>\n                        <div class=\"custom-white-text-box\">\n                            <h4 class=\"tm-custom-heading \">Invest in the Future, Empower Today!<\/h4>\n                            <p><\/p>\n                            <div class=\"custom-theme-button\">\n                                <a href=\"https:\/\/dev.iibanks.com\/westafrica\/en\/iibank-news\/invest-in-the-future-empower-today-2\/\">Read More<\/a>\n                            <\/div>\n                        <\/div>\n                    <\/div><\/div><\/div><div class=\"pagination minepaginatioN\"><span aria-current=\"page\" class=\"page-numbers current\">1<\/span>\n<a class=\"page-numbers\" href=\"https:\/\/dev.iibanks.com\/westafrica\/wp-json\/wp\/v2\/pages\/757\/page\/2\/\">2<\/a>\n<a class=\"page-numbers\" href=\"https:\/\/dev.iibanks.com\/westafrica\/wp-json\/wp\/v2\/pages\/757\/page\/3\/\">3<\/a>\n<a class=\"page-numbers\" href=\"https:\/\/dev.iibanks.com\/westafrica\/wp-json\/wp\/v2\/pages\/757\/page\/4\/\">4<\/a>\n<a class=\"next page-numbers\" href=\"https:\/\/dev.iibanks.com\/westafrica\/wp-json\/wp\/v2\/pages\/757\/page\/2\/\">Next &raquo;<\/a><\/div>[\/vc_column_text][\/vc_column][\/vc_row]<\/p>\n<\/div>","protected":false},"excerpt":{"rendered":"<p>[vc_section full_width=&#8221;stretch_row_content&#8221; el_class=&#8221;image-banner-with-text&#8221; css=&#8221;.vc_custom_1661774187895{padding-top: 0px !important;padding-bottom: 0px !important;}&#8221;][vc_row tm_bgimagefixed=&#8221;&#8221; full_width=&#8221;stretch_row_content_no_spaces&#8221;][vc_column][vc_row_inner][vc_column_inner css=&#8221;.vc_custom_1659424244579{padding-left: 0px !important;}&#8221;][vc_single_image image=&#8221;361&#8243; img_size=&#8221;full&#8221; alignment=&#8221;center&#8221; css=&#8221;.vc_custom_1678963043524{margin-bottom: 0px !important;}&#8221;][vc_column_text css=&#8221;.vc_custom_1680512296161{margin-bottom: 0px !important;padding-top: 15px !important;padding-bottom: 15px !important;background-color: rgba(10,10,10,0.35) !important;*background-color: rgb(10,10,10) !important;}&#8221; el_class=&#8221;white-text banner-heading banner-text-box&#8221;]Not\u00edcias[\/vc_column_text][\/vc_column_inner][\/vc_row_inner][\/vc_column][\/vc_row][\/vc_section][vc_section css=&#8221;.vc_custom_1737545978336{padding-top: 50px !important;padding-right: 15px !important;padding-bottom: 50px !important;padding-left: 15px !important;background-color: #1a2159 !important;}&#8221; el_class=&#8221;our-purpose-text-box greyroW bluetoproW&#8221;][vc_row tm_bgimagefixed=&#8221;&#8221;][vc_column][vc_row_inner][vc_column_inner][vc_column_text el_class=&#8221;white-text&#8221; css=&#8221;.vc_custom_1737546144577{margin-bottom: 0px !important;}&#8221;] Todas as \u00faltimas [&hellip;]<\/p>\n","protected":false},"author":1,"featured_media":0,"parent":668,"menu_order":0,"comment_status":"closed","ping_status":"closed","template":"","meta":{"_acf_changed":false,"footnotes":""},"class_list":["post-757","page","type-page","status-publish","hentry"],"acf":[],"_links":{"self":[{"href":"https:\/\/dev.iibanks.com\/westafrica\/wp-json\/wp\/v2\/pages\/757","targetHints":{"allow":["GET"]}}],"collection":[{"href":"https:\/\/dev.iibanks.com\/westafrica\/wp-json\/wp\/v2\/pages"}],"about":[{"href":"https:\/\/dev.iibanks.com\/westafrica\/wp-json\/wp\/v2\/types\/page"}],"author":[{"embeddable":true,"href":"https:\/\/dev.iibanks.com\/westafrica\/wp-json\/wp\/v2\/users\/1"}],"replies":[{"embeddable":true,"href":"https:\/\/dev.iibanks.com\/westafrica\/wp-json\/wp\/v2\/comments?post=757"}],"version-history":[{"count":3,"href":"https:\/\/dev.iibanks.com\/westafrica\/wp-json\/wp\/v2\/pages\/757\/revisions"}],"predecessor-version":[{"id":11871,"href":"https:\/\/dev.iibanks.com\/westafrica\/wp-json\/wp\/v2\/pages\/757\/revisions\/11871"}],"up":[{"embeddable":true,"href":"https:\/\/dev.iibanks.com\/westafrica\/wp-json\/wp\/v2\/pages\/668"}],"wp:attachment":[{"href":"https:\/\/dev.iibanks.com\/westafrica\/wp-json\/wp\/v2\/media?parent=757"}],"curies":[{"name":"wp","href":"https:\/\/api.w.org\/{rel}","templated":true}]}}