
{"id":674,"date":"2023-03-28T06:48:21","date_gmt":"2023-03-28T06:48:21","guid":{"rendered":"https:\/\/dev.iibanks.com\/westafrica\/?page_id=674"},"modified":"2025-06-23T13:17:14","modified_gmt":"2025-06-23T13:17:14","slug":"premios","status":"publish","type":"page","link":"https:\/\/dev.iibanks.com\/westafrica\/pt\/comunicacao\/premios\/","title":{"rendered":"Pr\u00e9mios"},"content":{"rendered":"<div class=\"wpb-content-wrapper\"><p>[vc_section full_width=&#8221;stretch_row_content&#8221; el_class=&#8221;image-banner-with-text&#8221; css=&#8221;.vc_custom_1661774187895{padding-top: 0px !important;padding-bottom: 0px !important;}&#8221;][vc_row tm_bgimagefixed=&#8221;&#8221; full_width=&#8221;stretch_row_content_no_spaces&#8221;][vc_column][vc_row_inner][vc_column_inner css=&#8221;.vc_custom_1659424244579{padding-left: 0px !important;}&#8221;][vc_single_image image=&#8221;2203&#8243; img_size=&#8221;full&#8221; alignment=&#8221;center&#8221; css=&#8221;.vc_custom_1696332639457{margin-bottom: 0px !important;}&#8221;][vc_column_text css=&#8221;.vc_custom_1672835307239{margin-bottom: 0px !important;padding-top: 15px !important;padding-bottom: 15px !important;background-color: rgba(10,10,10,0.35) !important;*background-color: rgb(10,10,10) !important;}&#8221; el_class=&#8221;white-text banner-heading banner-text-box&#8221;]Awards[\/vc_column_text][\/vc_column_inner][\/vc_row_inner][\/vc_column][\/vc_row][\/vc_section][vc_section el_class=&#8221;post-content-box button-style-box custom-container-1299-width boX2 awardsroW&#8221; css=&#8221;.vc_custom_1696510913230{padding-top: 65px !important;}&#8221;][vc_row tm_bgimagefixed=&#8221;&#8221; break_in_responsive=&#8221;1200&#8243; el_class=&#8221;grey-content-box who-we-are-content-box&#8221;][vc_column][vc_column_text]<div class=\"row awardContainer\"><div class=\"col-md-4 awardItem\">\n                            <div class=\"awardImage\">\n                                <a href=\"https:\/\/dev.iibanks.com\/westafrica\/wp-content\/uploads\/sites\/4\/2025\/06\/Awards-copy.jpg\" data-lightbox=\"award-gallery\" data-title=\"iib West Africa Receives \u2018Partner Institution\u2019 Award for Blood Donation Support\">\n                                    <img loading=\"lazy\" decoding=\"async\" width=\"600\" height=\"400\" src=\"https:\/\/dev.iibanks.com\/westafrica\/wp-content\/uploads\/sites\/4\/2025\/06\/Awards-copy.jpg\" class=\"img-fluid wp-post-image\" alt=\"\" srcset=\"https:\/\/dev.iibanks.com\/westafrica\/wp-content\/uploads\/sites\/4\/2025\/06\/Awards-copy.jpg 600w, https:\/\/dev.iibanks.com\/westafrica\/wp-content\/uploads\/sites\/4\/2025\/06\/Awards-copy-300x200.jpg 300w\" sizes=\"auto, (max-width: 600px) 100vw, 600px\" \/>\n                                <\/a>\n                            <\/div>    \n                            <div class=\"awardInner\"><div class=\"awardDate mb-3\">June 18, 2025<\/div><div class=\"awardTitle\">iib West Africa Receives \u2018Partner Institution\u2019 Award for Blood Donation Support<\/div><\/div>\n                        <\/div><div class=\"col-md-4 awardItem\">\n                            <div class=\"awardImage\">\n                                <a href=\"https:\/\/dev.iibanks.com\/westafrica\/wp-content\/uploads\/sites\/4\/2025\/06\/Awards-copy.jpg\" data-lightbox=\"award-gallery\" data-title=\"iib West Africa recebe pr\u00eamio de \u201cInstitui\u00e7\u00e3o Parceira\u201d pelo apoio \u00e0 doa\u00e7\u00e3o de sangue\">\n                                    <img loading=\"lazy\" decoding=\"async\" width=\"600\" height=\"400\" src=\"https:\/\/dev.iibanks.com\/westafrica\/wp-content\/uploads\/sites\/4\/2025\/06\/Awards-copy.jpg\" class=\"img-fluid wp-post-image\" alt=\"\" srcset=\"https:\/\/dev.iibanks.com\/westafrica\/wp-content\/uploads\/sites\/4\/2025\/06\/Awards-copy.jpg 600w, https:\/\/dev.iibanks.com\/westafrica\/wp-content\/uploads\/sites\/4\/2025\/06\/Awards-copy-300x200.jpg 300w\" sizes=\"auto, (max-width: 600px) 100vw, 600px\" \/>\n                                <\/a>\n                            <\/div>    \n                            <div class=\"awardInner\"><div class=\"awardDate mb-3\">May 2025<\/div><div class=\"awardTitle\">iib West Africa recebe pr\u00eamio de \u201cInstitui\u00e7\u00e3o Parceira\u201d pelo apoio \u00e0 doa\u00e7\u00e3o de sangue<\/div><\/div>\n                        <\/div><div class=\"col-md-4 awardItem\">\n                            <div class=\"awardImage\">\n                                <a href=\"https:\/\/dev.iibanks.com\/westafrica\/wp-content\/uploads\/sites\/4\/2025\/06\/3AAAwards.jpg\" data-lightbox=\"award-gallery\" data-title=\"Top Premium VISA Issuer 2024\">\n                                    <img loading=\"lazy\" decoding=\"async\" width=\"600\" height=\"400\" src=\"https:\/\/dev.iibanks.com\/westafrica\/wp-content\/uploads\/sites\/4\/2025\/06\/3AAAwards.jpg\" class=\"img-fluid wp-post-image\" alt=\"\" srcset=\"https:\/\/dev.iibanks.com\/westafrica\/wp-content\/uploads\/sites\/4\/2025\/06\/3AAAwards.jpg 600w, https:\/\/dev.iibanks.com\/westafrica\/wp-content\/uploads\/sites\/4\/2025\/06\/3AAAwards-300x200.jpg 300w\" sizes=\"auto, (max-width: 600px) 100vw, 600px\" \/>\n                                <\/a>\n                            <\/div>    \n                            <div class=\"awardInner\"><div class=\"awardDate mb-3\">May 20, 2025<\/div><div class=\"awardTitle\">Top Premium VISA Issuer 2024<\/div><\/div>\n                        <\/div><div class=\"col-md-4 awardItem\">\n                            <div class=\"awardImage\">\n                                <a href=\"https:\/\/dev.iibanks.com\/westafrica\/wp-content\/uploads\/sites\/4\/2025\/06\/Award111.jpg\" data-lightbox=\"award-gallery\" data-title=\"Maior emissor de VISA Premium em 2024\">\n                                    <img loading=\"lazy\" decoding=\"async\" width=\"600\" height=\"400\" src=\"https:\/\/dev.iibanks.com\/westafrica\/wp-content\/uploads\/sites\/4\/2025\/06\/Award111.jpg\" class=\"img-fluid wp-post-image\" alt=\"\" srcset=\"https:\/\/dev.iibanks.com\/westafrica\/wp-content\/uploads\/sites\/4\/2025\/06\/Award111.jpg 600w, https:\/\/dev.iibanks.com\/westafrica\/wp-content\/uploads\/sites\/4\/2025\/06\/Award111-300x200.jpg 300w\" sizes=\"auto, (max-width: 600px) 100vw, 600px\" \/>\n                                <\/a>\n                            <\/div>    \n                            <div class=\"awardInner\"><div class=\"awardDate mb-3\">May 20, 2025<\/div><div class=\"awardTitle\">Maior emissor de VISA Premium em 2024<\/div><\/div>\n                        <\/div><div class=\"col-md-4 awardItem\">\n                            <div class=\"awardImage\">\n                                <a href=\"https:\/\/dev.iibanks.com\/westafrica\/wp-content\/uploads\/sites\/4\/2025\/06\/Top-Financial-Innovation-award.jpg\" data-lightbox=\"award-gallery\" data-title=\"iib West Africa awarded Top Financial Innovations 2025 Award by Global Finance\">\n                                    <img loading=\"lazy\" decoding=\"async\" width=\"600\" height=\"400\" src=\"https:\/\/dev.iibanks.com\/westafrica\/wp-content\/uploads\/sites\/4\/2025\/06\/Top-Financial-Innovation-award.jpg\" class=\"img-fluid wp-post-image\" alt=\"\" srcset=\"https:\/\/dev.iibanks.com\/westafrica\/wp-content\/uploads\/sites\/4\/2025\/06\/Top-Financial-Innovation-award.jpg 600w, https:\/\/dev.iibanks.com\/westafrica\/wp-content\/uploads\/sites\/4\/2025\/06\/Top-Financial-Innovation-award-300x200.jpg 300w\" sizes=\"auto, (max-width: 600px) 100vw, 600px\" \/>\n                                <\/a>\n                            <\/div>    \n                            <div class=\"awardInner\"><div class=\"awardDate mb-3\">April 8, 2025<\/div><div class=\"awardTitle\">iib West Africa awarded Top Financial Innovations 2025 Award by Global Finance<\/div><\/div>\n                        <\/div><div class=\"col-md-4 awardItem\">\n                            <div class=\"awardImage\">\n                                <a href=\"https:\/\/dev.iibanks.com\/westafrica\/wp-content\/uploads\/sites\/4\/2025\/06\/Top-Financial-Innovation-award.jpg\" data-lightbox=\"award-gallery\" data-title=\"iib West Africa recebe o pr\u00eamio Top Financial Innovations 2025 da Global Finance\">\n                                    <img loading=\"lazy\" decoding=\"async\" width=\"600\" height=\"400\" src=\"https:\/\/dev.iibanks.com\/westafrica\/wp-content\/uploads\/sites\/4\/2025\/06\/Top-Financial-Innovation-award.jpg\" class=\"img-fluid wp-post-image\" alt=\"\" srcset=\"https:\/\/dev.iibanks.com\/westafrica\/wp-content\/uploads\/sites\/4\/2025\/06\/Top-Financial-Innovation-award.jpg 600w, https:\/\/dev.iibanks.com\/westafrica\/wp-content\/uploads\/sites\/4\/2025\/06\/Top-Financial-Innovation-award-300x200.jpg 300w\" sizes=\"auto, (max-width: 600px) 100vw, 600px\" \/>\n                                <\/a>\n                            <\/div>    \n                            <div class=\"awardInner\"><div class=\"awardDate mb-3\">April 8, 2025<\/div><div class=\"awardTitle\">iib West Africa recebe o pr\u00eamio Top Financial Innovations 2025 da Global Finance<\/div><\/div>\n                        <\/div><div class=\"col-md-4 awardItem\">\n                            <div class=\"awardImage\">\n                                <a href=\"https:\/\/dev.iibanks.com\/westafrica\/wp-content\/uploads\/sites\/4\/2025\/06\/CV.jpg\" data-lightbox=\"award-gallery\" data-title=\"Certificado iib \u00c1frica Ocidental como Great Place To Work\u00ae\">\n                                    <img loading=\"lazy\" decoding=\"async\" width=\"600\" height=\"400\" src=\"https:\/\/dev.iibanks.com\/westafrica\/wp-content\/uploads\/sites\/4\/2025\/06\/CV.jpg\" class=\"img-fluid wp-post-image\" alt=\"\" srcset=\"https:\/\/dev.iibanks.com\/westafrica\/wp-content\/uploads\/sites\/4\/2025\/06\/CV.jpg 600w, https:\/\/dev.iibanks.com\/westafrica\/wp-content\/uploads\/sites\/4\/2025\/06\/CV-300x200.jpg 300w\" sizes=\"auto, (max-width: 600px) 100vw, 600px\" \/>\n                                <\/a>\n                            <\/div>    \n                            <div class=\"awardInner\"><div class=\"awardDate mb-3\">January 2025<\/div><div class=\"awardTitle\">Certificado iib \u00c1frica Ocidental como Great Place To Work\u00ae<\/div><\/div>\n                        <\/div><div class=\"col-md-4 awardItem\">\n                            <div class=\"awardImage\">\n                                <a href=\"https:\/\/dev.iibanks.com\/westafrica\/wp-content\/uploads\/sites\/4\/2025\/06\/CV.jpg\" data-lightbox=\"award-gallery\" data-title=\"iib West Africa Certified as a Great Place to Work\u00ae\">\n                                    <img loading=\"lazy\" decoding=\"async\" width=\"600\" height=\"400\" src=\"https:\/\/dev.iibanks.com\/westafrica\/wp-content\/uploads\/sites\/4\/2025\/06\/CV.jpg\" class=\"img-fluid wp-post-image\" alt=\"\" srcset=\"https:\/\/dev.iibanks.com\/westafrica\/wp-content\/uploads\/sites\/4\/2025\/06\/CV.jpg 600w, https:\/\/dev.iibanks.com\/westafrica\/wp-content\/uploads\/sites\/4\/2025\/06\/CV-300x200.jpg 300w\" sizes=\"auto, (max-width: 600px) 100vw, 600px\" \/>\n                                <\/a>\n                            <\/div>    \n                            <div class=\"awardInner\"><div class=\"awardDate mb-3\">January 2025<\/div><div class=\"awardTitle\">iib West Africa Certified as a Great Place to Work\u00ae<\/div><\/div>\n                        <\/div><div class=\"col-md-4 awardItem\">\n                            <div class=\"awardImage\">\n                                <a href=\"https:\/\/dev.iibanks.com\/westafrica\/wp-content\/uploads\/sites\/4\/2024\/02\/iib-West-Africa-Certificate-Nov2023.jpg\" data-lightbox=\"award-gallery\" data-title=\"Certificado iib \u00c1frica Ocidental como Great Place To Work\u00ae\">\n                                    <img loading=\"lazy\" decoding=\"async\" width=\"600\" height=\"400\" src=\"https:\/\/dev.iibanks.com\/westafrica\/wp-content\/uploads\/sites\/4\/2024\/02\/iib-West-Africa-Certificate-Nov2023.jpg\" class=\"img-fluid wp-post-image\" alt=\"\" srcset=\"https:\/\/dev.iibanks.com\/westafrica\/wp-content\/uploads\/sites\/4\/2024\/02\/iib-West-Africa-Certificate-Nov2023.jpg 600w, https:\/\/dev.iibanks.com\/westafrica\/wp-content\/uploads\/sites\/4\/2024\/02\/iib-West-Africa-Certificate-Nov2023-300x200.jpg 300w\" sizes=\"auto, (max-width: 600px) 100vw, 600px\" \/>\n                                <\/a>\n                            <\/div>    \n                            <div class=\"awardInner\"><div class=\"awardDate mb-3\">November 2023<\/div><div class=\"awardTitle\">Certificado iib \u00c1frica Ocidental como Great Place To Work\u00ae<\/div><\/div>\n                        <\/div><div class=\"col-md-4 awardItem\">\n                            <div class=\"awardImage\">\n                                <a href=\"https:\/\/dev.iibanks.com\/westafrica\/wp-content\/uploads\/sites\/4\/2024\/02\/ISO-31000-Risk-Management.jpg\" data-lightbox=\"award-gallery\" data-title=\"iib \u00c1frica Ocidental certificada com a norma ISO 31000 de gest\u00e3o de riscos\">\n                                    <img loading=\"lazy\" decoding=\"async\" width=\"600\" height=\"400\" src=\"https:\/\/dev.iibanks.com\/westafrica\/wp-content\/uploads\/sites\/4\/2024\/02\/ISO-31000-Risk-Management.jpg\" class=\"img-fluid wp-post-image\" alt=\"\" srcset=\"https:\/\/dev.iibanks.com\/westafrica\/wp-content\/uploads\/sites\/4\/2024\/02\/ISO-31000-Risk-Management.jpg 600w, https:\/\/dev.iibanks.com\/westafrica\/wp-content\/uploads\/sites\/4\/2024\/02\/ISO-31000-Risk-Management-300x200.jpg 300w\" sizes=\"auto, (max-width: 600px) 100vw, 600px\" \/>\n                                <\/a>\n                            <\/div>    \n                            <div class=\"awardInner\"><div class=\"awardDate mb-3\">October 2023<\/div><div class=\"awardTitle\">iib \u00c1frica Ocidental certificada com a norma ISO 31000 de gest\u00e3o de riscos<\/div><\/div>\n                        <\/div><div class=\"col-md-4 awardItem\">\n                            <div class=\"awardImage\">\n                                <a href=\"https:\/\/dev.iibanks.com\/westafrica\/wp-content\/uploads\/sites\/4\/2024\/02\/iib-West-Africa-Certificate-Nov2023.jpg\" data-lightbox=\"award-gallery\" data-title=\"iib West Africa Certified as a Great Place to Work\u00ae\">\n                                    <img loading=\"lazy\" decoding=\"async\" width=\"600\" height=\"400\" src=\"https:\/\/dev.iibanks.com\/westafrica\/wp-content\/uploads\/sites\/4\/2024\/02\/iib-West-Africa-Certificate-Nov2023.jpg\" class=\"img-fluid wp-post-image\" alt=\"\" srcset=\"https:\/\/dev.iibanks.com\/westafrica\/wp-content\/uploads\/sites\/4\/2024\/02\/iib-West-Africa-Certificate-Nov2023.jpg 600w, https:\/\/dev.iibanks.com\/westafrica\/wp-content\/uploads\/sites\/4\/2024\/02\/iib-West-Africa-Certificate-Nov2023-300x200.jpg 300w\" sizes=\"auto, (max-width: 600px) 100vw, 600px\" \/>\n                                <\/a>\n                            <\/div>    \n                            <div class=\"awardInner\"><div class=\"awardDate mb-3\">November 2023<\/div><div class=\"awardTitle\">iib West Africa Certified as a Great Place to Work\u00ae<\/div><\/div>\n                        <\/div><div class=\"col-md-4 awardItem\">\n                            <div class=\"awardImage\">\n                                <a href=\"https:\/\/dev.iibanks.com\/westafrica\/wp-content\/uploads\/sites\/4\/2024\/02\/ISO-31000-Risk-Management.jpg\" data-lightbox=\"award-gallery\" data-title=\"iib West Africa Certified with ISO 31000 Risk Management\">\n                                    <img loading=\"lazy\" decoding=\"async\" width=\"600\" height=\"400\" src=\"https:\/\/dev.iibanks.com\/westafrica\/wp-content\/uploads\/sites\/4\/2024\/02\/ISO-31000-Risk-Management.jpg\" class=\"img-fluid wp-post-image\" alt=\"\" srcset=\"https:\/\/dev.iibanks.com\/westafrica\/wp-content\/uploads\/sites\/4\/2024\/02\/ISO-31000-Risk-Management.jpg 600w, https:\/\/dev.iibanks.com\/westafrica\/wp-content\/uploads\/sites\/4\/2024\/02\/ISO-31000-Risk-Management-300x200.jpg 300w\" sizes=\"auto, (max-width: 600px) 100vw, 600px\" \/>\n                                <\/a>\n                            <\/div>    \n                            <div class=\"awardInner\"><div class=\"awardDate mb-3\">October 2023<\/div><div class=\"awardTitle\">iib West Africa Certified with ISO 31000 Risk Management<\/div><\/div>\n                        <\/div><div class=\"col-md-4 awardItem\">\n                            <div class=\"awardImage\">\n                                <a href=\"https:\/\/dev.iibanks.com\/westafrica\/wp-content\/uploads\/sites\/4\/2023\/09\/SEO-2022-Primary-Market.jpg\" data-lightbox=\"award-gallery\" data-title=\"Operador de Bolsa 2022 &#8211; Mercado Prim\u00e1rio\">\n                                    <img loading=\"lazy\" decoding=\"async\" width=\"600\" height=\"400\" src=\"https:\/\/dev.iibanks.com\/westafrica\/wp-content\/uploads\/sites\/4\/2023\/09\/SEO-2022-Primary-Market.jpg\" class=\"img-fluid wp-post-image\" alt=\"\" srcset=\"https:\/\/dev.iibanks.com\/westafrica\/wp-content\/uploads\/sites\/4\/2023\/09\/SEO-2022-Primary-Market.jpg 600w, https:\/\/dev.iibanks.com\/westafrica\/wp-content\/uploads\/sites\/4\/2023\/09\/SEO-2022-Primary-Market-300x200.jpg 300w\" sizes=\"auto, (max-width: 600px) 100vw, 600px\" \/>\n                                <\/a>\n                            <\/div>    \n                            <div class=\"awardInner\"><div class=\"awardDate mb-3\">May, 2023<\/div><div class=\"awardTitle\">Operador de Bolsa 2022 &#8211; Mercado Prim\u00e1rio<\/div><\/div>\n                        <\/div><div class=\"col-md-4 awardItem\">\n                            <div class=\"awardImage\">\n                                <a href=\"https:\/\/dev.iibanks.com\/westafrica\/wp-content\/uploads\/sites\/4\/2023\/09\/SEO-2022-Primary-Market.jpg\" data-lightbox=\"award-gallery\" data-title=\"Stock Exchange Operator 2022 \u2013 Primary Market\">\n                                    <img loading=\"lazy\" decoding=\"async\" width=\"600\" height=\"400\" src=\"https:\/\/dev.iibanks.com\/westafrica\/wp-content\/uploads\/sites\/4\/2023\/09\/SEO-2022-Primary-Market.jpg\" class=\"img-fluid wp-post-image\" alt=\"\" srcset=\"https:\/\/dev.iibanks.com\/westafrica\/wp-content\/uploads\/sites\/4\/2023\/09\/SEO-2022-Primary-Market.jpg 600w, https:\/\/dev.iibanks.com\/westafrica\/wp-content\/uploads\/sites\/4\/2023\/09\/SEO-2022-Primary-Market-300x200.jpg 300w\" sizes=\"auto, (max-width: 600px) 100vw, 600px\" \/>\n                                <\/a>\n                            <\/div>    \n                            <div class=\"awardInner\"><div class=\"awardDate mb-3\">May, 2023<\/div><div class=\"awardTitle\">Stock Exchange Operator 2022 \u2013 Primary Market<\/div><\/div>\n                        <\/div><div class=\"col-md-4 awardItem\">\n                            <div class=\"awardImage\">\n                                <a href=\"https:\/\/dev.iibanks.com\/westafrica\/wp-content\/uploads\/sites\/4\/2023\/09\/SEO-2022-Global-Market.jpg\" data-lightbox=\"award-gallery\" data-title=\"Operador de Bolsa 2022 &#8211; Mercado Global\">\n                                    <img loading=\"lazy\" decoding=\"async\" width=\"600\" height=\"400\" src=\"https:\/\/dev.iibanks.com\/westafrica\/wp-content\/uploads\/sites\/4\/2023\/09\/SEO-2022-Global-Market.jpg\" class=\"img-fluid wp-post-image\" alt=\"\" srcset=\"https:\/\/dev.iibanks.com\/westafrica\/wp-content\/uploads\/sites\/4\/2023\/09\/SEO-2022-Global-Market.jpg 600w, https:\/\/dev.iibanks.com\/westafrica\/wp-content\/uploads\/sites\/4\/2023\/09\/SEO-2022-Global-Market-300x200.jpg 300w\" sizes=\"auto, (max-width: 600px) 100vw, 600px\" \/>\n                                <\/a>\n                            <\/div>    \n                            <div class=\"awardInner\"><div class=\"awardDate mb-3\">May, 2023<\/div><div class=\"awardTitle\">Operador de Bolsa 2022 &#8211; Mercado Global<\/div><\/div>\n                        <\/div><\/div><div class=\"pagination minepaginatioN mt-4\"><span aria-current=\"page\" class=\"page-numbers current\">1<\/span>\n<a class=\"page-numbers\" href=\"https:\/\/dev.iibanks.com\/westafrica\/wp-json\/wp\/v2\/pages\/674\/?paged=2\">2<\/a>\n<a class=\"next page-numbers\" href=\"https:\/\/dev.iibanks.com\/westafrica\/wp-json\/wp\/v2\/pages\/674\/?paged=2\">Next &raquo;<\/a><\/div>[\/vc_column_text][\/vc_column][\/vc_row][vc_row tm_bgimagefixed=&#8221;&#8221; break_in_responsive=&#8221;1200&#8243; disable_element=&#8221;yes&#8221; el_class=&#8221;grey-content-box who-we-are-content-box boX2&#8243;][vc_column width=&#8221;1\/2&#8243;][vc_row_inner css=&#8221;.vc_custom_1665387546485{padding-right: 17.5px !important;padding-left: 17.5px !important;}&#8221; tm_responsive_css=&#8221;45908895|colbreak_no||||||0||0|colbreak_no|||||||||colbreak_no||||||||||colbreak_no|||||||||&#8221;][vc_column_inner][vc_single_image image=&#8221;367&#8243; img_size=&#8221;full&#8221; alignment=&#8221;center&#8221; css=&#8221;.vc_custom_1678963457519{margin-bottom: 0px !important;}&#8221;][vc_column_text el_class=&#8221;custom-white-text-box&#8221; css=&#8221;.vc_custom_1672836596691{background-color: #efefef !important;}&#8221;]<\/p>\n<p class=\"tm-custom-heading \">O iibCV vence Pr\u00e9mio Nacional de Publicidade, nas categorias de \u201cBrand Activation \u201d e \u201cCampanha Integrada\u201d, no \u00e2mbito da Campanha de Rebranding da Marca iib.<\/p>\n<p>[\/vc_column_text][\/vc_column_inner][\/vc_row_inner][\/vc_column][vc_column width=&#8221;1\/2&#8243;][\/vc_column][\/vc_row][\/vc_section]<\/p>\n<\/div>","protected":false},"excerpt":{"rendered":"<p>[vc_section full_width=&#8221;stretch_row_content&#8221; el_class=&#8221;image-banner-with-text&#8221; css=&#8221;.vc_custom_1661774187895{padding-top: 0px !important;padding-bottom: 0px !important;}&#8221;][vc_row tm_bgimagefixed=&#8221;&#8221; full_width=&#8221;stretch_row_content_no_spaces&#8221;][vc_column][vc_row_inner][vc_column_inner css=&#8221;.vc_custom_1659424244579{padding-left: 0px !important;}&#8221;][vc_single_image image=&#8221;2203&#8243; img_size=&#8221;full&#8221; alignment=&#8221;center&#8221; css=&#8221;.vc_custom_1696332639457{margin-bottom: 0px !important;}&#8221;][vc_column_text css=&#8221;.vc_custom_1672835307239{margin-bottom: 0px !important;padding-top: 15px !important;padding-bottom: 15px !important;background-color: rgba(10,10,10,0.35) !important;*background-color: rgb(10,10,10) !important;}&#8221; el_class=&#8221;white-text banner-heading banner-text-box&#8221;]Awards[\/vc_column_text][\/vc_column_inner][\/vc_row_inner][\/vc_column][\/vc_row][\/vc_section][vc_section el_class=&#8221;post-content-box button-style-box custom-container-1299-width boX2 awardsroW&#8221; css=&#8221;.vc_custom_1696510913230{padding-top: 65px !important;}&#8221;][vc_row tm_bgimagefixed=&#8221;&#8221; break_in_responsive=&#8221;1200&#8243; el_class=&#8221;grey-content-box who-we-are-content-box&#8221;][vc_column][vc_column_text][\/vc_column_text][\/vc_column][\/vc_row][vc_row tm_bgimagefixed=&#8221;&#8221; break_in_responsive=&#8221;1200&#8243; disable_element=&#8221;yes&#8221; el_class=&#8221;grey-content-box who-we-are-content-box boX2&#8243;][vc_column width=&#8221;1\/2&#8243;][vc_row_inner css=&#8221;.vc_custom_1665387546485{padding-right: 17.5px !important;padding-left: [&hellip;]<\/p>\n","protected":false},"author":1,"featured_media":0,"parent":668,"menu_order":0,"comment_status":"closed","ping_status":"closed","template":"","meta":{"_acf_changed":false,"footnotes":""},"class_list":["post-674","page","type-page","status-publish","hentry"],"acf":[],"_links":{"self":[{"href":"https:\/\/dev.iibanks.com\/westafrica\/wp-json\/wp\/v2\/pages\/674","targetHints":{"allow":["GET"]}}],"collection":[{"href":"https:\/\/dev.iibanks.com\/westafrica\/wp-json\/wp\/v2\/pages"}],"about":[{"href":"https:\/\/dev.iibanks.com\/westafrica\/wp-json\/wp\/v2\/types\/page"}],"author":[{"embeddable":true,"href":"https:\/\/dev.iibanks.com\/westafrica\/wp-json\/wp\/v2\/users\/1"}],"replies":[{"embeddable":true,"href":"https:\/\/dev.iibanks.com\/westafrica\/wp-json\/wp\/v2\/comments?post=674"}],"version-history":[{"count":15,"href":"https:\/\/dev.iibanks.com\/westafrica\/wp-json\/wp\/v2\/pages\/674\/revisions"}],"predecessor-version":[{"id":12251,"href":"https:\/\/dev.iibanks.com\/westafrica\/wp-json\/wp\/v2\/pages\/674\/revisions\/12251"}],"up":[{"embeddable":true,"href":"https:\/\/dev.iibanks.com\/westafrica\/wp-json\/wp\/v2\/pages\/668"}],"wp:attachment":[{"href":"https:\/\/dev.iibanks.com\/westafrica\/wp-json\/wp\/v2\/media?parent=674"}],"curies":[{"name":"wp","href":"https:\/\/api.w.org\/{rel}","templated":true}]}}