
{"id":646,"date":"2023-03-28T06:44:21","date_gmt":"2023-03-28T06:44:21","guid":{"rendered":"https:\/\/dev.iibanks.com\/westafrica\/?page_id=646"},"modified":"2025-06-27T19:27:11","modified_gmt":"2025-06-27T19:27:11","slug":"informacao-financeira","status":"publish","type":"page","link":"https:\/\/dev.iibanks.com\/westafrica\/pt\/quem-somos\/informacao-financeira\/","title":{"rendered":"Informa\u00e7\u00e3o Financeira"},"content":{"rendered":"<div class=\"wpb-content-wrapper\"><p>[vc_section css=&#8221;.vc_custom_1737961910297{padding-top: 65px !important;padding-right: 15px !important;padding-bottom: 65px !important;padding-left: 15px !important;background-color: #efefef !important;}&#8221; el_class=&#8221;our-purpose-text-box torportroW reportsrowS rportcenterP&#8221;][vc_row tm_bgimagefixed=&#8221;&#8221;][vc_column][vc_row_inner][vc_column_inner][vc_custom_heading text=&#8221;Relat\u00f3rios&#8221; use_theme_fonts=&#8221;yes&#8221; el_class=&#8221;h2font65&#8243;][\/vc_column_inner][\/vc_row_inner][vc_row_inner][vc_column_inner width=&#8221;1\/2&#8243; css=&#8221;.vc_custom_1672213263542{padding-right: 78px !important;}&#8221; tm_responsive_css=&#8221;75554018|colbreak_no|||||||||colbreak_no|||||||||colbreak_no||||||15||||colbreak_no|||||||||&#8221;][vc_single_image image=&#8221;12262&#8243; img_size=&#8221;300&#215;425&#8243; alignment=&#8221;right&#8221; css=&#8221;.vc_custom_1751052011477{margin-bottom: 0px !important;}&#8221;][\/vc_column_inner][vc_column_inner width=&#8221;1\/2&#8243;][vc_custom_heading text=&#8221;Relat\u00f3rio Anual 2024&#8243; css=&#8221;.vc_custom_1681297494633{margin-bottom: 40px !important;}&#8221;][vc_column_text css=&#8221;.vc_custom_1751052229544{margin-bottom: 0px !important;}&#8221;]<\/p>\n<p style=\"text-align: left; font-size: 18px; margin-bottom: 5px;\">English (5.10MB)<\/p>\n<p>[\/vc_column_text][vc_btn title=&#8221;Download pdf&#8221; style=&#8221;custom&#8221; custom_background=&#8221;#312b6b&#8221; custom_text=&#8221;#ffffff&#8221; align=&#8221;left&#8221; el_class=&#8221;pricelist-pdf-btn&#8221; link=&#8221;url:%2Fwestafrica%2Fwp-content%2Fuploads%2Fsites%2F4%2F2025%2F06%2FAnnual-Report-iib-2024.pdf|target:_blank&#8221;][vc_column_text css=&#8221;.vc_custom_1751052248056{margin-bottom: 0px !important;}&#8221;]<\/p>\n<p style=\"text-align: left; font-size: 18px; margin-bottom: 5px;\">Portuguese (5.70MB)<\/p>\n<p>[\/vc_column_text][vc_btn title=&#8221;Download pdf&#8221; style=&#8221;custom&#8221; custom_background=&#8221;#312b6b&#8221; custom_text=&#8221;#ffffff&#8221; align=&#8221;left&#8221; el_class=&#8221;pricelist-pdf-btn&#8221; link=&#8221;url:%2Fwestafrica%2Fwp-content%2Fuploads%2Fsites%2F4%2F2025%2F06%2FRelatoirio-e-Contas-iib-2024.pdf|target:_blank&#8221;][\/vc_column_inner][\/vc_row_inner][\/vc_column][\/vc_row][\/vc_section][vc_section css=&#8221;.vc_custom_1737961925955{padding-top: 65px !important;}&#8221; el_class=&#8221;report_four_into_two&#8221;][vc_row tm_bgimagefixed=&#8221;&#8221; el_class=&#8221;rportroW&#8221; css=&#8221;.vc_custom_1690193015719{padding-bottom: 65px !important;}&#8221;][vc_column width=&#8221;1\/4&#8243;][vc_single_image image=&#8221;10618&#8243; img_size=&#8221;300&#215;425&#8243; alignment=&#8221;right&#8221; css=&#8221;.vc_custom_1751051957605{margin-bottom: 0px !important;}&#8221;][vc_row_inner css=&#8221;.vc_custom_1694255007049{margin-top: 30px !important;}&#8221;][vc_column_inner]<div id=\"ultimate-heading-692569e04a616eb11\" class=\"uvc-heading ult-adjust-bottom-margin ultimate-heading-692569e04a616eb11 uvc-6614 \" data-hspacer=\"no_spacer\"  data-halign=\"left\" style=\"text-align:left\"><div class=\"uvc-heading-spacer no_spacer\" style=\"top\"><\/div><div class=\"uvc-main-heading ult-responsive\"  data-ultimate-target='.uvc-heading.ultimate-heading-692569e04a616eb11 h2'  data-responsive-json-new='{\"font-size\":\"desktop:36px;\",\"line-height\":\"desktop:44px;\"}' ><h2 style=\"font-weight:normal;margin-bottom:28px;\">Relat\u00f3rio Anual 2023<\/h2><\/div><\/div>[vc_column_text css=&#8221;.vc_custom_1751051703191{margin-bottom: 0px !important;}&#8221;]<\/p>\n<p style=\"text-align: left;\">English (8.29MB)<\/p>\n<p>[\/vc_column_text][vc_btn title=&#8221;Download pdf&#8221; style=&#8221;custom&#8221; custom_background=&#8221;#312b6b&#8221; custom_text=&#8221;#ffffff&#8221; align=&#8221;left&#8221; el_class=&#8221;pricelist-pdf-btn&#8221; link=&#8221;url:%2Fwestafrica%2Fwp-content%2Fuploads%2Fsites%2F4%2F2024%2F07%2FANNUAL-REPORT-2023.pdf|target:_blank&#8221;][vc_column_text css=&#8221;.vc_custom_1751051718348{margin-bottom: 0px !important;}&#8221;]<\/p>\n<p style=\"text-align: left;\">Portuguese (9.03MB)<\/p>\n<p>[\/vc_column_text][vc_btn title=&#8221;Download pdf&#8221; style=&#8221;custom&#8221; custom_background=&#8221;#312b6b&#8221; custom_text=&#8221;#ffffff&#8221; align=&#8221;left&#8221; el_class=&#8221;pricelist-pdf-btn&#8221; link=&#8221;url:%2Fwestafrica%2Fwp-content%2Fuploads%2Fsites%2F4%2F2024%2F07%2FRELATORIO_E_CONTAS-2023.pdf|target:_blank&#8221;][\/vc_column_inner][\/vc_row_inner][\/vc_column][vc_column width=&#8221;1\/4&#8243; css=&#8221;.vc_custom_1666348185659{margin-bottom: 0px !important;padding-bottom: 0px !important;}&#8221;][vc_single_image image=&#8221;2146&#8243; img_size=&#8221;300&#215;425&#8243; alignment=&#8221;right&#8221; css=&#8221;.vc_custom_1694255416705{margin-bottom: 0px !important;}&#8221;][vc_row_inner css=&#8221;.vc_custom_1694255007049{margin-top: 30px !important;}&#8221;][vc_column_inner]<div id=\"ultimate-heading-416169e04a616eb3f\" class=\"uvc-heading ult-adjust-bottom-margin ultimate-heading-416169e04a616eb3f uvc-6043 \" data-hspacer=\"no_spacer\"  data-halign=\"left\" style=\"text-align:left\"><div class=\"uvc-heading-spacer no_spacer\" style=\"top\"><\/div><div class=\"uvc-main-heading ult-responsive\"  data-ultimate-target='.uvc-heading.ultimate-heading-416169e04a616eb3f h2'  data-responsive-json-new='{\"font-size\":\"desktop:36px;\",\"line-height\":\"desktop:44px;\"}' ><h2 style=\"font-weight:normal;margin-bottom:28px;\">Relat\u00f3rio Anual 2022<\/h2><\/div><\/div>[vc_column_text css=&#8221;.vc_custom_1716451309495{margin-bottom: 0px !important;}&#8221;]<\/p>\n<p style=\"text-align: left;\">English (8.19MB)<\/p>\n<p>[\/vc_column_text][vc_btn title=&#8221;Download pdf&#8221; style=&#8221;custom&#8221; custom_background=&#8221;#312b6b&#8221; custom_text=&#8221;#ffffff&#8221; align=&#8221;left&#8221; el_class=&#8221;pricelist-pdf-btn&#8221; link=&#8221;url:%2Fwestafrica%2Fwp-content%2Fuploads%2Fsites%2F4%2F2023%2F09%2FAnnual-Report2022-1.pdf|target:_blank&#8221;][vc_column_text css=&#8221;.vc_custom_1716451295928{margin-bottom: 0px !important;}&#8221;]<\/p>\n<p style=\"text-align: left;\">Portuguese (7.95MB)<\/p>\n<p>[\/vc_column_text][vc_btn title=&#8221;Download pdf&#8221; style=&#8221;custom&#8221; custom_background=&#8221;#312b6b&#8221; custom_text=&#8221;#ffffff&#8221; align=&#8221;left&#8221; el_class=&#8221;pricelist-pdf-btn&#8221; link=&#8221;url:%2Fwestafrica%2Fwp-content%2Fuploads%2Fsites%2F4%2F2023%2F09%2FRelatorio-e-Contas2022-1.pdf|target:_blank&#8221;][\/vc_column_inner][\/vc_row_inner][\/vc_column][vc_column width=&#8221;1\/4&#8243;][vc_single_image image=&#8221;2144&#8243; img_size=&#8221;full&#8221; css=&#8221;.vc_custom_1694254972626{margin-bottom: 0px !important;}&#8221; el_class=&#8221;report-image&#8221;][vc_row_inner css=&#8221;.vc_custom_1694255007049{margin-top: 30px !important;}&#8221;][vc_column_inner][vc_custom_heading text=&#8221;Relat\u00f3rio Anual 2021&#8243; font_container=&#8221;tag:h2|font_size:36px|text_align:left|color:%23575757|line_height:44px&#8221; use_theme_fonts=&#8221;yes&#8221; css=&#8221;.vc_custom_1666347894661{margin-bottom: 30px !important;padding-bottom: 0px !important;}&#8221;][vc_column_text css=&#8221;.vc_custom_1694005464579{margin-bottom: 0px !important;}&#8221;]<\/p>\n<p style=\"text-align: left;\">English (7.67MB)<\/p>\n<p>[\/vc_column_text][vc_btn title=&#8221;Download pdf&#8221; style=&#8221;custom&#8221; custom_background=&#8221;#312b6b&#8221; custom_text=&#8221;#ffffff&#8221; align=&#8221;left&#8221; el_class=&#8221;pricelist-pdf-btn&#8221; link=&#8221;url:%2Fwestafrica%2Fwp-content%2Fuploads%2Fsites%2F4%2F2023%2F03%2FAnnualReport-Eng-2021-1.pdf|target:_blank&#8221;][vc_column_text css=&#8221;.vc_custom_1716451396879{margin-bottom: 0px !important;}&#8221;]<\/p>\n<p style=\"text-align: left;\">Portuguese (15.7MB)<\/p>\n<p>[\/vc_column_text][vc_btn title=&#8221;Download pdf&#8221; style=&#8221;custom&#8221; custom_background=&#8221;#312b6b&#8221; custom_text=&#8221;#ffffff&#8221; align=&#8221;left&#8221; el_class=&#8221;pricelist-pdf-btn&#8221; link=&#8221;url:%2Fwestafrica%2Fwp-content%2Fuploads%2Fsites%2F4%2F2023%2F03%2FRELATORIO-CONTAS1_iib-2021-1.pdf|target:_blank&#8221;][\/vc_column_inner][\/vc_row_inner][\/vc_column][vc_column width=&#8221;1\/4&#8243;][vc_single_image image=&#8221;2112&#8243; img_size=&#8221;full&#8221; css=&#8221;.vc_custom_1694008744136{margin-bottom: 0px !important;}&#8221; el_class=&#8221;report-image&#8221;][vc_row_inner css=&#8221;.vc_custom_1694255013249{margin-top: 30px !important;}&#8221;][vc_column_inner][vc_custom_heading text=&#8221;Relat\u00f3rio Anual 2020&#8243; font_container=&#8221;tag:h2|font_size:36px|text_align:left|color:%23575757|line_height:44px&#8221; use_theme_fonts=&#8221;yes&#8221; css=&#8221;.vc_custom_1666347926046{margin-bottom: 30px !important;padding-bottom: 0px !important;}&#8221;][vc_column_text css=&#8221;.vc_custom_1694005011612{margin-bottom: 0px !important;}&#8221;]<\/p>\n<p style=\"text-align: left;\">Portuguese (4.25MB)<\/p>\n<p>[\/vc_column_text][vc_btn title=&#8221;Download pdf&#8221; style=&#8221;custom&#8221; custom_background=&#8221;#312b6b&#8221; custom_text=&#8221;#ffffff&#8221; align=&#8221;left&#8221; el_class=&#8221;pricelist-pdf-btn&#8221; link=&#8221;url:%2Fwestafrica%2Fwp-content%2Fuploads%2Fsites%2F4%2F2023%2F03%2FRELATORIO-E-CONTAS_iib-2020-1.pdf|target:_blank&#8221;][\/vc_column_inner][\/vc_row_inner][\/vc_column][\/vc_row][\/vc_section][vc_section css=&#8221;.vc_custom_1737961925955{padding-top: 65px !important;}&#8221; el_class=&#8221;report_four_into_two&#8221;][vc_row tm_bgimagefixed=&#8221;&#8221; el_class=&#8221;rportroW&#8221; css=&#8221;.vc_custom_1690193015719{padding-bottom: 65px !important;}&#8221;][vc_column width=&#8221;1\/4&#8243;][vc_single_image image=&#8221;2111&#8243; img_size=&#8221;full&#8221; css=&#8221;.vc_custom_1694008762424{margin-bottom: 0px !important;}&#8221; el_class=&#8221;report-image&#8221;][vc_row_inner css=&#8221;.vc_custom_1694255020161{margin-top: 30px !important;}&#8221;][vc_column_inner][vc_custom_heading text=&#8221;Relat\u00f3rio Anual 2019&#8243; font_container=&#8221;tag:h2|font_size:36px|text_align:left|color:%23575757|line_height:44px&#8221; use_theme_fonts=&#8221;yes&#8221; css=&#8221;.vc_custom_1666347996357{margin-bottom: 30px !important;padding-bottom: 0px !important;}&#8221;][vc_column_text css=&#8221;.vc_custom_1694002916525{margin-bottom: 0px !important;}&#8221;]<\/p>\n<p style=\"text-align: left;\">Portuguese (3MB)<\/p>\n<p>[\/vc_column_text][vc_btn title=&#8221;Download pdf&#8221; style=&#8221;custom&#8221; custom_background=&#8221;#312b6b&#8221; custom_text=&#8221;#ffffff&#8221; align=&#8221;left&#8221; el_class=&#8221;pricelist-pdf-btn&#8221; link=&#8221;url:%2Fwestafrica%2Fwp-content%2Fuploads%2Fsites%2F4%2F2023%2F03%2FRC-2019-1.pdf|target:_blank&#8221;][\/vc_column_inner][\/vc_row_inner][\/vc_column][vc_column width=&#8221;1\/4&#8243; css=&#8221;.vc_custom_1666348185659{margin-bottom: 0px !important;padding-bottom: 0px !important;}&#8221;][\/vc_column][vc_column width=&#8221;1\/4&#8243;][\/vc_column][vc_column width=&#8221;1\/4&#8243;][\/vc_column][\/vc_row][\/vc_section][vc_section css=&#8221;.vc_custom_1737961946851{padding-top: 65px !important;padding-right: 15px !important;padding-bottom: 65px !important;padding-left: 15px !important;background-color: #efefef !important;}&#8221; el_class=&#8221;our-purpose-text-box torportroW rportcenterP&#8221;][vc_row tm_bgimagefixed=&#8221;&#8221;][vc_column][vc_row_inner][vc_column_inner][vc_custom_heading text=&#8221;Ficha Informativa&#8221; use_theme_fonts=&#8221;yes&#8221; el_class=&#8221;h2font65&#8243;][\/vc_column_inner][\/vc_row_inner][vc_row_inner][vc_column_inner width=&#8221;1\/2&#8243; css=&#8221;.vc_custom_1672213263542{padding-right: 78px !important;}&#8221; tm_responsive_css=&#8221;75554018|colbreak_no|||||||||colbreak_no|||||||||colbreak_no||||||15||||colbreak_no|||||||||&#8221;][vc_single_image image=&#8221;2139&#8243; img_size=&#8221;300&#215;425&#8243; alignment=&#8221;right&#8221; css=&#8221;.vc_custom_1694255052026{margin-bottom: 0px !important;}&#8221;][\/vc_column_inner][vc_column_inner width=&#8221;1\/2&#8243;][vc_custom_heading text=&#8221;Ficha Informativa 2023&#8243; css=&#8221;.vc_custom_1681297494633{margin-bottom: 40px !important;}&#8221;][vc_column_text css=&#8221;.vc_custom_1694255084417{margin-bottom: 0px !important;}&#8221;]<\/p>\n<p style=\"text-align: left; font-size: 18px; margin-bottom: 10px;\">English (933KB)<\/p>\n<p>[\/vc_column_text][vc_btn title=&#8221;Download pdf&#8221; style=&#8221;custom&#8221; custom_background=&#8221;#312b6b&#8221; custom_text=&#8221;#ffffff&#8221; align=&#8221;left&#8221; el_class=&#8221;pricelist-pdf-btn&#8221; link=&#8221;url:%2Fwestafrica%2Fwp-content%2Fuploads%2Fsites%2F4%2F2023%2F09%2Ffactsheet-q2-a5-en-atualizado.pdf|target:_blank&#8221;][vc_column_text css=&#8221;.vc_custom_1694255099641{margin-bottom: 0px !important;}&#8221;]<\/p>\n<p style=\"text-align: left; font-size: 18px; margin-bottom: 10px;\">Portuguese (955KB)<\/p>\n<p>[\/vc_column_text][vc_btn title=&#8221;Download pdf&#8221; style=&#8221;custom&#8221; custom_background=&#8221;#312b6b&#8221; custom_text=&#8221;#ffffff&#8221; align=&#8221;left&#8221; el_class=&#8221;pricelist-pdf-btn&#8221; link=&#8221;url:%2Fwestafrica%2Fwp-content%2Fuploads%2Fsites%2F4%2F2023%2F09%2Ffactsheet-t2-a5-pt-atulizado.pdf|target:_blank&#8221;][\/vc_column_inner][\/vc_row_inner][\/vc_column][\/vc_row][\/vc_section][vc_section el_class=&#8221;values-purpose-bank-sec&#8221; css=&#8221;.vc_custom_1660816927837{padding-top: 65px !important;}&#8221;][vc_row tm_bgimagefixed=&#8221;&#8221; break_in_responsive=&#8221;1200&#8243; equal_height=&#8221;yes&#8221; rtl_reverse=&#8221;yes&#8221; el_class=&#8221;max-width-980&#8243;][vc_column][vc_row_inner css=&#8221;.vc_custom_1660198241980{padding-right: 0px !important;padding-left: 0px !important;}&#8221; el_class=&#8221;font-size-36&#8243;][vc_column_inner el_class=&#8221;left-image-right-content&#8221; css=&#8221;.vc_custom_1659521442123{padding-right: 0px !important;padding-left: 0px !important;}&#8221;][vc_single_image image=&#8221;560&#8243; img_size=&#8221;full&#8221; alignment=&#8221;center&#8221; css=&#8221;.vc_custom_1679734583852{margin-bottom: 0px !important;}&#8221;][vc_column_text el_class=&#8221;custom-white-text-box&#8221; css=&#8221;.vc_custom_1680248078398{background-color: #efefef !important;}&#8221;]<\/p>\n<h4 class=\"tm-custom-heading \">O Seu Banco,<br \/>\nO Seu Futuro<\/h4>\n<p>O nosso Slogan \u00e9 a manifesta\u00e7\u00e3o exterior da nossa Ess\u00eancia e Prop\u00f3sito.[\/vc_column_text][\/vc_column_inner][\/vc_row_inner][\/vc_column][\/vc_row][\/vc_section][vc_section css=&#8221;.vc_custom_1737961982622{padding-top: 50px !important;padding-right: 15px !important;padding-bottom: 50px !important;padding-left: 15px !important;background-color: #1a2159 !important;}&#8221; el_class=&#8221;our-purpose-text-box letter-spacing-1 greyroW torportroW posotionroW&#8221;][vc_row tm_bgimagefixed=&#8221;&#8221;][vc_column][vc_row_inner][vc_column_inner][vc_column_text el_class=&#8221;white-text font-size-36&#8243; css=&#8221;.vc_custom_1680248099578{margin-bottom: 0px !important;}&#8221;]<\/p>\n<h4 style=\"text-align: left;\">O nosso posicionamento nos diferencia, nos sustenta e nos motiva. \u00c9 isso que queremos que as pessoas associem quando pensam em n\u00f3s.<\/h4>\n<p>[\/vc_column_text][\/vc_column_inner][\/vc_row_inner][\/vc_column][\/vc_row][\/vc_section][vc_section el_class=&#8221;explore-our-locations custom-container-1301-width-three&#8221; css=&#8221;.vc_custom_1665394278930{padding-top: 55px !important;background-color: #efefef !important;}&#8221;][vc_row][vc_column][vc_row_inner el_class=&#8221;font-size-36&#8243;][vc_column_inner][tm-custom-heading text=&#8221;Os Nossos Valores&#8221; font_container=&#8221;tag:h4|text_align:center&#8221; css=&#8221;.vc_custom_1680248114001{margin-bottom: 55px !important;}&#8221;][\/vc_column_inner][\/vc_row_inner][\/vc_column][\/vc_row][vc_row tm_bgimagefixed=&#8221;&#8221; break_in_responsive=&#8221;1200&#8243; tm_zindex=&#8221;&#8221; el_class=&#8221;our-values-section boX3 three_into_two&#8221;][vc_column width=&#8221;1\/3&#8243;][vc_row_inner css=&#8221;.vc_custom_1663569843114{padding-right: 17.5px !important;padding-left: 17.5px !important;}&#8221; tm_responsive_css=&#8221;87547761|colbreak_no||||||0||0|colbreak_no|||||||||colbreak_no||||||||||colbreak_no|||||||||&#8221;][vc_column_inner][vc_single_image image=&#8221;565&#8243; img_size=&#8221;full&#8221; alignment=&#8221;center&#8221; css=&#8221;.vc_custom_1679734777273{margin-bottom: 0px !important;}&#8221;][vc_column_text css=&#8221;.vc_custom_1680248134852{padding-top: 30px !important;padding-right: 30px !important;padding-bottom: 30px !important;padding-left: 30px !important;background-color: #ffffff !important;}&#8221; el_class=&#8221;font-size-36 font-size-18 custom-text-box&#8221;]<\/p>\n<h4>Inova\u00e7\u00e3o<\/h4>\n<p>Com o Conhecimento vem a Inova\u00e7\u00e3o. Acreditamos que qualquer problema tem uma solu\u00e7\u00e3o e esta pode ser alcan\u00e7ada atrav\u00e9s da l\u00f3gica e da raz\u00e3o. A nossa m\u00e3o-de-obra diversificada gera criatividade org\u00e2nica, levando \u00e0 inova\u00e7\u00e3o nas nossas ofertas de produtos e servi\u00e7os.[\/vc_column_text][\/vc_column_inner][\/vc_row_inner][\/vc_column][vc_column width=&#8221;1\/3&#8243;][vc_row_inner css=&#8221;.vc_custom_1663569854783{padding-right: 17.5px !important;padding-left: 17.5px !important;}&#8221; tm_responsive_css=&#8221;20659142|colbreak_no||||||0||0|colbreak_no|||||||||colbreak_no||||||||||colbreak_no|||||||||&#8221;][vc_column_inner][vc_single_image image=&#8221;566&#8243; img_size=&#8221;full&#8221; alignment=&#8221;center&#8221; css=&#8221;.vc_custom_1679734783971{margin-bottom: 0px !important;}&#8221;][vc_column_text css=&#8221;.vc_custom_1680248148194{padding-top: 30px !important;padding-right: 30px !important;padding-bottom: 30px !important;padding-left: 30px !important;background-color: #ffffff !important;}&#8221; el_class=&#8221;font-size-36 font-size-18 custom-text-box&#8221;]<\/p>\n<h4>Parceria<\/h4>\n<p>A parceria significa que colaboramos, e isso traz-nos sucesso. Todas as nossas rela\u00e7\u00f5es s\u00e3o mutuamente ben\u00e9ficas, dando aos clientes e colegas um verdadeiro sentido de posse.[\/vc_column_text][\/vc_column_inner][\/vc_row_inner][\/vc_column][vc_column width=&#8221;1\/3&#8243;][vc_row_inner css=&#8221;.vc_custom_1663569867399{padding-right: 17.5px !important;padding-left: 17.5px !important;}&#8221; tm_responsive_css=&#8221;37718171|colbreak_no||||||0||0|colbreak_no|||||||||colbreak_no||||||||||colbreak_no|||||||||&#8221;][vc_column_inner][vc_single_image image=&#8221;567&#8243; img_size=&#8221;full&#8221; alignment=&#8221;center&#8221; css=&#8221;.vc_custom_1679734790385{margin-bottom: 0px !important;}&#8221;][vc_column_text css=&#8221;.vc_custom_1680248163143{padding-top: 30px !important;padding-right: 30px !important;padding-bottom: 30px !important;padding-left: 30px !important;background-color: #ffffff !important;}&#8221; el_class=&#8221;font-size-36 font-size-18 custom-text-box&#8221;]<\/p>\n<h4>Compromisso<\/h4>\n<p>Estamos comprometidos com os nossos colaboradores, os nossos clientes e os nossos stakeholders. Acreditamos que com o compromisso vem a excel\u00eancia, orientando-nos para o melhor resultado poss\u00edvel em qualquer cen\u00e1rio.[\/vc_column_text][\/vc_column_inner][\/vc_row_inner][\/vc_column][\/vc_row][\/vc_section][vc_section full_width=&#8221;stretch_row&#8221; el_class=&#8221;button-style-box absolute-read-more contact-us-media-box custom-container-1299-width boX2&#8243; css=&#8221;.vc_custom_1737962023486{padding-top: 65px !important;}&#8221;][vc_row tm_bgimagefixed=&#8221;&#8221; break_in_responsive=&#8221;1200&#8243; full_width=&#8221;stretch_row&#8221; full_height=&#8221;yes&#8221;][vc_column width=&#8221;1\/2&#8243;][vc_row_inner css=&#8221;.vc_custom_1665405898975{padding-right: 17.5px !important;padding-left: 17.5px !important;}&#8221; tm_responsive_css=&#8221;99269579|colbreak_no||||||0||0|colbreak_no|||||||||colbreak_no||||||||||colbreak_no|||||||||&#8221;][vc_column_inner][vc_single_image image=&#8221;1631&#8243; img_size=&#8221;full&#8221; alignment=&#8221;center&#8221; css=&#8221;.vc_custom_1683561984695{margin-bottom: 0px !important;}&#8221;][vc_column_text el_class=&#8221;personal-islamic-bank&#8221; css=&#8221;.vc_custom_1690981115630{padding-top: 45px !important;padding-right: 50px !important;padding-bottom: 65px !important;padding-left: 50px !important;background-color: #e6e6e6 !important;}&#8221;]<\/p>\n<h4 class=\"tm-custom-heading \">Carreiras no iib<\/h4>\n<p>Interessado em candidatar-se a um emprego no iib?<\/p>\n<p>Entre em contacto com as nossas equipas de RH atrav\u00e9s do e-mail abaixo indicado:<\/p>\n<div class=\"absolute-btn\"><a title=\"\" href=\"mailto:recrutamento@iibanks.com\">recrutamento@iibanks.com<\/a><\/div>\n<p>[\/vc_column_text][\/vc_column_inner][\/vc_row_inner][\/vc_column][vc_column width=&#8221;1\/2&#8243;][vc_row_inner css=&#8221;.vc_custom_1665405906607{padding-right: 17.5px !important;padding-left: 17.5px !important;}&#8221; tm_responsive_css=&#8221;62228480|colbreak_no||||||0||0|colbreak_no|||||||||colbreak_no||||||||||colbreak_no|||||||||&#8221;][vc_column_inner][vc_single_image image=&#8221;563&#8243; img_size=&#8221;full&#8221; alignment=&#8221;center&#8221; css=&#8221;.vc_custom_1679734755073{margin-bottom: 0px !important;}&#8221;][vc_column_text el_class=&#8221;personal-islamic-bank&#8221; css=&#8221;.vc_custom_1680248201633{padding-top: 45px !important;padding-right: 50px !important;padding-bottom: 65px !important;padding-left: 50px !important;background-color: #e6e6e6 !important;}&#8221;]<\/p>\n<h4>Contactos para a Comunica\u00e7\u00e3o Social<\/h4>\n<p>Interessado em candidatar-se a um emprego no iib? Entre em contacto com as nossas equipas de RH atrav\u00e9s do e-mail abaixo indicado:<\/p>\n<div class=\"absolute-btn\"><a title=\"\" href=\"mailto:marketingcv@iibanks.com\">marketingcv@iibanks.com<\/a><\/div>\n<p>[\/vc_column_text][\/vc_column_inner][\/vc_row_inner][\/vc_column][\/vc_row][\/vc_section]<\/p>\n<\/div>","protected":false},"excerpt":{"rendered":"<p>[vc_section css=&#8221;.vc_custom_1737961910297{padding-top: 65px !important;padding-right: 15px !important;padding-bottom: 65px !important;padding-left: 15px !important;background-color: #efefef !important;}&#8221; el_class=&#8221;our-purpose-text-box torportroW reportsrowS rportcenterP&#8221;][vc_row tm_bgimagefixed=&#8221;&#8221;][vc_column][vc_row_inner][vc_column_inner][vc_custom_heading text=&#8221;Relat\u00f3rios&#8221; use_theme_fonts=&#8221;yes&#8221; el_class=&#8221;h2font65&#8243;][\/vc_column_inner][\/vc_row_inner][vc_row_inner][vc_column_inner width=&#8221;1\/2&#8243; css=&#8221;.vc_custom_1672213263542{padding-right: 78px !important;}&#8221; tm_responsive_css=&#8221;75554018|colbreak_no|||||||||colbreak_no|||||||||colbreak_no||||||15||||colbreak_no|||||||||&#8221;][vc_single_image image=&#8221;12262&#8243; img_size=&#8221;300&#215;425&#8243; alignment=&#8221;right&#8221; css=&#8221;.vc_custom_1751052011477{margin-bottom: 0px !important;}&#8221;][\/vc_column_inner][vc_column_inner width=&#8221;1\/2&#8243;][vc_custom_heading text=&#8221;Relat\u00f3rio Anual 2024&#8243; css=&#8221;.vc_custom_1681297494633{margin-bottom: 40px !important;}&#8221;][vc_column_text css=&#8221;.vc_custom_1751052229544{margin-bottom: 0px !important;}&#8221;] English (5.10MB) [\/vc_column_text][vc_btn title=&#8221;Download pdf&#8221; style=&#8221;custom&#8221; custom_background=&#8221;#312b6b&#8221; custom_text=&#8221;#ffffff&#8221; align=&#8221;left&#8221; el_class=&#8221;pricelist-pdf-btn&#8221; link=&#8221;url:%2Fwestafrica%2Fwp-content%2Fuploads%2Fsites%2F4%2F2025%2F06%2FAnnual-Report-iib-2024.pdf|target:_blank&#8221;][vc_column_text css=&#8221;.vc_custom_1751052248056{margin-bottom: 0px !important;}&#8221;] [&hellip;]<\/p>\n","protected":false},"author":1,"featured_media":0,"parent":619,"menu_order":0,"comment_status":"closed","ping_status":"closed","template":"","meta":{"_acf_changed":false,"footnotes":""},"class_list":["post-646","page","type-page","status-publish","hentry"],"acf":[],"_links":{"self":[{"href":"https:\/\/dev.iibanks.com\/westafrica\/wp-json\/wp\/v2\/pages\/646","targetHints":{"allow":["GET"]}}],"collection":[{"href":"https:\/\/dev.iibanks.com\/westafrica\/wp-json\/wp\/v2\/pages"}],"about":[{"href":"https:\/\/dev.iibanks.com\/westafrica\/wp-json\/wp\/v2\/types\/page"}],"author":[{"embeddable":true,"href":"https:\/\/dev.iibanks.com\/westafrica\/wp-json\/wp\/v2\/users\/1"}],"replies":[{"embeddable":true,"href":"https:\/\/dev.iibanks.com\/westafrica\/wp-json\/wp\/v2\/comments?post=646"}],"version-history":[{"count":59,"href":"https:\/\/dev.iibanks.com\/westafrica\/wp-json\/wp\/v2\/pages\/646\/revisions"}],"predecessor-version":[{"id":12267,"href":"https:\/\/dev.iibanks.com\/westafrica\/wp-json\/wp\/v2\/pages\/646\/revisions\/12267"}],"up":[{"embeddable":true,"href":"https:\/\/dev.iibanks.com\/westafrica\/wp-json\/wp\/v2\/pages\/619"}],"wp:attachment":[{"href":"https:\/\/dev.iibanks.com\/westafrica\/wp-json\/wp\/v2\/media?parent=646"}],"curies":[{"name":"wp","href":"https:\/\/api.w.org\/{rel}","templated":true}]}}