
{"id":619,"date":"2023-03-27T11:14:29","date_gmt":"2023-03-27T11:14:29","guid":{"rendered":"https:\/\/dev.iibanks.com\/westafrica\/?page_id=619"},"modified":"2025-01-27T07:01:54","modified_gmt":"2025-01-27T07:01:54","slug":"quem-somos","status":"publish","type":"page","link":"https:\/\/dev.iibanks.com\/westafrica\/pt\/quem-somos\/","title":{"rendered":"Quem Somos"},"content":{"rendered":"<div class=\"wpb-content-wrapper\"><p>[vc_section full_width=&#8221;stretch_row_content&#8221; el_class=&#8221;image-banner-with-text&#8221; css=&#8221;.vc_custom_1665387811532{padding-top: 0px !important;padding-bottom: 0px !important;}&#8221;][vc_row tm_bgimagefixed=&#8221;&#8221; full_width=&#8221;stretch_row_content_no_spaces&#8221;][vc_column][vc_row_inner][vc_column_inner css=&#8221;.vc_custom_1659424244579{padding-left: 0px !important;}&#8221;][vc_single_image image=&#8221;161&#8243; img_size=&#8221;full&#8221; alignment=&#8221;center&#8221; css=&#8221;.vc_custom_1678956276270{margin-bottom: 0px !important;}&#8221;][vc_column_text css=&#8221;.vc_custom_1680196919966{margin-bottom: 0px !important;padding-top: 15px !important;padding-bottom: 15px !important;background-color: rgba(10,10,10,0.35) !important;*background-color: rgb(10,10,10) !important;}&#8221; el_class=&#8221;white-text banner-heading banner-text-box&#8221;]Ajudar as pessoas a realizar<\/p>\n<p>as suas ambi\u00e7\u00f5es.[\/vc_column_text][\/vc_column_inner][\/vc_row_inner][\/vc_column][\/vc_row][\/vc_section][vc_section css=&#8221;.vc_custom_1737961305908{padding-top: 50px !important;padding-right: 15px !important;padding-bottom: 50px !important;padding-left: 15px !important;background-color: #1a2159 !important;}&#8221; el_class=&#8221;our-purpose-text-box greyroW blue_two_into_one ouroW&#8221;][vc_row tm_bgimagefixed=&#8221;&#8221;][vc_column][vc_row_inner][vc_column_inner width=&#8221;1\/4&#8243;][vc_column_text el_class=&#8221;white-text purpose-text-heading&#8221; css=&#8221;.vc_custom_1680196945966{margin-bottom: 30px !important;}&#8221;]O Nosso<\/p>\n<p>Prop\u00f3sito[\/vc_column_text][\/vc_column_inner][vc_column_inner width=&#8221;3\/4&#8243;][vc_column_text el_class=&#8221;white-text&#8221; css=&#8221;.vc_custom_1680196959566{margin-bottom: 0px !important;}&#8221;]Ajudar as pessoas a realizar as suas ambi\u00e7\u00f5es &#8211; este \u00e9 o nosso prop\u00f3sito e explica a raz\u00e3o da nossa exist\u00eancia. Estamos aqui para criar um futuro que come\u00e7a hoje. Porque compreendemos que a ambi\u00e7\u00e3o n\u00e3o \u00e9 um destino &#8211; \u00e9 uma viagem.[\/vc_column_text][\/vc_column_inner][\/vc_row_inner][\/vc_column][\/vc_row][\/vc_section][vc_section el_class=&#8221;post-content-box button-style-box custom-container-1299-width boX2&#8243; css=&#8221;.vc_custom_1737960191966{padding-top: 65px !important;}&#8221;][vc_row tm_bgimagefixed=&#8221;&#8221; break_in_responsive=&#8221;1200&#8243; el_class=&#8221;grey-content-box who-we-are-content-box&#8221;][vc_column width=&#8221;1\/2&#8243;][vc_row_inner css=&#8221;.vc_custom_1665387546485{padding-right: 17.5px !important;padding-left: 17.5px !important;}&#8221; tm_responsive_css=&#8221;45908895|colbreak_no||||||0||0|colbreak_no|||||||||colbreak_no||||||||||colbreak_no|||||||||&#8221;][vc_column_inner][vc_single_image image=&#8221;152&#8243; img_size=&#8221;full&#8221; alignment=&#8221;center&#8221; css=&#8221;.vc_custom_1678956293256{margin-bottom: 0px !important;}&#8221;][vc_column_text el_class=&#8221;custom-white-text-box&#8221; css=&#8221;.vc_custom_1680685834767{background-color: #efefef !important;}&#8221;]<\/p>\n<h4 class=\"tm-custom-heading \">Prop\u00f3sito e Valores<\/h4>\n<p>Nosso posicionamento nos diferencia, nos sustenta e nos motiva. \u00c9 o que queremos que as pessoas associem quando pensam em n\u00f3s.<\/p>\n<div class=\"custom-theme-button\"><a title=\"\" href=\"\/westafrica\/pt\/proposito-e-valores\/\">Ler +<\/a><\/div>\n<p>[\/vc_column_text][\/vc_column_inner][\/vc_row_inner][\/vc_column][vc_column width=&#8221;1\/2&#8243;][vc_row_inner css=&#8221;.vc_custom_1665387560516{padding-right: 17.5px !important;padding-left: 17.5px !important;}&#8221; tm_responsive_css=&#8221;16675962|colbreak_no||||||0||0|colbreak_no|||||||||colbreak_no||||||||||colbreak_no|||||||||&#8221;][vc_column_inner][vc_single_image image=&#8221;153&#8243; img_size=&#8221;full&#8221; alignment=&#8221;center&#8221; css=&#8221;.vc_custom_1678956301797{margin-bottom: 0px !important;}&#8221;][vc_column_text el_class=&#8221;custom-white-text-box&#8221; css=&#8221;.vc_custom_1680685893997{background-color: #efefef !important;}&#8221;]<\/p>\n<h4>Lideran\u00e7a<\/h4>\n<p>Uma equipa de profissionais com uma vasta experi\u00eancia em finan\u00e7as internacionais.<\/p>\n<div class=\"custom-theme-button\"><a title=\"\" href=\"\/westafrica\/pt\/lideranca\/\">Ler +<\/a><\/div>\n<p>[\/vc_column_text][\/vc_column_inner][\/vc_row_inner][\/vc_column][\/vc_row][\/vc_section][vc_section css=&#8221;.vc_custom_1666787345865{padding-top: 0px !important;}&#8221; el_class=&#8221;button-style-box&#8221;][vc_row tm_bgimagefixed=&#8221;&#8221; el_class=&#8221;max-width-980&#8243;][vc_column][vc_row_inner tm_zindex=&#8221;&#8221; el_class=&#8221;sustainability&#8221;][vc_column_inner el_class=&#8221;left-image-right-content left-image-right-content-621-w&#8221;][vc_single_image image=&#8221;154&#8243; img_size=&#8221;full&#8221; alignment=&#8221;center&#8221; css=&#8221;.vc_custom_1678956319751{margin-bottom: 0px !important;}&#8221;][vc_column_text el_class=&#8221;one-column-white-text-box&#8221; css=&#8221;.vc_custom_1681285693006{background-color: #efefef !important;}&#8221;]<\/p>\n<h4 class=\"tm-custom-heading \">Sustentabilidade<\/h4>\n<p>No iib, integramos proactivamente os nossos objectivos de Sustentabilidade em tudo o que fazemos. Alinhados com os ODS da ONU, compreendemos que a mudan\u00e7a real e duradoura se realiza atrav\u00e9s do esfor\u00e7o colectivo.<\/p>\n<div class=\"custom-theme-button\"><a title=\"\" href=\"\/westafrica\/pt\/sustentabilidade\/\">Ler +<\/a><\/div>\n<p>[\/vc_column_text][\/vc_column_inner][\/vc_row_inner][\/vc_column][\/vc_row][\/vc_section][vc_section el_class=&#8221;explore-our-locations custom-container-1299-width&#8221; css=&#8221;.vc_custom_1666846744566{padding-bottom: 0px !important;}&#8221;][vc_row][vc_column][vc_row_inner][vc_column_inner][vc_custom_heading text=&#8221;Explore as nossas localiza\u00e7\u00f5es&#8221; font_container=&#8221;tag:h2|text_align:center&#8221; css=&#8221;.vc_custom_1681286291495{margin-bottom: 22px !important;}&#8221;][\/vc_column_inner][\/vc_row_inner][\/vc_column][\/vc_row][vc_row tm_bgimagefixed=&#8221;&#8221; break_in_responsive=&#8221;1200&#8243; tm_zindex=&#8221;&#8221; el_class=&#8221;explore-location-box ourwebsiteS four_into_two&#8221;][vc_column width=&#8221;1\/4&#8243;][vc_row_inner tm_responsive_css=&#8221;98325585|colbreak_no||||||0||0|colbreak_no||||||0||0|colbreak_no||||||||||colbreak_no|||||||||&#8221; css=&#8221;.vc_custom_1665387682085{padding-right: 17.5px !important;padding-left: 17.5px !important;}&#8221;][vc_column_inner][vc_column_text css=&#8221;.vc_custom_1673356733021{margin-bottom: 0px !important;padding-top: 15px !important;padding-right: 10px !important;padding-bottom: 15px !important;padding-left: 10px !important;background-color: #1a2159 !important;}&#8221; el_class=&#8221;explore-blue-box&#8221;]<\/p>\n<h4 style=\"text-align: center;\">Bahrain<\/h4>\n<p style=\"text-align: center;\"><a href=\"https:\/\/visitbahrain.bh\/\" target=\"_blank\" rel=\"noopener\">visitbahrain.bh<\/a><\/p>\n<p>[\/vc_column_text][vc_single_image image=&#8221;155&#8243; img_size=&#8221;full&#8221; alignment=&#8221;center&#8221; css=&#8221;.vc_custom_1678956334342{margin-bottom: 65px !important;}&#8221;][\/vc_column_inner][\/vc_row_inner][\/vc_column][vc_column width=&#8221;1\/4&#8243;][vc_row_inner tm_responsive_css=&#8221;15153374|colbreak_no||||||0||0|colbreak_no||||||0||0|colbreak_no||||||||||colbreak_no|||||||||&#8221; css=&#8221;.vc_custom_1665387692419{padding-right: 17.5px !important;padding-left: 17.5px !important;}&#8221;][vc_column_inner][vc_column_text css=&#8221;.vc_custom_1731499325603{margin-bottom: 0px !important;padding-top: 15px !important;padding-right: 10px !important;padding-bottom: 15px !important;padding-left: 10px !important;background-color: #1a2159 !important;}&#8221; el_class=&#8221;explore-blue-box&#8221;]<\/p>\n<h4 style=\"text-align: center;\">The Bahamas<\/h4>\n<p style=\"text-align: center;\"><a href=\"https:\/\/www.Bahamas.com\/\" target=\"_blank\" rel=\"noopener\">The Bahamas.com<\/a><\/p>\n<p>[\/vc_column_text][vc_single_image image=&#8221;157&#8243; img_size=&#8221;full&#8221; alignment=&#8221;center&#8221; css=&#8221;.vc_custom_1678956348287{margin-bottom: 65px !important;}&#8221;][\/vc_column_inner][\/vc_row_inner][\/vc_column][vc_column width=&#8221;1\/4&#8243;][vc_row_inner tm_responsive_css=&#8221;99898908|colbreak_no||||||0||0|colbreak_no||||||0||0|colbreak_no||||||||||colbreak_no|||||||||&#8221; css=&#8221;.vc_custom_1665387702940{padding-right: 17.5px !important;padding-left: 17.5px !important;}&#8221;][vc_column_inner][vc_column_text css=&#8221;.vc_custom_1673356761947{margin-bottom: 0px !important;padding-top: 15px !important;padding-right: 10px !important;padding-bottom: 15px !important;padding-left: 10px !important;background-color: #1a2159 !important;}&#8221; el_class=&#8221;explore-blue-box&#8221;]<\/p>\n<h4 style=\"text-align: center;\">Cape Verde<\/h4>\n<p style=\"text-align: center;\"><a href=\"https:\/\/www.visit-caboverde.com\/en\" target=\"_blank\" rel=\"noopener\">visit-caboverde.com\/en<\/a><\/p>\n<p>[\/vc_column_text][vc_single_image image=&#8221;158&#8243; img_size=&#8221;full&#8221; alignment=&#8221;center&#8221; css=&#8221;.vc_custom_1678956356085{margin-bottom: 65px !important;}&#8221;][\/vc_column_inner][\/vc_row_inner][\/vc_column][vc_column width=&#8221;1\/4&#8243;][vc_row_inner tm_responsive_css=&#8221;89995006|colbreak_no||||||0||0|colbreak_no||||||0||0|colbreak_no||||||||||colbreak_no|||||||||&#8221; css=&#8221;.vc_custom_1665387713996{padding-right: 17.5px !important;padding-left: 17.5px !important;}&#8221;][vc_column_inner][vc_column_text css=&#8221;.vc_custom_1673356773541{margin-bottom: 0px !important;padding-top: 15px !important;padding-right: 10px !important;padding-bottom: 15px !important;padding-left: 10px !important;background-color: #1a2159 !important;}&#8221; el_class=&#8221;explore-blue-box&#8221;]<\/p>\n<h4 style=\"text-align: center;\">Djibouti<\/h4>\n<p style=\"text-align: center;\"><a href=\"https:\/\/guide.visitdjibouti.dj\/\" target=\"_blank\" rel=\"noopener\">guide.visitdjibouti.dj<\/a><\/p>\n<p>[\/vc_column_text][vc_single_image image=&#8221;156&#8243; img_size=&#8221;full&#8221; alignment=&#8221;center&#8221; css=&#8221;.vc_custom_1678956366782{margin-bottom: 65px !important;}&#8221;][\/vc_column_inner][\/vc_row_inner][\/vc_column][\/vc_row][\/vc_section][vc_section css=&#8221;.vc_custom_1737960275200{background-color: #efefef !important;}&#8221; el_class=&#8221;custom-container-1299-width paddingTop65 boX2 loweR&#8221;][vc_row tm_bgimagefixed=&#8221;&#8221; break_in_responsive=&#8221;1200&#8243;][vc_column width=&#8221;1\/2&#8243;][vc_row_inner css=&#8221;.vc_custom_1665387595508{padding-right: 17.5px !important;padding-left: 17.5px !important;}&#8221; tm_responsive_css=&#8221;74614215|colbreak_no||||||0||0|colbreak_no|||||||||colbreak_no||||||||||colbreak_no|||||||||&#8221;][vc_column_inner][vc_single_image image=&#8221;160&#8243; img_size=&#8221;full&#8221; alignment=&#8221;center&#8221; css=&#8221;.vc_custom_1678956385226{margin-bottom: 0px !important;}&#8221;][vc_column_text el_class=&#8221;custom-white-text-box&#8221; css=&#8221;.vc_custom_1680197168751{background-color: #ffffff !important;}&#8221;]<\/p>\n<h4 class=\"tm-custom-heading \">Contactos para a Comunica\u00e7\u00e3o Social<\/h4>\n<p>Os membros da comunica\u00e7\u00e3o social que desejem entrar em contacto, poder\u00e1 faze-lo atrav\u00e9s do e-mail abaixo:<\/p>\n<div class=\"custom-theme-button\"><a title=\"\" href=\"mailto:marketingcv@iibanks.com\">marketingcv@iibanks.com<\/a><\/div>\n<p>[\/vc_column_text][\/vc_column_inner][\/vc_row_inner][\/vc_column][vc_column width=&#8221;1\/2&#8243;][vc_row_inner css=&#8221;.vc_custom_1665387604909{padding-right: 17.5px !important;padding-left: 17.5px !important;}&#8221; tm_responsive_css=&#8221;14513728|colbreak_no||||||0||0|colbreak_no|||||||||colbreak_no||||||||||colbreak_no|||||||||&#8221;][vc_column_inner][vc_single_image image=&#8221;1631&#8243; img_size=&#8221;full&#8221; alignment=&#8221;center&#8221; css=&#8221;.vc_custom_1683561831280{margin-bottom: 0px !important;}&#8221;][vc_column_text el_class=&#8221;custom-white-text-box&#8221; css=&#8221;.vc_custom_1690981304550{background-color: #ffffff !important;}&#8221;]<\/p>\n<h4>Carreiras no iib<\/h4>\n<p>Interessado em candidatar-se a um emprego no iib?<br \/>\nEntre em contacto com as nossas equipas de RH atrav\u00e9s do e-mail abaixo indicado:<\/p>\n<div class=\"custom-theme-button\"><a title=\"\" href=\"mailto:recrutamento@iibanks.com\">recrutamento@iibanks.com<\/a><\/div>\n<p>[\/vc_column_text][\/vc_column_inner][\/vc_row_inner][\/vc_column][\/vc_row][\/vc_section]<\/p>\n<\/div>","protected":false},"excerpt":{"rendered":"<p>[vc_section full_width=&#8221;stretch_row_content&#8221; el_class=&#8221;image-banner-with-text&#8221; css=&#8221;.vc_custom_1665387811532{padding-top: 0px !important;padding-bottom: 0px !important;}&#8221;][vc_row tm_bgimagefixed=&#8221;&#8221; full_width=&#8221;stretch_row_content_no_spaces&#8221;][vc_column][vc_row_inner][vc_column_inner css=&#8221;.vc_custom_1659424244579{padding-left: 0px !important;}&#8221;][vc_single_image image=&#8221;161&#8243; img_size=&#8221;full&#8221; alignment=&#8221;center&#8221; css=&#8221;.vc_custom_1678956276270{margin-bottom: 0px !important;}&#8221;][vc_column_text css=&#8221;.vc_custom_1680196919966{margin-bottom: 0px !important;padding-top: 15px !important;padding-bottom: 15px !important;background-color: rgba(10,10,10,0.35) !important;*background-color: rgb(10,10,10) !important;}&#8221; el_class=&#8221;white-text banner-heading banner-text-box&#8221;]Ajudar as pessoas a realizar as suas ambi\u00e7\u00f5es.[\/vc_column_text][\/vc_column_inner][\/vc_row_inner][\/vc_column][\/vc_row][\/vc_section][vc_section css=&#8221;.vc_custom_1737961305908{padding-top: 50px !important;padding-right: 15px !important;padding-bottom: 50px !important;padding-left: 15px !important;background-color: #1a2159 !important;}&#8221; el_class=&#8221;our-purpose-text-box greyroW blue_two_into_one ouroW&#8221;][vc_row [&hellip;]<\/p>\n","protected":false},"author":1,"featured_media":0,"parent":0,"menu_order":0,"comment_status":"closed","ping_status":"closed","template":"","meta":{"_acf_changed":false,"footnotes":""},"class_list":["post-619","page","type-page","status-publish","hentry"],"acf":[],"_links":{"self":[{"href":"https:\/\/dev.iibanks.com\/westafrica\/wp-json\/wp\/v2\/pages\/619","targetHints":{"allow":["GET"]}}],"collection":[{"href":"https:\/\/dev.iibanks.com\/westafrica\/wp-json\/wp\/v2\/pages"}],"about":[{"href":"https:\/\/dev.iibanks.com\/westafrica\/wp-json\/wp\/v2\/types\/page"}],"author":[{"embeddable":true,"href":"https:\/\/dev.iibanks.com\/westafrica\/wp-json\/wp\/v2\/users\/1"}],"replies":[{"embeddable":true,"href":"https:\/\/dev.iibanks.com\/westafrica\/wp-json\/wp\/v2\/comments?post=619"}],"version-history":[{"count":6,"href":"https:\/\/dev.iibanks.com\/westafrica\/wp-json\/wp\/v2\/pages\/619\/revisions"}],"predecessor-version":[{"id":11496,"href":"https:\/\/dev.iibanks.com\/westafrica\/wp-json\/wp\/v2\/pages\/619\/revisions\/11496"}],"wp:attachment":[{"href":"https:\/\/dev.iibanks.com\/westafrica\/wp-json\/wp\/v2\/media?parent=619"}],"curies":[{"name":"wp","href":"https:\/\/api.w.org\/{rel}","templated":true}]}}