
{"id":2267,"date":"2023-10-25T14:10:51","date_gmt":"2023-10-25T14:10:51","guid":{"rendered":"https:\/\/dev.iibanks.com\/westafrica\/?page_id=2267"},"modified":"2025-01-21T14:20:58","modified_gmt":"2025-01-21T14:20:58","slug":"na-imprensa","status":"publish","type":"page","link":"https:\/\/dev.iibanks.com\/westafrica\/pt\/comunicacao\/na-imprensa\/","title":{"rendered":"Na imprensa"},"content":{"rendered":"<div class=\"wpb-content-wrapper\"><p>[vc_row tm_bgimagefixed=&#8221;&#8221; tm_zindex=&#8221;&#8221; css=&#8221;.vc_custom_1737469242760{padding-top: 65px !important;}&#8221; el_class=&#8221;pressroW&#8221; tm_responsive_css=&#8221;&#8221;][vc_column]<div id=\"ultimate-heading-652669e05ba3609cb\" class=\"uvc-heading ult-adjust-bottom-margin ultimate-heading-652669e05ba3609cb uvc-4290 \" data-hspacer=\"no_spacer\"  data-halign=\"left\" style=\"text-align:left\"><div class=\"uvc-heading-spacer no_spacer\" style=\"top\"><\/div><div class=\"uvc-main-heading ult-responsive\"  data-ultimate-target='.uvc-heading.ultimate-heading-652669e05ba3609cb h2'  data-responsive-json-new='{\"font-size\":\"desktop:50px;\",\"line-height\":\"\"}' ><h2 style=\"font-weight:normal;margin-bottom:10px;\">Na imprensa<\/h2><\/div><div class=\"uvc-sub-heading ult-responsive\"  data-ultimate-target='.uvc-heading.ultimate-heading-652669e05ba3609cb .uvc-sub-heading '  data-responsive-json-new='{\"font-size\":\"desktop:28px;\",\"line-height\":\"\"}'  style=\"font-weight:normal;margin-bottom:50px;\">Leia os \u00faltimos comunicados de imprensa e a cobertura sobre o iibGroup e as suas filiais em publica\u00e7\u00f5es globais de todo o mundo.<\/div><\/div>[vc_column_text]<table class=\"table presstablE\">\n            <thead>\n                <tr>\n                    <th scope=\"col\">Date<\/th>\n                    <th scope=\"col\">Title<\/th>\n                <\/tr>\n            <\/thead>\n            <tbody><tr>\n                <td>24 Jun 2025<\/td>\n                <td>iib \u00c1frica Ocidental &#8211; Pr\u00eamio de Melhor Banco Comercial 2025\n                    <div class=\"custom-readmorE\">\n                        <a href=\"https:\/\/www.worldfinance.com\/awards\/world-finance-banking-awards-2025\" target=\"_blank\">Read More<\/a>\n                    <\/div>\n                <\/td>\n            <\/tr><tr>\n                <td>24 Jun 2025<\/td>\n                <td>iib West Africa &#8211; Best Commercial Bank Award 2025\n                    <div class=\"custom-readmorE\">\n                        <a href=\"https:\/\/www.worldfinance.com\/awards\/world-finance-banking-awards-2025\" target=\"_blank\">Read More<\/a>\n                    <\/div>\n                <\/td>\n            <\/tr><tr>\n                <td>17 Jun 2025<\/td>\n                <td>Sohail Sultan \u00e9 premiado como \u201cCEO do ano no setor banc\u00e1rio\u201d pela European\n                    <div class=\"custom-readmorE\">\n                        <a href=\"https:\/\/www.europeanceo.com\/awards-2025\/\" target=\"_blank\">Read More<\/a>\n                    <\/div>\n                <\/td>\n            <\/tr><tr>\n                <td>17 Jun 2025<\/td>\n                <td>Sohail Sultan Awarded \u201dCEO of the year in the banking industry&#8221; by European\n                    <div class=\"custom-readmorE\">\n                        <a href=\"https:\/\/www.europeanceo.com\/awards-2025\/\" target=\"_blank\">Read More<\/a>\n                    <\/div>\n                <\/td>\n            <\/tr><tr>\n                <td>23 May 2025<\/td>\n                <td>Reuters &#8211; iibGroup financia bolsas de estudo no Reino Unido para estudantes de Cabo Verde e Djibuti\n                    <div class=\"custom-readmorE\">\n                        <a href=\"https:\/\/www.reuters.com\/press-releases\/iibgroup-funds-uk-scholarships-for-students-from-cape-verde-and-djibouti-2025-05-23\/\" target=\"_blank\">Read More<\/a>\n                    <\/div>\n                <\/td>\n            <\/tr><tr>\n                <td>23 May 2025<\/td>\n                <td>Reuters &#8211; iibGroup Funds UK Scholarships for Students from Cape Verde and Djibouti\n                    <div class=\"custom-readmorE\">\n                        <a href=\"https:\/\/www.reuters.com\/press-releases\/iibgroup-funds-uk-scholarships-for-students-from-cape-verde-and-djibouti-2025-05-23\/\" target=\"_blank\">Read More<\/a>\n                    <\/div>\n                <\/td>\n            <\/tr><tr>\n                <td>13 May 2025<\/td>\n                <td>Opais.cv \u2013 iibGroup financia bolsas Chevening para estudantes de Cabo Verde e Djibuti\n                    <div class=\"custom-readmorE\">\n                        <a href=\"https:\/\/opais.cv\/iibgroup-financia-bolsas-chevening-para-estudantes-de-cabo-verde-e-djibuti\/16\/05\/2025\/#google_vignette\" target=\"_blank\">Read More<\/a>\n                    <\/div>\n                <\/td>\n            <\/tr><tr>\n                <td>13 May 2025<\/td>\n                <td>Opais.cv \u2013 iibGroup funds Chevening scholarships for students from Cape Verde and Djibouti\n                    <div class=\"custom-readmorE\">\n                        <a href=\"https:\/\/opais.cv\/iibgroup-financia-bolsas-chevening-para-estudantes-de-cabo-verde-e-djibuti\/16\/05\/2025\/#google_vignette\" target=\"_blank\">Read More<\/a>\n                    <\/div>\n                <\/td>\n            <\/tr><tr>\n                <td>13 May 2025<\/td>\n                <td>Expressodasilhas.cv \u2013 iibGroup financia bolsas de estudo no Reino Unido para estudantes de Cabo Verde e do Djibuti\n                    <div class=\"custom-readmorE\">\n                        <a href=\"https:\/\/expressodasilhas.cv\/empresas-negocios\/2025\/05\/16\/iibgroup-financia-bolsas-de-estudo-no-reino-unido-para-estudantes-de-cabo-verde-e-do-djibuti\/97071\" target=\"_blank\">Read More<\/a>\n                    <\/div>\n                <\/td>\n            <\/tr><tr>\n                <td>13 May 2025<\/td>\n                <td>Expressodasilhas.cv \u2013 iibGroup funds UK scholarships for students from Cape Verde and Djibouti\n                    <div class=\"custom-readmorE\">\n                        <a href=\"https:\/\/expressodasilhas.cv\/empresas-negocios\/2025\/05\/16\/iibgroup-financia-bolsas-de-estudo-no-reino-unido-para-estudantes-de-cabo-verde-e-do-djibuti\/97071\" target=\"_blank\">Read More<\/a>\n                    <\/div>\n                <\/td>\n            <\/tr><tr>\n                <td>13 May 2025<\/td>\n                <td>Dono do iib West Africa financia bolsas para estudantes de Cabo Verde e do Djibuti no Reino Unido\n                    <div class=\"custom-readmorE\">\n                        <a href=\"https:\/\/jornaleconomico.sapo.pt\/noticias\/dono-do-iib-west-africa-financia-bolsas-para-estudantes-de-cabo-verde-e-do-djibuti-no-reino-unido\/\" target=\"_blank\">Read More<\/a>\n                    <\/div>\n                <\/td>\n            <\/tr><tr>\n                <td>13 May 2025<\/td>\n                <td>Owner of iib West Africa funds scholarships for students from Cape Verde and Djibouti in the UK\n                    <div class=\"custom-readmorE\">\n                        <a href=\"https:\/\/jornaleconomico.sapo.pt\/noticias\/dono-do-iib-west-africa-financia-bolsas-para-estudantes-de-cabo-verde-e-do-djibuti-no-reino-unido\/\" target=\"_blank\">Read More<\/a>\n                    <\/div>\n                <\/td>\n            <\/tr><tr>\n                <td>23 Apr 2025<\/td>\n                <td>O Expresso das Ilhas entrevista Joseph Carasso, CEO da iib West Africa\n                    <div class=\"custom-readmorE\">\n                        <a href=\"https:\/\/expressodasilhas.cv\/economia\/2025\/04\/27\/joseph-carasso-ceo-iibcv-nenhum-banco-sobrevivera-se-nao-tiver-como-pilar-fundamental-a-preocupacao-com-as-geracoes-futuras\/96748\" target=\"_blank\">Read More<\/a>\n                    <\/div>\n                <\/td>\n            <\/tr><\/tbody>\n            <\/table><div class=\"pagination minepaginatioN\"><span aria-current=\"page\" class=\"page-numbers current\">1<\/span>\n<a class=\"page-numbers\" href=\"https:\/\/dev.iibanks.com\/westafrica\/wp-json\/wp\/v2\/pages\/2267\/page\/2\/\">2<\/a>\n<a class=\"page-numbers\" href=\"https:\/\/dev.iibanks.com\/westafrica\/wp-json\/wp\/v2\/pages\/2267\/page\/3\/\">3<\/a>\n<span class=\"page-numbers dots\">&hellip;<\/span>\n<a class=\"page-numbers\" href=\"https:\/\/dev.iibanks.com\/westafrica\/wp-json\/wp\/v2\/pages\/2267\/page\/10\/\">10<\/a>\n<a class=\"next page-numbers\" href=\"https:\/\/dev.iibanks.com\/westafrica\/wp-json\/wp\/v2\/pages\/2267\/page\/2\/\">Next &raquo;<\/a><\/div>[\/vc_column_text][\/vc_column][\/vc_row][vc_section el_class=&#8221;grey-content-box post-content-box button-style-box&#8221; css=&#8221;.vc_custom_1665142010687{padding-top: 65px !important;}&#8221;][vc_row tm_bgimagefixed=&#8221;&#8221; el_class=&#8221;financial-focus-left-right-box&#8221;][vc_column][vc_row_inner][vc_column_inner el_class=&#8221;left-image-right-content line-clamp-3 left-image-right-content-1010&#8243;][vc_single_image image=&#8221;2265&#8243; img_size=&#8221;full&#8221; alignment=&#8221;center&#8221; css=&#8221;.vc_custom_1698242918519{margin-bottom: 0px !important;}&#8221;][vc_column_text el_class=&#8221;one-column-white-text-box flex-center-box&#8221; css=&#8221;.vc_custom_1698246406266{background-color: #efefef !important;}&#8221;]<\/p>\n<h4 class=\"tm-custom-heading \">Contatos de m\u00eddia<\/h4>\n<p>Os meios de comunica\u00e7\u00e3o social que desejem entrar em contacto connosco podem faz\u00ea-lo atrav\u00e9s do e-mail abaixo indicado:<\/p>\n<div class=\"custom-theme-button loweR\"><a title=\"\" href=\"mailto:media@iibanks.com\">media@iibanks.com<\/a><\/div>\n<p>[\/vc_column_text][\/vc_column_inner][\/vc_row_inner][\/vc_column][\/vc_row][\/vc_section]<\/p>\n<\/div>","protected":false},"excerpt":{"rendered":"<p>[vc_row tm_bgimagefixed=&#8221;&#8221; tm_zindex=&#8221;&#8221; css=&#8221;.vc_custom_1737469242760{padding-top: 65px !important;}&#8221; el_class=&#8221;pressroW&#8221; tm_responsive_css=&#8221;&#8221;][vc_column][vc_column_text][\/vc_column_text][\/vc_column][\/vc_row][vc_section el_class=&#8221;grey-content-box post-content-box button-style-box&#8221; css=&#8221;.vc_custom_1665142010687{padding-top: 65px !important;}&#8221;][vc_row tm_bgimagefixed=&#8221;&#8221; el_class=&#8221;financial-focus-left-right-box&#8221;][vc_column][vc_row_inner][vc_column_inner el_class=&#8221;left-image-right-content line-clamp-3 left-image-right-content-1010&#8243;][vc_single_image image=&#8221;2265&#8243; img_size=&#8221;full&#8221; alignment=&#8221;center&#8221; css=&#8221;.vc_custom_1698242918519{margin-bottom: 0px !important;}&#8221;][vc_column_text el_class=&#8221;one-column-white-text-box flex-center-box&#8221; css=&#8221;.vc_custom_1698246406266{background-color: #efefef !important;}&#8221;] Contatos de m\u00eddia Os meios de comunica\u00e7\u00e3o social que desejem entrar em contacto connosco podem faz\u00ea-lo atrav\u00e9s do e-mail abaixo indicado: media@iibanks.com [\/vc_column_text][\/vc_column_inner][\/vc_row_inner][\/vc_column][\/vc_row][\/vc_section]<\/p>\n","protected":false},"author":1,"featured_media":0,"parent":668,"menu_order":0,"comment_status":"closed","ping_status":"closed","template":"","meta":{"_acf_changed":false,"footnotes":""},"class_list":["post-2267","page","type-page","status-publish","hentry"],"acf":[],"_links":{"self":[{"href":"https:\/\/dev.iibanks.com\/westafrica\/wp-json\/wp\/v2\/pages\/2267","targetHints":{"allow":["GET"]}}],"collection":[{"href":"https:\/\/dev.iibanks.com\/westafrica\/wp-json\/wp\/v2\/pages"}],"about":[{"href":"https:\/\/dev.iibanks.com\/westafrica\/wp-json\/wp\/v2\/types\/page"}],"author":[{"embeddable":true,"href":"https:\/\/dev.iibanks.com\/westafrica\/wp-json\/wp\/v2\/users\/1"}],"replies":[{"embeddable":true,"href":"https:\/\/dev.iibanks.com\/westafrica\/wp-json\/wp\/v2\/comments?post=2267"}],"version-history":[{"count":14,"href":"https:\/\/dev.iibanks.com\/westafrica\/wp-json\/wp\/v2\/pages\/2267\/revisions"}],"predecessor-version":[{"id":2275,"href":"https:\/\/dev.iibanks.com\/westafrica\/wp-json\/wp\/v2\/pages\/2267\/revisions\/2275"}],"up":[{"embeddable":true,"href":"https:\/\/dev.iibanks.com\/westafrica\/wp-json\/wp\/v2\/pages\/668"}],"wp:attachment":[{"href":"https:\/\/dev.iibanks.com\/westafrica\/wp-json\/wp\/v2\/media?parent=2267"}],"curies":[{"name":"wp","href":"https:\/\/api.w.org\/{rel}","templated":true}]}}