
{"id":11643,"date":"2024-12-12T13:54:26","date_gmt":"2024-12-12T13:54:26","guid":{"rendered":"https:\/\/dev.iibanks.com\/westafrica\/?page_id=11643"},"modified":"2025-01-22T14:45:48","modified_gmt":"2025-01-22T14:45:48","slug":"poupanca-emigrante","status":"publish","type":"page","link":"https:\/\/dev.iibanks.com\/westafrica\/pt\/particular\/contas\/poupanca-emigrante\/","title":{"rendered":"Poupan\u00e7a Emigrante"},"content":{"rendered":"<div class=\"wpb-content-wrapper\"><p>[vc_section full_width=&#8221;stretch_row_content&#8221; el_class=&#8221;image-banner-with-text bottom-203-banner-text&#8221; css=&#8221;.vc_custom_1665060976256{padding-top: 0px !important;padding-bottom: 0px !important;}&#8221;][vc_row tm_bgimagefixed=&#8221;&#8221; full_width=&#8221;stretch_row_content_no_spaces&#8221;][vc_column][vc_row_inner][vc_column_inner css=&#8221;.vc_custom_1659424244579{padding-left: 0px !important;}&#8221;][vc_single_image image=&#8221;11793&#8243; img_size=&#8221;full&#8221; alignment=&#8221;center&#8221; css=&#8221;.vc_custom_1736418274927{margin-bottom: 0px !important;}&#8221;][vc_column_text el_class=&#8221;white-text banner-heading banner-text-box banner-caption-btn-135px&#8221; css=&#8221;.vc_custom_1734161899848{margin-bottom: 0px !important;padding-top: 15px !important;padding-bottom: 15px !important;background-color: rgba(10,10,10,0.35) !important;*background-color: rgb(10,10,10) !important;}&#8221;]<\/p>\n<p style=\"text-align: right;\">Poupan\u00e7a Emigrante<\/p>\n<p class=\"iib-sub-caption\" style=\"text-align: right;\">Fique perto de casa<\/p>\n<p>[\/vc_column_text][\/vc_column_inner][\/vc_row_inner][\/vc_column][\/vc_row][\/vc_section][vc_section css=&#8221;.vc_custom_1734017532846{padding-top: 65px !important;padding-bottom: 0px !important;}&#8221; el_class=&#8221;our-purpose-text-box cardli emigrantfrstroW&#8221;][vc_row tm_bgimagefixed=&#8221;&#8221; css=&#8221;.vc_custom_1667365774121{margin-bottom: 0px !important;}&#8221;][vc_column css=&#8221;.vc_custom_1667365779824{margin-bottom: 0px !important;}&#8221;][vc_column_text el_class=&#8221;font-34px&#8221; css=&#8221;.vc_custom_1734161916599{margin-bottom: 0px !important;}&#8221;]Com a Poupan\u00e7a Emigrante iib, estar ligado \u00e0 sua casa nunca foi t\u00e3o f\u00e1cil. Mesmo trabalhando no estrangeiro, pode poupar em Cabo Verde e beneficiar de uma taxa de juro de at\u00e9 3% a.a. Fa\u00e7a crescer as suas poupan\u00e7as enquanto permanece pr\u00f3ximo do que realmente importa.[\/vc_column_text][\/vc_column][\/vc_row][\/vc_section][vc_section css=&#8221;.vc_custom_1737556236663{padding-top: 65px !important;padding-bottom: 0px !important;}&#8221; el_class=&#8221;our-purpose-text-box applyroW absltE whoapplY bgnonE&#8221;][vc_row tm_bgimagefixed=&#8221;&#8221; break_in_responsive=&#8221;991&#8243; tm_zindex=&#8221;&#8221; equal_height=&#8221;yes&#8221; el_class=&#8221;font-size-24&#8243;][vc_column tm_col_bg_expand=&#8221;left&#8221; width=&#8221;1\/2&#8243; css=&#8221;.vc_custom_1667370558252{padding-right: 17.5px !important;background-color: #eeeeee !important;}&#8221; el_id=&#8221;requirement-box-bg-right&#8221;][vc_row_inner break_in_responsive=&#8221;1200&#8243; css=&#8221;.vc_custom_1667366560047{padding-right: 17.5px !important;}&#8221; tm_responsive_css=&#8221;33209346|colbreak_no||||||0|||colbreak_no|||||||||colbreak_no||||||||||colbreak_no|||||||||&#8221;][vc_column_inner el_class=&#8221;Who-Can-Apply-iib&#8221;]<div id=\"ultimate-heading-630769e0719cb7b11\" class=\"uvc-heading ult-adjust-bottom-margin ultimate-heading-630769e0719cb7b11 uvc-6759 applysubhdnG\" data-hspacer=\"no_spacer\"  data-halign=\"left\" style=\"text-align:left\"><div class=\"uvc-heading-spacer no_spacer\" style=\"top\"><\/div><div class=\"uvc-main-heading ult-responsive\"  data-ultimate-target='.uvc-heading.ultimate-heading-630769e0719cb7b11 h2'  data-responsive-json-new='{\"font-size\":\"desktop:34px;\",\"line-height\":\"desktop:44px;\"}' ><h2 style=\"font-weight:normal;margin-bottom:15px;\">Quem pode aderir?<\/h2><\/div><\/div>[vc_column_text el_class=&#8221;who-can-apply-border requirements-iib&#8221;]A partir dos 18 anos de idade<\/p>\n<p>Cabo-verdianos n\u00e3o Residentes<\/p>\n<p>Valor m\u00ednimo de 100.000 CVE[\/vc_column_text][\/vc_column_inner][\/vc_row_inner][\/vc_column][vc_column tm_col_bg_expand=&#8221;right&#8221; width=&#8221;1\/2&#8243; el_id=&#8221;requirement-box-bg-left&#8221; css=&#8221;.vc_custom_1667370600202{background-color: #eeeeee !important;}&#8221;][vc_row_inner break_in_responsive=&#8221;1200&#8243; tm_zindex=&#8221;&#8221; css=&#8221;.vc_custom_1679994768742{padding-left: 17.5px !important;}&#8221;][vc_column_inner el_class=&#8221;Who-Can-Apply-iib&#8221; css=&#8221;.vc_custom_1667371214992{padding-left: 65px !important;}&#8221;]<div id=\"ultimate-heading-942369e0719cb7b40\" class=\"uvc-heading ult-adjust-bottom-margin ultimate-heading-942369e0719cb7b40 uvc-3871 applysubhdnG\" data-hspacer=\"no_spacer\"  data-halign=\"center\" style=\"text-align:center\"><div class=\"uvc-heading-spacer no_spacer\" style=\"top\"><\/div><div class=\"uvc-main-heading ult-responsive\"  data-ultimate-target='.uvc-heading.ultimate-heading-942369e0719cb7b40 h2'  data-responsive-json-new='{\"font-size\":\"desktop:34px;\",\"line-height\":\"desktop:44px;\"}' ><h2 style=\"font-weight:normal;\">Solicite o cart\u00e3o de d\u00e9bito iib<\/h2><\/div><div class=\"uvc-sub-heading ult-responsive\"  data-ultimate-target='.uvc-heading.ultimate-heading-942369e0719cb7b40 .uvc-sub-heading '  data-responsive-json-new='{\"font-size\":\"desktop:24px;\",\"line-height\":\"\"}'  style=\"font-weight:normal;margin-top:15px;margin-bottom:30px;\">\u00c9 r\u00e1pido e f\u00e1cil de solicitar<\/div><\/div>[vc_column_text el_class=&#8221;download-default-button&#8221; css=&#8221;.vc_custom_1734161993016{margin-bottom: 0px !important;}&#8221;]<\/p>\n<ul>\n<li>Formul\u00e1rio<br \/>\n<a href=\"\/westafrica\/wp-content\/uploads\/sites\/4\/2024\/12\/Emigrant-Savings-CV.pdf\" download=\"\">Download pdf<\/a><\/li>\n<\/ul>\n<p>[\/vc_column_text][\/vc_column_inner][\/vc_row_inner][\/vc_column][\/vc_row][\/vc_section][vc_section css=&#8221;.vc_custom_1734012901905{margin-top: 65px !important;padding-top: 50px !important;padding-right: 15px !important;padding-bottom: 50px !important;padding-left: 15px !important;background-color: #1a2159 !important;}&#8221; el_class=&#8221;our-purpose-text-box letter-spacing-1 earnroW&#8221;][vc_row tm_bgimagefixed=&#8221;&#8221; tm_zindex=&#8221;&#8221;][vc_column][vc_row_inner][vc_column_inner][vc_column_text el_class=&#8221;white-text font-size-36&#8243; css=&#8221;.vc_custom_1734162006775{margin-bottom: 0px !important;}&#8221;]<\/p>\n<h4 style=\"text-align: center;\">Ganhe at\u00e9 3% ao ano com um dep\u00f3sito m\u00ednimo de 100.000 CVE, por um per\u00edodo de 1 a 3 anos<\/h4>\n<p>[\/vc_column_text][\/vc_column_inner][\/vc_row_inner][\/vc_column][\/vc_row][\/vc_section][vc_section css=&#8221;.vc_custom_1734013379855{padding-top: 65px !important;padding-bottom: 0px !important;}&#8221; el_class=&#8221;font-size-36 custom-section-policy-box blugreY usdroW&#8221;][vc_row tm_bgimagefixed=&#8221;&#8221; break_in_responsive=&#8221;1200&#8243; tm_zindex=&#8221;&#8221; el_class=&#8221;fontFamily_table&#8221;][vc_column width=&#8221;1\/4&#8243; css=&#8221;.vc_custom_1667372152445{padding-right: 5px !important;padding-left: 0px !important;}&#8221;][vc_row_inner tm_zindex=&#8221;&#8221; css=&#8221;.vc_custom_1734007569913{margin-right: 0px !important;margin-bottom: 10px !important;margin-left: 0px !important;background-color: #1a2159 !important;}&#8221;][vc_column_inner tm_zindex=&#8221;&#8221; css=&#8221;.vc_custom_1734010041696{padding-top: 14px !important;padding-bottom: 14px !important;}&#8221;]<div id=\"ultimate-heading-951069e0719cb7b5c\" class=\"uvc-heading ult-adjust-bottom-margin ultimate-heading-951069e0719cb7b5c uvc-920 \" data-hspacer=\"no_spacer\"  data-halign=\"right\" style=\"text-align:right\"><div class=\"uvc-heading-spacer no_spacer\" style=\"top\"><\/div><div class=\"uvc-main-heading ult-responsive\"  data-ultimate-target='.uvc-heading.ultimate-heading-951069e0719cb7b5c h2'  data-responsive-json-new='{\"font-size\":\"desktop:24px;\",\"line-height\":\"\"}' ><h2 style=\"font-weight:normal;color:#ffffff;\">Benef\u00edcios<\/h2><\/div><\/div>[\/vc_column_inner][\/vc_row_inner][\/vc_column][vc_column width=&#8221;3\/4&#8243; css=&#8221;.vc_custom_1667372159612{padding-right: 0px !important;padding-left: 5px !important;}&#8221;][vc_row_inner tm_zindex=&#8221;&#8221; css=&#8221;.vc_custom_1734007592651{margin-right: 0px !important;margin-bottom: 10px !important;margin-left: 0px !important;background-color: #e5e5e5 !important;}&#8221;][vc_column_inner tm_zindex=&#8221;&#8221; css=&#8221;.vc_custom_1734010053301{padding-top: 14px !important;padding-bottom: 14px !important;}&#8221;]<div id=\"ultimate-heading-291269e0719cb7b73\" class=\"uvc-heading ult-adjust-bottom-margin ultimate-heading-291269e0719cb7b73 uvc-6479 \" data-hspacer=\"no_spacer\"  data-halign=\"left\" style=\"text-align:left\"><div class=\"uvc-heading-spacer no_spacer\" style=\"top\"><\/div><div class=\"uvc-main-heading ult-responsive\"  data-ultimate-target='.uvc-heading.ultimate-heading-291269e0719cb7b73 h2'  data-responsive-json-new='{\"font-size\":\"desktop:24px;\",\"line-height\":\"\"}' ><h2 style=\"font-weight:normal;\">Montante m\u00e1ximo: 500.000.000 CVE<\/h2><\/div><\/div>[\/vc_column_inner][\/vc_row_inner][\/vc_column][\/vc_row][vc_row tm_bgimagefixed=&#8221;&#8221; break_in_responsive=&#8221;1200&#8243; tm_zindex=&#8221;&#8221; el_class=&#8221;fontFamily_table&#8221;][vc_column width=&#8221;1\/4&#8243; css=&#8221;.vc_custom_1667372152445{padding-right: 5px !important;padding-left: 0px !important;}&#8221;][\/vc_column][vc_column width=&#8221;3\/4&#8243; css=&#8221;.vc_custom_1667372159612{padding-right: 0px !important;padding-left: 5px !important;}&#8221;][vc_row_inner tm_zindex=&#8221;&#8221; css=&#8221;.vc_custom_1734007611586{margin-right: 0px !important;margin-bottom: 10px !important;margin-left: 0px !important;background-color: #e5e5e5 !important;}&#8221;][vc_column_inner tm_zindex=&#8221;&#8221; css=&#8221;.vc_custom_1734010081270{padding-top: 14px !important;padding-bottom: 14px !important;}&#8221;]<div id=\"ultimate-heading-972969e0719cb7b87\" class=\"uvc-heading ult-adjust-bottom-margin ultimate-heading-972969e0719cb7b87 uvc-7888 \" data-hspacer=\"no_spacer\"  data-halign=\"left\" style=\"text-align:left\"><div class=\"uvc-heading-spacer no_spacer\" style=\"top\"><\/div><div class=\"uvc-main-heading ult-responsive\"  data-ultimate-target='.uvc-heading.ultimate-heading-972969e0719cb7b87 h2'  data-responsive-json-new='{\"font-size\":\"desktop:24px;\",\"line-height\":\"\"}' ><h2 style=\"font-weight:normal;\">Condi\u00e7\u00f5es Flex\u00edveis: Escolha entre 1 a 3 anos<\/h2><\/div><\/div>[\/vc_column_inner][\/vc_row_inner][\/vc_column][\/vc_row][vc_row tm_bgimagefixed=&#8221;&#8221; break_in_responsive=&#8221;1200&#8243; tm_zindex=&#8221;&#8221; el_class=&#8221;fontFamily_table&#8221;][vc_column width=&#8221;1\/4&#8243; css=&#8221;.vc_custom_1667372152445{padding-right: 5px !important;padding-left: 0px !important;}&#8221;][\/vc_column][vc_column width=&#8221;3\/4&#8243; css=&#8221;.vc_custom_1667372159612{padding-right: 0px !important;padding-left: 5px !important;}&#8221;][vc_row_inner tm_zindex=&#8221;&#8221; css=&#8221;.vc_custom_1734007611586{margin-right: 0px !important;margin-bottom: 10px !important;margin-left: 0px !important;background-color: #e5e5e5 !important;}&#8221;][vc_column_inner tm_zindex=&#8221;&#8221; css=&#8221;.vc_custom_1734010089418{padding-top: 14px !important;padding-bottom: 14px !important;}&#8221;]<div id=\"ultimate-heading-242669e0719cb7b9a\" class=\"uvc-heading ult-adjust-bottom-margin ultimate-heading-242669e0719cb7b9a uvc-666 \" data-hspacer=\"no_spacer\"  data-halign=\"left\" style=\"text-align:left\"><div class=\"uvc-heading-spacer no_spacer\" style=\"top\"><\/div><div class=\"uvc-main-heading ult-responsive\"  data-ultimate-target='.uvc-heading.ultimate-heading-242669e0719cb7b9a h2'  data-responsive-json-new='{\"font-size\":\"desktop:24px;\",\"line-height\":\"\"}' ><h2 style=\"font-weight:normal;\">Renova\u00e7\u00e3o Autom\u00e1tica<\/h2><\/div><\/div>[\/vc_column_inner][\/vc_row_inner][\/vc_column][\/vc_row][vc_row tm_bgimagefixed=&#8221;&#8221; break_in_responsive=&#8221;1200&#8243; tm_zindex=&#8221;&#8221; el_class=&#8221;fontFamily_table&#8221;][vc_column width=&#8221;1\/4&#8243; css=&#8221;.vc_custom_1667372152445{padding-right: 5px !important;padding-left: 0px !important;}&#8221;][\/vc_column][vc_column width=&#8221;3\/4&#8243; css=&#8221;.vc_custom_1667372159612{padding-right: 0px !important;padding-left: 5px !important;}&#8221;][vc_row_inner tm_zindex=&#8221;&#8221; css=&#8221;.vc_custom_1734007611586{margin-right: 0px !important;margin-bottom: 10px !important;margin-left: 0px !important;background-color: #e5e5e5 !important;}&#8221;][vc_column_inner tm_zindex=&#8221;&#8221; css=&#8221;.vc_custom_1734010102518{padding-top: 14px !important;padding-bottom: 14px !important;}&#8221;]<div id=\"ultimate-heading-545169e0719cb7bad\" class=\"uvc-heading ult-adjust-bottom-margin ultimate-heading-545169e0719cb7bad uvc-8072 \" data-hspacer=\"no_spacer\"  data-halign=\"left\" style=\"text-align:left\"><div class=\"uvc-heading-spacer no_spacer\" style=\"top\"><\/div><div class=\"uvc-main-heading ult-responsive\"  data-ultimate-target='.uvc-heading.ultimate-heading-545169e0719cb7bad h2'  data-responsive-json-new='{\"font-size\":\"desktop:24px;\",\"line-height\":\"\"}' ><h2 style=\"font-weight:normal;\">Pagamento de Juros: Na maturidade do dep\u00f3sito<\/h2><\/div><\/div>[\/vc_column_inner][\/vc_row_inner][\/vc_column][\/vc_row][vc_row tm_bgimagefixed=&#8221;&#8221; break_in_responsive=&#8221;1200&#8243; tm_zindex=&#8221;&#8221; el_class=&#8221;fontFamily_table&#8221;][vc_column width=&#8221;1\/4&#8243; css=&#8221;.vc_custom_1667372152445{padding-right: 5px !important;padding-left: 0px !important;}&#8221;][\/vc_column][vc_column width=&#8221;3\/4&#8243; css=&#8221;.vc_custom_1667372159612{padding-right: 0px !important;padding-left: 5px !important;}&#8221;][vc_row_inner tm_zindex=&#8221;&#8221; css=&#8221;.vc_custom_1734007611586{margin-right: 0px !important;margin-bottom: 10px !important;margin-left: 0px !important;background-color: #e5e5e5 !important;}&#8221;][vc_column_inner tm_zindex=&#8221;&#8221; css=&#8221;.vc_custom_1734010120878{padding-top: 14px !important;padding-bottom: 14px !important;}&#8221;]<div id=\"ultimate-heading-974969e0719cb7bc0\" class=\"uvc-heading ult-adjust-bottom-margin ultimate-heading-974969e0719cb7bc0 uvc-5262 \" data-hspacer=\"no_spacer\"  data-halign=\"left\" style=\"text-align:left\"><div class=\"uvc-heading-spacer no_spacer\" style=\"top\"><\/div><div class=\"uvc-main-heading ult-responsive\"  data-ultimate-target='.uvc-heading.ultimate-heading-974969e0719cb7bc0 h2'  data-responsive-json-new='{\"font-size\":\"desktop:24px;\",\"line-height\":\"\"}' ><h2 style=\"font-weight:normal;\">Refor\u00e7os Adicionais: Aceita refor\u00e7os em m\u00faltiplos de 10.000 CVE<\/h2><\/div><\/div>[\/vc_column_inner][\/vc_row_inner][\/vc_column][\/vc_row][vc_row tm_bgimagefixed=&#8221;&#8221; break_in_responsive=&#8221;1200&#8243; tm_zindex=&#8221;&#8221; el_class=&#8221;fontFamily_table&#8221;][vc_column width=&#8221;1\/4&#8243; css=&#8221;.vc_custom_1667372152445{padding-right: 5px !important;padding-left: 0px !important;}&#8221;][\/vc_column][vc_column width=&#8221;3\/4&#8243; css=&#8221;.vc_custom_1667372159612{padding-right: 0px !important;padding-left: 5px !important;}&#8221;][vc_row_inner tm_zindex=&#8221;&#8221; css=&#8221;.vc_custom_1734007611586{margin-right: 0px !important;margin-bottom: 10px !important;margin-left: 0px !important;background-color: #e5e5e5 !important;}&#8221;][vc_column_inner tm_zindex=&#8221;&#8221; css=&#8221;.vc_custom_1734010130744{padding-top: 14px !important;padding-bottom: 14px !important;}&#8221;]<div id=\"ultimate-heading-89569e0719cb7bd3\" class=\"uvc-heading ult-adjust-bottom-margin ultimate-heading-89569e0719cb7bd3 uvc-1852 \" data-hspacer=\"no_spacer\"  data-halign=\"left\" style=\"text-align:left\"><div class=\"uvc-heading-spacer no_spacer\" style=\"top\"><\/div><div class=\"uvc-main-heading ult-responsive\"  data-ultimate-target='.uvc-heading.ultimate-heading-89569e0719cb7bd3 h2'  data-responsive-json-new='{\"font-size\":\"desktop:24px;\",\"line-height\":\"\"}' ><h2 style=\"font-weight:normal;\">Op\u00e7\u00e3o de Garantia: O valor do dep\u00f3sito pode ser utilizado como garantia de cr\u00e9ditos<\/h2><\/div><\/div>[\/vc_column_inner][\/vc_row_inner][\/vc_column][\/vc_row][\/vc_section][vc_section el_class=&#8221;values-purpose-bank-sec onlineroW vertcenteR&#8221; css=&#8221;.vc_custom_1737557139479{padding-top: 65px !important;}&#8221;][vc_row tm_bgimagefixed=&#8221;&#8221; break_in_responsive=&#8221;1200&#8243; equal_height=&#8221;yes&#8221; rtl_reverse=&#8221;yes&#8221; el_class=&#8221;max-width-980&#8243;][vc_column][vc_row_inner css=&#8221;.vc_custom_1660198241980{padding-right: 0px !important;padding-left: 0px !important;}&#8221; el_class=&#8221;font-size-36&#8243;][vc_column_inner el_class=&#8221;left-image-right-content&#8221; css=&#8221;.vc_custom_1659521442123{padding-right: 0px !important;padding-left: 0px !important;}&#8221;][vc_single_image image=&#8221;11633&#8243; img_size=&#8221;full&#8221; alignment=&#8221;center&#8221; css=&#8221;.vc_custom_1734010599859{margin-bottom: 0px !important;}&#8221;][vc_column_text el_class=&#8221;custom-white-text-box&#8221; css=&#8221;.vc_custom_1734162131303{background-color: #efefef !important;}&#8221;]<\/p>\n<h4 class=\"tm-custom-heading\">Conta Online<\/h4>\n<ul class=\"onlinebnknguL\">\n<li>Dispon\u00edvel a qualquer hora, em qualquer lugar<\/li>\n<li>Fa\u00e7a as suas transfer\u00eancias<\/li>\n<li>Consulte o seu saldo e gerencie a sua conta<\/li>\n<\/ul>\n<p>[\/vc_column_text][\/vc_column_inner][\/vc_row_inner][\/vc_column][\/vc_row][\/vc_section][vc_section el_class=&#8221;button-style-box custom-news-box custom-container-1299-width boX2&#8243;][vc_row tm_bgimagefixed=&#8221;&#8221; break_in_responsive=&#8221;1200&#8243;][vc_column width=&#8221;1\/2&#8243;][vc_row_inner css=&#8221;.vc_custom_1665399177732{padding-right: 17.5px !important;padding-left: 17.5px !important;}&#8221; tm_responsive_css=&#8221;51053834|colbreak_no||||||0||0|colbreak_no|||||||||colbreak_no||||||||||colbreak_no|||||||||&#8221;][vc_column_inner][vc_single_image image=&#8221;11632&#8243; img_size=&#8221;full&#8221; alignment=&#8221;center&#8221; css=&#8221;.vc_custom_1734010414509{margin-bottom: 0px !important;}&#8221;][vc_column_text el_class=&#8221;custom-white-text-box&#8221; css=&#8221;.vc_custom_1734162163015{background-color: #efefef !important;}&#8221;]<\/p>\n<h4 class=\"tm-custom-heading\">Conta \u00e0 ordem iib<\/h4>\n<p>Fa\u00e7a de forma f\u00e1cil a gest\u00e3o das suas finan\u00e7as di\u00e1rias onde quer que esteja. A conta de dep\u00f3sito \u00e0 ordem iib simplifica a verifica\u00e7\u00e3o do seu saldo, o pagamento das suas contas e o envio de dinheiro a amigos e familiares.<\/p>\n<div class=\"custom-theme-button mt-45\"><a title=\"\" href=\"\/westafrica\/en\/personal\/accounts\/current\/\">Ler +<\/a><\/div>\n<p>[\/vc_column_text][\/vc_column_inner][\/vc_row_inner][\/vc_column][vc_column width=&#8221;1\/2&#8243;][vc_row_inner css=&#8221;.vc_custom_1665399193555{padding-right: 17.5px !important;padding-left: 17.5px !important;}&#8221; tm_responsive_css=&#8221;58412134|colbreak_no||||||0||0|colbreak_no|||||||||colbreak_no||||||||||colbreak_no|||||||||&#8221;][vc_column_inner][vc_single_image image=&#8221;11631&#8243; img_size=&#8221;full&#8221; alignment=&#8221;center&#8221; css=&#8221;.vc_custom_1734010275758{margin-bottom: 0px !important;}&#8221;][vc_column_text el_class=&#8221;custom-white-text-box&#8221; css=&#8221;.vc_custom_1734162187638{background-color: #efefef !important;}&#8221;]<\/p>\n<h4>Cart\u00e3o de cr\u00e9dito iib<\/h4>\n<p>O cart\u00e3o de cr\u00e9dito iib \u00e9 aceite em qualquer estabelecimento comercial VISA a n\u00edvel mundial. Fa\u00e7a gest\u00e3o do seu fluxo de caixa e fa\u00e7a compras que pode saldar mais tarde.<\/p>\n<div class=\"custom-theme-button mt-45\"><a title=\"\" href=\"\/westafrica\/en\/personal\/cards\/credit\/\">Ler +<\/a><\/div>\n<p>[\/vc_column_text][\/vc_column_inner][\/vc_row_inner][\/vc_column][\/vc_row][\/vc_section][vc_section el_class=&#8221;plscntcT&#8221;][vc_row tm_bgimagefixed=&#8221;&#8221; el_id=&#8221;pic-with-text-box-right&#8221;][vc_column css=&#8221;.vc_custom_1667376019123{padding-right: 0px !important;padding-left: 0px !important;}&#8221;][vc_row_inner break_in_responsive=&#8221;1200&#8243; equal_height=&#8221;yes&#8221; content_placement=&#8221;middle&#8221; css=&#8221;.vc_custom_1672228421773{margin-bottom: 0px !important;padding-right: 0px !important;padding-left: 0px !important;background-color: #e6e6e6 !important;}&#8221;][vc_column_inner tm_zindex=&#8221;&#8221; width=&#8221;2\/3&#8243; css=&#8221;.vc_custom_1679995010766{margin-bottom: 0px !important;padding-top: 0px !important;padding-right: 0px !important;padding-left: 0px !important;}&#8221;][vc_single_image image=&#8221;289&#8243; img_size=&#8221;full&#8221; css=&#8221;.vc_custom_1678960486759{margin-bottom: 0px !important;}&#8221;][\/vc_column_inner][vc_column_inner width=&#8221;1\/3&#8243; css=&#8221;.vc_custom_1672228527381{padding-left: 20px !important;}&#8221; tm_responsive_css=&#8221;54307665|colbreak_no|||||65||65||colbreak_no|||||||||colbreak_no||||||||||colbreak_no|||||||||&#8221;][vc_empty_space height=&#8221;115px&#8221;][vc_custom_heading text=&#8221;Ligue-nos para qualquer d\u00favida&#8221; font_container=&#8221;tag:h2|font_size:36px|text_align:left|color:%23575757&#8243; use_theme_fonts=&#8221;yes&#8221; css=&#8221;.vc_custom_1679998219044{margin-bottom: 50px !important;}&#8221; el_class=&#8221;fontFamily&#8221;][vc_custom_heading text=&#8221;+238 260 2626&#8243; font_container=&#8221;tag:h2|font_size:36px|text_align:left|color:%23575757&#8243; use_theme_fonts=&#8221;yes&#8221; el_class=&#8221;fontFamily&#8221;][\/vc_column_inner][\/vc_row_inner][\/vc_column][\/vc_row][\/vc_section]<\/p>\n<\/div>","protected":false},"excerpt":{"rendered":"<p>[vc_section full_width=&#8221;stretch_row_content&#8221; el_class=&#8221;image-banner-with-text bottom-203-banner-text&#8221; css=&#8221;.vc_custom_1665060976256{padding-top: 0px !important;padding-bottom: 0px !important;}&#8221;][vc_row tm_bgimagefixed=&#8221;&#8221; full_width=&#8221;stretch_row_content_no_spaces&#8221;][vc_column][vc_row_inner][vc_column_inner css=&#8221;.vc_custom_1659424244579{padding-left: 0px !important;}&#8221;][vc_single_image image=&#8221;11793&#8243; img_size=&#8221;full&#8221; alignment=&#8221;center&#8221; css=&#8221;.vc_custom_1736418274927{margin-bottom: 0px !important;}&#8221;][vc_column_text el_class=&#8221;white-text banner-heading banner-text-box banner-caption-btn-135px&#8221; css=&#8221;.vc_custom_1734161899848{margin-bottom: 0px !important;padding-top: 15px !important;padding-bottom: 15px !important;background-color: rgba(10,10,10,0.35) !important;*background-color: rgb(10,10,10) !important;}&#8221;] Poupan\u00e7a Emigrante Fique perto de casa [\/vc_column_text][\/vc_column_inner][\/vc_row_inner][\/vc_column][\/vc_row][\/vc_section][vc_section css=&#8221;.vc_custom_1734017532846{padding-top: 65px !important;padding-bottom: 0px !important;}&#8221; el_class=&#8221;our-purpose-text-box cardli emigrantfrstroW&#8221;][vc_row tm_bgimagefixed=&#8221;&#8221; css=&#8221;.vc_custom_1667365774121{margin-bottom: 0px !important;}&#8221;][vc_column css=&#8221;.vc_custom_1667365779824{margin-bottom: [&hellip;]<\/p>\n","protected":false},"author":1,"featured_media":0,"parent":651,"menu_order":0,"comment_status":"closed","ping_status":"closed","template":"","meta":{"_acf_changed":false,"footnotes":""},"class_list":["post-11643","page","type-page","status-publish","hentry"],"acf":[],"_links":{"self":[{"href":"https:\/\/dev.iibanks.com\/westafrica\/wp-json\/wp\/v2\/pages\/11643","targetHints":{"allow":["GET"]}}],"collection":[{"href":"https:\/\/dev.iibanks.com\/westafrica\/wp-json\/wp\/v2\/pages"}],"about":[{"href":"https:\/\/dev.iibanks.com\/westafrica\/wp-json\/wp\/v2\/types\/page"}],"author":[{"embeddable":true,"href":"https:\/\/dev.iibanks.com\/westafrica\/wp-json\/wp\/v2\/users\/1"}],"replies":[{"embeddable":true,"href":"https:\/\/dev.iibanks.com\/westafrica\/wp-json\/wp\/v2\/comments?post=11643"}],"version-history":[{"count":9,"href":"https:\/\/dev.iibanks.com\/westafrica\/wp-json\/wp\/v2\/pages\/11643\/revisions"}],"predecessor-version":[{"id":11886,"href":"https:\/\/dev.iibanks.com\/westafrica\/wp-json\/wp\/v2\/pages\/11643\/revisions\/11886"}],"up":[{"embeddable":true,"href":"https:\/\/dev.iibanks.com\/westafrica\/wp-json\/wp\/v2\/pages\/651"}],"wp:attachment":[{"href":"https:\/\/dev.iibanks.com\/westafrica\/wp-json\/wp\/v2\/media?parent=11643"}],"curies":[{"name":"wp","href":"https:\/\/api.w.org\/{rel}","templated":true}]}}