
{"id":11025,"date":"2024-09-25T06:39:59","date_gmt":"2024-09-25T06:39:59","guid":{"rendered":"https:\/\/dev.iibanks.com\/westafrica\/?page_id=11025"},"modified":"2025-01-21T12:26:31","modified_gmt":"2025-01-21T12:26:31","slug":"abra-uma-conta","status":"publish","type":"page","link":"https:\/\/dev.iibanks.com\/westafrica\/pt\/particular-2\/abra-uma-conta\/","title":{"rendered":"Abra uma conta"},"content":{"rendered":"<div class=\"wpb-content-wrapper\"><p>[vc_section full_width=&#8221;stretch_row_content&#8221; el_class=&#8221;image-banner-with-text&#8221; css=&#8221;.vc_custom_1665387811532{padding-top: 0px !important;padding-bottom: 0px !important;}&#8221;][vc_row tm_bgimagefixed=&#8221;&#8221; full_width=&#8221;stretch_row_content_no_spaces&#8221;][vc_column][vc_row_inner][vc_column_inner css=&#8221;.vc_custom_1659424244579{padding-left: 0px !important;}&#8221;][vc_single_image image=&#8221;10995&#8243; img_size=&#8221;full&#8221; alignment=&#8221;center&#8221; css=&#8221;.vc_custom_1727172269043{margin-bottom: 0px !important;}&#8221;][vc_column_text css=&#8221;.vc_custom_1727416521185{margin-bottom: 0px !important;padding-top: 15px !important;padding-bottom: 15px !important;background-color: rgba(10,10,10,0.35) !important;*background-color: rgb(10,10,10) !important;}&#8221; el_class=&#8221;white-text banner-heading banner-text-box&#8221;]O mundo na palma<br \/>\nda sua m\u00e3o[\/vc_column_text][\/vc_column_inner][\/vc_row_inner][\/vc_column][\/vc_row][\/vc_section][vc_section css=&#8221;.vc_custom_1737452274346{padding-top: 50px !important;padding-right: 15px !important;padding-bottom: 50px !important;padding-left: 15px !important;background-color: #1a2159 !important;}&#8221; el_class=&#8221;our-purpose-text-box blue_two_into_one&#8221;][vc_row tm_bgimagefixed=&#8221;&#8221;][vc_column][vc_row_inner][vc_column_inner width=&#8221;1\/4&#8243;][vc_column_text el_class=&#8221;white-text purpose-text-heading&#8221; css=&#8221;.vc_custom_1727416564905{margin-bottom: 30px !important;}&#8221;]Abrir uma conta[\/vc_column_text][\/vc_column_inner][vc_column_inner width=&#8221;3\/4&#8243;][vc_column_text el_class=&#8221;white-text&#8221; css=&#8221;.vc_custom_1727416585793{margin-bottom: 0px !important;}&#8221;]Com o iibCV, pode abrir uma conta, n\u00e3o importa onde esteja. Contas em 3 moedas diferentes: CVE, USD e EUR. Para saber mais, segue as informa\u00e7\u00f5es.[\/vc_column_text][\/vc_column_inner][\/vc_row_inner][\/vc_column][\/vc_row][\/vc_section][vc_section css=&#8221;.vc_custom_1737462382956{padding-top: 65px !important;padding-bottom: 0px !important;}&#8221; el_class=&#8221;our-purpose-text-box applyroW absltE bgnonE&#8221;][vc_row tm_bgimagefixed=&#8221;&#8221; break_in_responsive=&#8221;991&#8243; tm_zindex=&#8221;&#8221; equal_height=&#8221;yes&#8221; el_class=&#8221;font-size-24&#8243;][vc_column tm_col_bg_expand=&#8221;left&#8221; tm_zindex=&#8221;&#8221; width=&#8221;1\/2&#8243; css=&#8221;.vc_custom_1681976898736{padding-top: 0px !important;padding-right: 17.5px !important;padding-bottom: 0px !important;background-color: #eeeeee !important;}&#8221; el_id=&#8221;requirement-box-bg-right&#8221;][vc_row_inner break_in_responsive=&#8221;1200&#8243; css=&#8221;.vc_custom_1667366560047{padding-right: 17.5px !important;}&#8221; tm_responsive_css=&#8221;33209346|colbreak_no||||||0|||colbreak_no|||||||||colbreak_no||||||||||colbreak_no|||||||||&#8221;][vc_column_inner tm_zindex=&#8221;&#8221; el_class=&#8221;Who-Can-Apply-iib&#8221; css=&#8221;.vc_custom_1681976697074{padding-bottom: 0px !important;}&#8221;][vc_custom_heading text=&#8221;Quem pode candidatar-se?&#8221; font_container=&#8221;tag:h4|font_size:34px|text_align:left&#8221; use_theme_fonts=&#8221;yes&#8221; css=&#8221;.vc_custom_1681976858101{margin-bottom: 10px !important;padding-top: 0px !important;}&#8221;][vc_column_text el_class=&#8221;who-can-apply-border requirements-iib&#8221; css=&#8221;.vc_custom_1727416701401{margin-bottom: 0px !important;}&#8221;]18 anos ou mais<\/p>\n<p>Residentes ou n\u00e3o residentes em Cabo Verde[\/vc_column_text][\/vc_column_inner][\/vc_row_inner][\/vc_column][vc_column tm_col_bg_expand=&#8221;right&#8221; tm_zindex=&#8221;&#8221; width=&#8221;1\/2&#8243; el_id=&#8221;requirement-box-bg-left&#8221; css=&#8221;.vc_custom_1681976893413{padding-top: 0px !important;padding-bottom: 0px !important;background-color: #eeeeee !important;}&#8221;][vc_row_inner break_in_responsive=&#8221;1200&#8243; css=&#8221;.vc_custom_1667369534893{padding-left: 17.5px !important;}&#8221; tm_responsive_css=&#8221;33209346|colbreak_no||||||0|||colbreak_no|||||||||colbreak_no||||||||||colbreak_no|||||||||&#8221;][vc_column_inner tm_zindex=&#8221;&#8221; el_class=&#8221;Who-Can-Apply-iib Who-Can-Apply-iib-special&#8221; css=&#8221;.vc_custom_1681976928721{padding-bottom: 0px !important;padding-left: 65px !important;}&#8221;][vc_custom_heading text=&#8221;Abra uma conta com apenas alguns cliques!&#8221; font_container=&#8221;tag:h4|font_size:34px|text_align:center&#8221; use_theme_fonts=&#8221;yes&#8221; css=&#8221;.vc_custom_1681976862542{margin-bottom: 10px !important;padding-top: 0px !important;}&#8221;][vc_column_text css=&#8221;.vc_custom_1727416718728{margin-bottom: 0px !important;padding-bottom: 0px !important;}&#8221;]<\/p>\n<p style=\"text-align: center;\">\u00c9 r\u00e1pido e f\u00e1cil, e pode faz\u00ea-lo agora!<\/p>\n<p>[\/vc_column_text][\/vc_column_inner][\/vc_row_inner][vc_row_inner tm_zindex=&#8221;&#8221; css=&#8221;.vc_custom_1727173535272{margin-bottom: 0px !important;padding-bottom: 25px !important;padding-left: 65px !important;}&#8221; el_class=&#8221;inner6&#8243;][vc_column_inner tm_zindex=&#8221;&#8221; css=&#8221;.vc_custom_1681976818635{margin-bottom: 0px !important;padding-bottom: 0px !important;}&#8221;][vc_column_text el_class=&#8221;download-default-button&#8221; css=&#8221;.vc_custom_1727767583487{margin-bottom: 0px !important;padding-bottom: 0px !important;}&#8221;]<\/p>\n<ul>\n<li><a href=\"https:\/\/cobcv.iibanks.com\/pt\/account-opening-online\" target=\"_blank\" rel=\"noopener\" download=\"\">Abra uma conta<\/a><\/li>\n<\/ul>\n<p>[\/vc_column_text][\/vc_column_inner][\/vc_row_inner][\/vc_column][\/vc_row][\/vc_section][vc_section css=&#8221;.vc_custom_1681973849000{margin-top: 65px !important;padding-top: 50px !important;padding-right: 15px !important;padding-bottom: 50px !important;padding-left: 15px !important;background-color: #1a2159 !important;}&#8221; el_class=&#8221;our-purpose-text-box&#8221;][vc_row tm_bgimagefixed=&#8221;&#8221;][vc_column][vc_row_inner][vc_column_inner][vc_column_text el_class=&#8221;white-text&#8221; css=&#8221;.vc_custom_1727416747280{margin-bottom: 0px !important;}&#8221;]<\/p>\n<p style=\"text-align: center;\">Abra uma conta em qualquer uma das seguintes moedas: CVE, USD, EUR<\/p>\n<p>[\/vc_column_text][\/vc_column_inner][\/vc_row_inner][\/vc_column][\/vc_row][\/vc_section][vc_section el_class=&#8221;font-size-36 get-in-touch-form-section&#8221; css=&#8221;.vc_custom_1727180806489{margin-bottom: 65px !important;padding-top: 65px !important;}&#8221;][vc_row tm_bgimagefixed=&#8221;&#8221; css=&#8221;.vc_custom_1663321794609{padding-top: 30px !important;background-color: #efefef !important;}&#8221;][vc_column width=&#8221;1\/6&#8243;][\/vc_column][vc_column width=&#8221;2\/3&#8243;][vc_row_inner][vc_column_inner][vc_column_text]<\/p>\n<h4 style=\"text-align: center;\">Deixe-nos entrar em contacto consigo<\/h4>\n<p>[\/vc_column_text][vc_column_text]\n<div class=\"wpcf7 no-js\" id=\"wpcf7-f11059-o1\" lang=\"en-US\" dir=\"ltr\" data-wpcf7-id=\"11059\">\n<div class=\"screen-reader-response\"><p role=\"status\" aria-live=\"polite\" aria-atomic=\"true\"><\/p> <ul><\/ul><\/div>\n<form action=\"\/westafrica\/wp-json\/wp\/v2\/pages\/11025#wpcf7-f11059-o1\" method=\"post\" class=\"wpcf7-form init\" aria-label=\"Contact form\" novalidate=\"novalidate\" data-status=\"init\">\n<fieldset class=\"hidden-fields-container\"><input type=\"hidden\" name=\"_wpcf7\" value=\"11059\" \/><input type=\"hidden\" name=\"_wpcf7_version\" value=\"6.1\" \/><input type=\"hidden\" name=\"_wpcf7_locale\" value=\"en_US\" \/><input type=\"hidden\" name=\"_wpcf7_unit_tag\" value=\"wpcf7-f11059-o1\" \/><input type=\"hidden\" name=\"_wpcf7_container_post\" value=\"0\" \/><input type=\"hidden\" name=\"_wpcf7_posted_data_hash\" value=\"\" \/><input type=\"hidden\" name=\"_wpcf7_recaptcha_response\" value=\"\" \/>\n<\/fieldset>\n<div class=\"select-box-form\">\n\t<div class=\"row\">\n\t\t<div class=\"col-md-12 col-12\">\n\t\t\t<div class=\"custom-select-box\">\n\t\t\t\t<p><span class=\"wpcf7-form-control-wrap\" data-name=\"text-491\"><input size=\"40\" maxlength=\"400\" class=\"wpcf7-form-control wpcf7-text wpcf7-validates-as-required\" aria-required=\"true\" aria-invalid=\"false\" placeholder=\"Nome\" value=\"\" type=\"text\" name=\"text-491\" \/><\/span>\n\t\t\t\t<\/p>\n\t\t\t<\/div>\n\t\t<\/div>\n\t\t<div class=\"col-md-12 col-12\">\n\t\t\t<div class=\"custom-select-box\">\n\t\t\t\t<p>[intl_tel* intl_tel-701 class:numbersOnly placeholder \"N.\u00ba de telefone\"]\n\t\t\t\t<\/p>\n\t\t\t<\/div>\n\t\t<\/div>\n\t\t<div class=\"col-md-12 col-12\">\n\t\t\t<div class=\"custom-select-box\">\n\t\t\t\t<p><span class=\"wpcf7-form-control-wrap\" data-name=\"email-235\"><input size=\"40\" maxlength=\"400\" class=\"wpcf7-form-control wpcf7-email wpcf7-validates-as-required wpcf7-text wpcf7-validates-as-email\" aria-required=\"true\" aria-invalid=\"false\" placeholder=\"Email\" value=\"\" type=\"email\" name=\"email-235\" \/><\/span>\n\t\t\t\t<\/p>\n\t\t\t<\/div>\n\t\t<\/div>\n\t<\/div>\n\t<div class=\"form-submit-btn form-submit-absolute-button black-bg-btn\">\n\t\t<p><input class=\"wpcf7-form-control wpcf7-submit has-spinner\" type=\"submit\" value=\"Enviar\" \/>\n\t\t<\/p>\n\t<\/div>\n<\/div><div class=\"wpcf7-response-output\" aria-hidden=\"true\"><\/div>\n<\/form>\n<\/div>\n[\/vc_column_text][\/vc_column_inner][\/vc_row_inner][\/vc_column][vc_column width=&#8221;1\/6&#8243;][\/vc_column][\/vc_row][\/vc_section][vc_row tm_bgimagefixed=&#8221;&#8221; tm_zindex=&#8221;&#8221; css=&#8221;.vc_custom_1737452344419{padding-bottom: 65px !important;}&#8221; el_class=&#8221;kycpolicY&#8221;][vc_column][vc_column_text css=&#8221;.vc_custom_1727416818057{margin-bottom: 0px !important;}&#8221;]iib adere a pol\u00edticas r\u00edgidas de KYC. As pessoas que acedem a estas p\u00e1ginas devem informar-se sobre quaisquer restri\u00e7\u00f5es relevantes e observ\u00e1-las. O IIB reserva-se o direito de restringir o acesso aos seus produtos e servi\u00e7os que podem n\u00e3o estar dispon\u00edveis para residentes de todos os pa\u00edses\/regi\u00f5es, devido \u00e0 pol\u00edtica do IIB.[\/vc_column_text][\/vc_column][\/vc_row]<\/p>\n<\/div>","protected":false},"excerpt":{"rendered":"<p>[vc_section full_width=&#8221;stretch_row_content&#8221; el_class=&#8221;image-banner-with-text&#8221; css=&#8221;.vc_custom_1665387811532{padding-top: 0px !important;padding-bottom: 0px !important;}&#8221;][vc_row tm_bgimagefixed=&#8221;&#8221; full_width=&#8221;stretch_row_content_no_spaces&#8221;][vc_column][vc_row_inner][vc_column_inner css=&#8221;.vc_custom_1659424244579{padding-left: 0px !important;}&#8221;][vc_single_image image=&#8221;10995&#8243; img_size=&#8221;full&#8221; alignment=&#8221;center&#8221; css=&#8221;.vc_custom_1727172269043{margin-bottom: 0px !important;}&#8221;][vc_column_text css=&#8221;.vc_custom_1727416521185{margin-bottom: 0px !important;padding-top: 15px !important;padding-bottom: 15px !important;background-color: rgba(10,10,10,0.35) !important;*background-color: rgb(10,10,10) !important;}&#8221; el_class=&#8221;white-text banner-heading banner-text-box&#8221;]O mundo na palma da sua m\u00e3o[\/vc_column_text][\/vc_column_inner][\/vc_row_inner][\/vc_column][\/vc_row][\/vc_section][vc_section css=&#8221;.vc_custom_1737452274346{padding-top: 50px !important;padding-right: 15px !important;padding-bottom: 50px !important;padding-left: 15px !important;background-color: #1a2159 !important;}&#8221; el_class=&#8221;our-purpose-text-box blue_two_into_one&#8221;][vc_row tm_bgimagefixed=&#8221;&#8221;][vc_column][vc_row_inner][vc_column_inner width=&#8221;1\/4&#8243;][vc_column_text el_class=&#8221;white-text [&hellip;]<\/p>\n","protected":false},"author":1,"featured_media":0,"parent":1437,"menu_order":0,"comment_status":"closed","ping_status":"closed","template":"","meta":{"_acf_changed":false,"footnotes":""},"class_list":["post-11025","page","type-page","status-publish","hentry"],"acf":[],"_links":{"self":[{"href":"https:\/\/dev.iibanks.com\/westafrica\/wp-json\/wp\/v2\/pages\/11025","targetHints":{"allow":["GET"]}}],"collection":[{"href":"https:\/\/dev.iibanks.com\/westafrica\/wp-json\/wp\/v2\/pages"}],"about":[{"href":"https:\/\/dev.iibanks.com\/westafrica\/wp-json\/wp\/v2\/types\/page"}],"author":[{"embeddable":true,"href":"https:\/\/dev.iibanks.com\/westafrica\/wp-json\/wp\/v2\/users\/1"}],"replies":[{"embeddable":true,"href":"https:\/\/dev.iibanks.com\/westafrica\/wp-json\/wp\/v2\/comments?post=11025"}],"version-history":[{"count":13,"href":"https:\/\/dev.iibanks.com\/westafrica\/wp-json\/wp\/v2\/pages\/11025\/revisions"}],"predecessor-version":[{"id":11859,"href":"https:\/\/dev.iibanks.com\/westafrica\/wp-json\/wp\/v2\/pages\/11025\/revisions\/11859"}],"up":[{"embeddable":true,"href":"https:\/\/dev.iibanks.com\/westafrica\/wp-json\/wp\/v2\/pages\/1437"}],"wp:attachment":[{"href":"https:\/\/dev.iibanks.com\/westafrica\/wp-json\/wp\/v2\/media?parent=11025"}],"curies":[{"name":"wp","href":"https:\/\/api.w.org\/{rel}","templated":true}]}}