
{"id":1073,"date":"2023-04-03T09:13:15","date_gmt":"2023-04-03T09:13:15","guid":{"rendered":"https:\/\/dev.iibanks.com\/westafrica\/?page_id=1073"},"modified":"2025-01-21T07:56:16","modified_gmt":"2025-01-21T07:56:16","slug":"contacte-nos","status":"publish","type":"page","link":"https:\/\/dev.iibanks.com\/westafrica\/pt\/contacte-nos\/","title":{"rendered":"Contacto"},"content":{"rendered":"<div class=\"wpb-content-wrapper\"><p>[vc_section full_width=&#8221;stretch_row_content&#8221; el_class=&#8221;image-banner-with-text&#8221; css=&#8221;.vc_custom_1661774187895{padding-top: 0px !important;padding-bottom: 0px !important;}&#8221;][vc_row tm_bgimagefixed=&#8221;&#8221; full_width=&#8221;stretch_row_content_no_spaces&#8221;][vc_column][vc_row_inner][vc_column_inner css=&#8221;.vc_custom_1659424244579{padding-left: 0px !important;}&#8221;][vc_single_image image=&#8221;370&#8243; img_size=&#8221;full&#8221; alignment=&#8221;center&#8221; css=&#8221;.vc_custom_1678963964432{margin-bottom: 0px !important;}&#8221;][vc_column_text css=&#8221;.vc_custom_1680513228780{margin-bottom: 0px !important;padding-top: 15px !important;padding-bottom: 15px !important;background-color: rgba(10,10,10,0.35) !important;*background-color: rgb(10,10,10) !important;}&#8221; el_class=&#8221;white-text banner-heading banner-text-box&#8221;]Contacte-nos[\/vc_column_text][\/vc_column_inner][\/vc_row_inner][\/vc_column][\/vc_row][\/vc_section][vc_section el_class=&#8221;branch-contact-list-box bank-contact-list custom-container-1299-width emailroW&#8221; css=&#8221;.vc_custom_1680695810617{margin-bottom: 65px !important;padding-top: 65px !important;}&#8221;][vc_row][vc_column][vc_row_inner][vc_column_inner]<div id=\"ultimate-heading-694069e05d1833ae3\" class=\"uvc-heading ult-adjust-bottom-margin ultimate-heading-694069e05d1833ae3 uvc-8742 \" data-hspacer=\"no_spacer\"  data-halign=\"center\" style=\"text-align:center\"><div class=\"uvc-heading-spacer no_spacer\" style=\"top\"><\/div><div class=\"uvc-main-heading ult-responsive\"  data-ultimate-target='.uvc-heading.ultimate-heading-694069e05d1833ae3 h2'  data-responsive-json-new='{\"font-size\":\"desktop:40px;\",\"line-height\":\"desktop:45px;\"}' ><h2 style=\"font-weight:normal;color:#1a2159;\">ContactCenter.cv@iibanks.com<\/h2><\/div><\/div><div id=\"ultimate-heading-83869e05d1833b10\" class=\"uvc-heading ult-adjust-bottom-margin ultimate-heading-83869e05d1833b10 uvc-9856 \" data-hspacer=\"no_spacer\"  data-halign=\"center\" style=\"text-align:center\"><div class=\"uvc-heading-spacer no_spacer\" style=\"top\"><\/div><div class=\"uvc-main-heading ult-responsive\"  data-ultimate-target='.uvc-heading.ultimate-heading-83869e05d1833b10 h2'  data-responsive-json-new='{\"font-size\":\"desktop:40px;\",\"line-height\":\"desktop:45px;\"}' ><h2 style=\"font-weight:normal;color:#1a2159;\">qualidade@iibanks.com<\/h2><\/div><\/div><div id=\"ultimate-heading-670969e05d1833b28\" class=\"uvc-heading ult-adjust-bottom-margin ultimate-heading-670969e05d1833b28 uvc-211 \" data-hspacer=\"no_spacer\"  data-halign=\"center\" style=\"text-align:center\"><div class=\"uvc-heading-spacer no_spacer\" style=\"top\"><\/div><div class=\"uvc-main-heading ult-responsive\"  data-ultimate-target='.uvc-heading.ultimate-heading-670969e05d1833b28 h2'  data-responsive-json-new='{\"font-size\":\"desktop:40px;\",\"line-height\":\"desktop:45px;\"}' ><h2 style=\"font-weight:normal;color:#1a2159;\">infocv@iibanks.com<\/h2><\/div><\/div><div id=\"ultimate-heading-539269e05d1833b40\" class=\"uvc-heading ult-adjust-bottom-margin ultimate-heading-539269e05d1833b40 uvc-6722 \" data-hspacer=\"no_spacer\"  data-halign=\"center\" style=\"text-align:center\"><div class=\"uvc-heading-spacer no_spacer\" style=\"top\"><\/div><div class=\"uvc-main-heading ult-responsive\"  data-ultimate-target='.uvc-heading.ultimate-heading-539269e05d1833b40 h2'  data-responsive-json-new='{\"font-size\":\"desktop:40px;\",\"line-height\":\"desktop:45px;\"}' ><h2 style=\"font-weight:normal;color:#1a2159;margin-top:20px;\">+238 260 26 26 \/ +238 260 26 00<\/h2><\/div><\/div><div id=\"ultimate-heading-521769e05d1833b57\" class=\"uvc-heading ult-adjust-bottom-margin ultimate-heading-521769e05d1833b57 uvc-6464 \" data-hspacer=\"no_spacer\"  data-halign=\"center\" style=\"text-align:center\"><div class=\"uvc-heading-spacer no_spacer\" style=\"top\"><\/div><div class=\"uvc-sub-heading ult-responsive\"  data-ultimate-target='.uvc-heading.ultimate-heading-521769e05d1833b57 .uvc-sub-heading '  data-responsive-json-new='{\"font-size\":\"desktop:15px;\",\"line-height\":\"desktop:25px;\"}'  style=\"font-weight:normal;margin-top:20px;\">Reclama\u00e7\u00e3o pode ser efetuada via carta endere\u00e7ada aos nossos Balc\u00f5es (Av. Cidade de Lisboa, C.P. 35, Praia &#8211; Santiago &#8211; Cabo Verde) ou nos livros de reclama\u00e7\u00f5es dispon\u00edveis nas ag\u00eancias<\/div><\/div>[\/vc_column_inner][\/vc_row_inner][\/vc_column][\/vc_row][\/vc_section][vc_section el_class=&#8221;font-size-36 get-in-touch-form-section&#8221; css=&#8221;.vc_custom_1665129362256{margin-bottom: 65px !important;padding-top: 0px !important;}&#8221;][vc_row tm_bgimagefixed=&#8221;&#8221; css=&#8221;.vc_custom_1663321794609{padding-top: 30px !important;background-color: #efefef !important;}&#8221;][vc_column width=&#8221;1\/6&#8243;][\/vc_column][vc_column width=&#8221;2\/3&#8243;][vc_row_inner][vc_column_inner][vc_column_text]<\/p>\n<h4 style=\"text-align: center;\">Deixe-nos contactar consigo<\/h4>\n<p>[\/vc_column_text][vc_column_text]\n<div class=\"wpcf7 no-js\" id=\"wpcf7-f1090-o1\" lang=\"en-US\" dir=\"ltr\" data-wpcf7-id=\"1090\">\n<div class=\"screen-reader-response\"><p role=\"status\" aria-live=\"polite\" aria-atomic=\"true\"><\/p> <ul><\/ul><\/div>\n<form action=\"\/westafrica\/wp-json\/wp\/v2\/pages\/1073#wpcf7-f1090-o1\" method=\"post\" class=\"wpcf7-form init\" aria-label=\"Contact form\" novalidate=\"novalidate\" data-status=\"init\">\n<fieldset class=\"hidden-fields-container\"><input type=\"hidden\" name=\"_wpcf7\" value=\"1090\" \/><input type=\"hidden\" name=\"_wpcf7_version\" value=\"6.1\" \/><input type=\"hidden\" name=\"_wpcf7_locale\" value=\"en_US\" \/><input type=\"hidden\" name=\"_wpcf7_unit_tag\" value=\"wpcf7-f1090-o1\" \/><input type=\"hidden\" name=\"_wpcf7_container_post\" value=\"0\" \/><input type=\"hidden\" name=\"_wpcf7_posted_data_hash\" value=\"\" \/><input type=\"hidden\" name=\"_wpcf7_recaptcha_response\" value=\"\" \/>\n<\/fieldset>\n<div class=\"select-box-form\">\n\t<div class=\"row\">\n\t\t<div class=\"col-md-12 col-12\">\n\t\t\t<div class=\"custom-select-box\">\n\t\t\t\t<p><span class=\"wpcf7-form-control-wrap\" data-name=\"text-491\"><input size=\"40\" maxlength=\"400\" class=\"wpcf7-form-control wpcf7-text wpcf7-validates-as-required\" aria-required=\"true\" aria-invalid=\"false\" placeholder=\"Nome\" value=\"\" type=\"text\" name=\"text-491\" \/><\/span>\n\t\t\t\t<\/p>\n\t\t\t<\/div>\n\t\t<\/div>\n\t\t<div class=\"col-md-12 col-12\">\n\t\t\t<div class=\"custom-select-box\">\n\t\t\t\t<p>[intl_tel* intl_tel-701 class:numbersOnly placeholder \"N.\u00ba de telefone\"]\n\t\t\t\t<\/p>\n\t\t\t<\/div>\n\t\t<\/div>\n\t\t<div class=\"col-md-12 col-12\">\n\t\t\t<div class=\"custom-select-box\">\n\t\t\t\t<p><span class=\"wpcf7-form-control-wrap\" data-name=\"email-235\"><input size=\"40\" maxlength=\"400\" class=\"wpcf7-form-control wpcf7-email wpcf7-validates-as-required wpcf7-text wpcf7-validates-as-email\" aria-required=\"true\" aria-invalid=\"false\" placeholder=\"Email\" value=\"\" type=\"email\" name=\"email-235\" \/><\/span>\n\t\t\t\t<\/p>\n\t\t\t<\/div>\n\t\t<\/div>\n\t\t<div class=\"col-md-12 col-12\">\n\t\t\t<div class=\"custom-select-box\">\n\t\t\t\t<p><span class=\"wpcf7-form-control-wrap\" data-name=\"select-box-get-in-touch\"><select class=\"wpcf7-form-control wpcf7-select\" aria-invalid=\"false\" name=\"select-box-get-in-touch\"><option value=\"Motivo\">Motivo<\/option><option value=\"Abertura de Conta\">Abertura de Conta<\/option><option value=\"Cart\u00e3o D\u00e9bito\/Cr\u00e9dito,Roubado\/Perdido\">Cart\u00e3o D\u00e9bito\/Cr\u00e9dito,Roubado\/Perdido<\/option><option value=\"Outros\">Outros<\/option><\/select><\/span>\n\t\t\t\t<\/p>\n\t\t\t<\/div>\n\t\t<\/div>\n\t\t<p>[group other-selected class:conditional-textarea]\n\t\t<\/p>\n\t\t<div class=\"col-md-12 col-12\">\n\t\t\t<div class=\"custom-select-box\">\n\t\t\t\t<p><span class=\"wpcf7-form-control-wrap\" data-name=\"other-reason-text\"><input size=\"40\" maxlength=\"400\" class=\"wpcf7-form-control wpcf7-text wpcf7-validates-as-required\" aria-required=\"true\" aria-invalid=\"false\" placeholder=\"Type your reason\" value=\"\" type=\"text\" name=\"other-reason-text\" \/><\/span>\n\t\t\t\t<\/p>\n\t\t\t<\/div>\n\t\t<\/div>\n\t\t<p>[\/group]\n\t\t<\/p>\n\t<\/div>\n\t<div class=\"form-submit-btn form-submit-absolute-button black-bg-btn\">\n\t\t<p><input class=\"wpcf7-form-control wpcf7-submit has-spinner\" type=\"submit\" value=\"Submit\" \/>\n\t\t<\/p>\n\t<\/div>\n<\/div><div class=\"wpcf7-response-output\" aria-hidden=\"true\"><\/div>\n<\/form>\n<\/div>\n[\/vc_column_text][\/vc_column_inner][\/vc_row_inner][\/vc_column][vc_column width=&#8221;1\/6&#8243;][\/vc_column][\/vc_row][\/vc_section][vc_section el_class=&#8221;font-size-36 get-in-touch-form-section&#8221; css=&#8221;.vc_custom_1734004330615{margin-bottom: 65px !important;padding-top: 0px !important;}&#8221; el_id=&#8221;locator&#8221;][vc_row][vc_column][vc_row_inner][vc_column_inner][vc_custom_heading text=&#8221;International Investment Bank S.A.&#8221; font_container=&#8221;tag:h2|font_size:36px|text_align:center|color:%231a2159|line_height:1&#8243; use_theme_fonts=&#8221;yes&#8221; css=&#8221;.vc_custom_1680514996524{margin-bottom: 10px !important;}&#8221; el_class=&#8221;fontMedium&#8221;][vc_custom_heading text=&#8221;Registered Office at Avenida Cidade de Lisboa, CP 35,<br \/>\nPraia, Santiago, Cabo Verde&#8221; font_container=&#8221;tag:h2|font_size:20px|text_align:center|line_height:1.5&#8243; use_theme_fonts=&#8221;yes&#8221; css=&#8221;.vc_custom_1680515052892{margin-bottom: 10px !important;}&#8221;][\/vc_column_inner][\/vc_row_inner][\/vc_column][\/vc_row][\/vc_section][vc_section full_width=&#8221;stretch_row&#8221; el_class=&#8221;button-style-box absolute-read-more contact-us-media-box custom-container-1299-width boX2&#8243;][vc_row tm_bgimagefixed=&#8221;&#8221; break_in_responsive=&#8221;1200&#8243; full_width=&#8221;stretch_row&#8221; full_height=&#8221;yes&#8221;][vc_column width=&#8221;1\/2&#8243;][vc_row_inner css=&#8221;.vc_custom_1665405898975{padding-right: 17.5px !important;padding-left: 17.5px !important;}&#8221; tm_responsive_css=&#8221;99269579|colbreak_no||||||0||0|colbreak_no|||||||||colbreak_no||||||||||colbreak_no|||||||||&#8221;][vc_column_inner][vc_single_image image=&#8221;1631&#8243; img_size=&#8221;full&#8221; alignment=&#8221;center&#8221; css=&#8221;.vc_custom_1683563811278{margin-bottom: 0px !important;}&#8221;][vc_column_text el_class=&#8221;custom-white-text-box&#8221; css=&#8221;.vc_custom_1680513350241{background-color: #e6e6e6 !important;}&#8221;]<\/p>\n<h4 class=\"tm-custom-heading \">Carreiras no iib<\/h4>\n<p>Interessado em candidatar-se a um emprego no iib?<\/p>\n<p>Entre em contacto com as nossas equipas de RH atrav\u00e9s do e-mail abaixo indicado:<\/p>\n<div class=\"absolute-btn\"><a title=\"\" href=\"mailto:marketingcv@iibanks.com\">marketingcv@iibanks.com<\/a><\/div>\n<p>[\/vc_column_text][\/vc_column_inner][\/vc_row_inner][\/vc_column][vc_column width=&#8221;1\/2&#8243;][vc_row_inner css=&#8221;.vc_custom_1665405906607{padding-right: 17.5px !important;padding-left: 17.5px !important;}&#8221; tm_responsive_css=&#8221;62228480|colbreak_no||||||0||0|colbreak_no|||||||||colbreak_no||||||||||colbreak_no|||||||||&#8221;][vc_column_inner][vc_single_image image=&#8221;371&#8243; img_size=&#8221;full&#8221; alignment=&#8221;center&#8221; css=&#8221;.vc_custom_1678963982843{margin-bottom: 0px !important;}&#8221;][vc_column_text el_class=&#8221;custom-white-text-box&#8221; css=&#8221;.vc_custom_1680513373992{background-color: #e6e6e6 !important;}&#8221;]<\/p>\n<h4>Contactos para a Comunica\u00e7\u00e3o Social<\/h4>\n<p>Os membros da comunica\u00e7\u00e3o social que desejem entrar em<\/p>\n<p>contacto, poder\u00e1 faze-lo atrav\u00e9s do e-mail abaixo:<\/p>\n<div class=\"absolute-btn\"><a title=\"\" href=\"mailto:infocv@iibanks.com\">infocv@iibanks.com<\/a><\/div>\n<p>[\/vc_column_text][\/vc_column_inner][\/vc_row_inner][\/vc_column][\/vc_row][\/vc_section]<\/p>\n<\/div>","protected":false},"excerpt":{"rendered":"<p>[vc_section full_width=&#8221;stretch_row_content&#8221; el_class=&#8221;image-banner-with-text&#8221; css=&#8221;.vc_custom_1661774187895{padding-top: 0px !important;padding-bottom: 0px !important;}&#8221;][vc_row tm_bgimagefixed=&#8221;&#8221; full_width=&#8221;stretch_row_content_no_spaces&#8221;][vc_column][vc_row_inner][vc_column_inner css=&#8221;.vc_custom_1659424244579{padding-left: 0px !important;}&#8221;][vc_single_image image=&#8221;370&#8243; img_size=&#8221;full&#8221; alignment=&#8221;center&#8221; css=&#8221;.vc_custom_1678963964432{margin-bottom: 0px !important;}&#8221;][vc_column_text css=&#8221;.vc_custom_1680513228780{margin-bottom: 0px !important;padding-top: 15px !important;padding-bottom: 15px !important;background-color: rgba(10,10,10,0.35) !important;*background-color: rgb(10,10,10) !important;}&#8221; el_class=&#8221;white-text banner-heading banner-text-box&#8221;]Contacte-nos[\/vc_column_text][\/vc_column_inner][\/vc_row_inner][\/vc_column][\/vc_row][\/vc_section][vc_section el_class=&#8221;branch-contact-list-box bank-contact-list custom-container-1299-width emailroW&#8221; css=&#8221;.vc_custom_1680695810617{margin-bottom: 65px !important;padding-top: 65px !important;}&#8221;][vc_row][vc_column][vc_row_inner][vc_column_inner][\/vc_column_inner][\/vc_row_inner][\/vc_column][\/vc_row][\/vc_section][vc_section el_class=&#8221;font-size-36 get-in-touch-form-section&#8221; css=&#8221;.vc_custom_1665129362256{margin-bottom: 65px !important;padding-top: 0px !important;}&#8221;][vc_row tm_bgimagefixed=&#8221;&#8221; css=&#8221;.vc_custom_1663321794609{padding-top: 30px !important;background-color: #efefef !important;}&#8221;][vc_column [&hellip;]<\/p>\n","protected":false},"author":1,"featured_media":0,"parent":0,"menu_order":0,"comment_status":"closed","ping_status":"closed","template":"","meta":{"_acf_changed":false,"footnotes":""},"class_list":["post-1073","page","type-page","status-publish","hentry"],"acf":[],"_links":{"self":[{"href":"https:\/\/dev.iibanks.com\/westafrica\/wp-json\/wp\/v2\/pages\/1073","targetHints":{"allow":["GET"]}}],"collection":[{"href":"https:\/\/dev.iibanks.com\/westafrica\/wp-json\/wp\/v2\/pages"}],"about":[{"href":"https:\/\/dev.iibanks.com\/westafrica\/wp-json\/wp\/v2\/types\/page"}],"author":[{"embeddable":true,"href":"https:\/\/dev.iibanks.com\/westafrica\/wp-json\/wp\/v2\/users\/1"}],"replies":[{"embeddable":true,"href":"https:\/\/dev.iibanks.com\/westafrica\/wp-json\/wp\/v2\/comments?post=1073"}],"version-history":[{"count":5,"href":"https:\/\/dev.iibanks.com\/westafrica\/wp-json\/wp\/v2\/pages\/1073\/revisions"}],"predecessor-version":[{"id":1719,"href":"https:\/\/dev.iibanks.com\/westafrica\/wp-json\/wp\/v2\/pages\/1073\/revisions\/1719"}],"wp:attachment":[{"href":"https:\/\/dev.iibanks.com\/westafrica\/wp-json\/wp\/v2\/media?parent=1073"}],"curies":[{"name":"wp","href":"https:\/\/api.w.org\/{rel}","templated":true}]}}